{"id":7153,"date":"2026-01-07T16:14:17","date_gmt":"2026-01-07T16:14:17","guid":{"rendered":"https:\/\/elektronica-aanhangers-houten.nl\/?post_type=product&#038;p=7153"},"modified":"2026-02-22T04:11:42","modified_gmt":"2026-02-22T04:11:42","slug":"scie-a-onglet-radiale-dewalt-250mm-xr-flexvolt-54v-3ah","status":"publish","type":"product","link":"https:\/\/cabashippinginternational.com\/en\/produit\/scie-a-onglet-radiale-dewalt-250mm-xr-flexvolt-54v-3ah\/","title":{"rendered":"Sierra de inglete radial DEWALT 250mm XR FLEXVOLT 54V 3Ah"},"content":{"rendered":"<div class=\"elementor-element elementor-element-1caffc0 elementor-widget elementor-widget-wd_title\" data-id=\"1caffc0\" data-element_type=\"widget\" data-widget_type=\"wd_title.default\">\n<div class=\"elementor-widget-container\">\n<div class=\"title-wrapper set-mb-s reset-last-child wd-title-color-default wd-title-style-default wd-title-size-default text-left\">\n<div class=\"liner-continer\">\n<h4 class=\"woodmart-title-container title wd-fontsize-l\">Descripci\u00f3n<\/h4>\n<\/div>\n<\/div>\n<\/div>\n<\/div>\n<div class=\"elementor-element elementor-element-e24b901 wd-single-content elementor-widget elementor-widget-wd_single_product_content\" data-id=\"e24b901\" data-element_type=\"widget\" data-widget_type=\"wd_single_product_content.default\">\n<div class=\"elementor-widget-container\">\n<div class=\"block-content\">\n<div class=\"product-description typo\">\n<p>Con la libertad de lo inal\u00e1mbrico, puedes realizar todos tus trabajos de sierra de madera en cualquier lugar con la <strong>sierra de inglete radial inal\u00e1mbrica DCS 727<\/strong>, incluso en las tareas m\u00e1s intensivas<strong>,<\/strong> gracias a la <strong>tecnolog\u00eda XR Flexvolt de alto rendimiento<\/strong> de <strong>Dewalt<\/strong>.<\/p>\n<p>XR FLEXVOLT es una gama de herramientas de 54V con <strong>alto tiempo de actividad<\/strong> y <strong>alto rendimiento<\/strong>. Las <strong>bater\u00edas<\/strong> incluidas son <strong>tambi\u00e9n compatibles con todas las herramientas inal\u00e1mbricas XR de 18V<\/strong>.<\/p>\n<p>La mesa de sierra y el tope trasero est\u00e1n dise\u00f1ados y mecanizados para cumplir con los m\u00e1s altos est\u00e1ndares de precisi\u00f3n y ofrecen una exactitud de 0,1<\/p>","protected":false},"excerpt":{"rendered":"<div class=\"product-description typo\">\n<p>Con el innovador tope de ranura se puede ajustar la profundidad de corte <strong>para aplicaciones de ranura y de espiga<\/strong>.<\/p>\n<p>Gran tope trasero deslizante para un buen soporte de piezas de trabajo con un gran di\u00e1metro.<\/p>\n<p>Rieles horizontales con rodamientos de 32 mm garantizan <strong>m\u00e1xima precisi\u00f3n<\/strong> al cortar materiales de hasta 305 mm de ancho.<\/p>\n<\/div>\n<p><strong>3 a\u00f1os de garant\u00eda<\/strong><\/p>","protected":false},"featured_media":7207,"comment_status":"open","ping_status":"closed","template":"","meta":[],"product_brand":[],"product_cat":[142],"product_tag":[],"class_list":{"0":"post-7153","1":"product","2":"type-product","3":"status-publish","4":"has-post-thumbnail","6":"product_cat-scie","8":"first","9":"instock","10":"taxable","11":"shipping-taxable","12":"purchasable","13":"product-type-simple"},"_links":{"self":[{"href":"https:\/\/cabashippinginternational.com\/en\/wp-json\/wp\/v2\/product\/7153","targetHints":{"allow":["GET"]}}],"collection":[{"href":"https:\/\/cabashippinginternational.com\/en\/wp-json\/wp\/v2\/product"}],"about":[{"href":"https:\/\/cabashippinginternational.com\/en\/wp-json\/wp\/v2\/types\/product"}],"replies":[{"embeddable":true,"href":"https:\/\/cabashippinginternational.com\/en\/wp-json\/wp\/v2\/comments?post=7153"}],"wp:featuredmedia":[{"embeddable":true,"href":"https:\/\/cabashippinginternational.com\/en\/wp-json\/wp\/v2\/media\/7207"}],"wp:attachment":[{"href":"https:\/\/cabashippinginternational.com\/en\/wp-json\/wp\/v2\/media?parent=7153"}],"wp:term":[{"taxonomy":"product_brand","embeddable":true,"href":"https:\/\/cabashippinginternational.com\/en\/wp-json\/wp\/v2\/product_brand?post=7153"},{"taxonomy":"product_cat","embeddable":true,"href":"https:\/\/cabashippinginternational.com\/en\/wp-json\/wp\/v2\/product_cat?post=7153"},{"taxonomy":"product_tag","embeddable":true,"href":"https:\/\/cabashippinginternational.com\/en\/wp-json\/wp\/v2\/product_tag?post=7153"}],"curies":[{"name":"wp","href":"https:\/\/api.w.org\/{rel}","templated":true}]}}