{"id":7152,"date":"2026-01-07T16:14:16","date_gmt":"2026-01-07T16:14:16","guid":{"rendered":"https:\/\/elektronica-aanhangers-houten.nl\/?post_type=product&#038;p=7152"},"modified":"2026-02-22T04:11:52","modified_gmt":"2026-02-22T04:11:52","slug":"scie-a-onglet-radiale-dewalt-250mm-1675w","status":"publish","type":"product","link":"https:\/\/cabashippinginternational.com\/en\/produit\/scie-a-onglet-radiale-dewalt-250mm-1675w\/","title":{"rendered":"Sierra ingletadora radial DEWALT 250mm 1675W"},"content":{"rendered":"<div class=\"elementor-element elementor-element-1caffc0 elementor-widget elementor-widget-wd_title\" data-id=\"1caffc0\" data-element_type=\"widget\" data-widget_type=\"wd_title.default\">\n<div class=\"elementor-widget-container\">\n<div class=\"title-wrapper set-mb-s reset-last-child wd-title-color-default wd-title-style-default wd-title-size-default text-left\">\n<div class=\"liner-continer\">\n<h4 class=\"woodmart-title-container title wd-fontsize-l\">Descripci\u00f3n<\/h4>\n<\/div>\n<\/div>\n<\/div>\n<\/div>\n<div class=\"elementor-element elementor-element-e24b901 wd-single-content elementor-widget elementor-widget-wd_single_product_content\" data-id=\"e24b901\" data-element_type=\"widget\" data-widget_type=\"wd_single_product_content.default\">\n<div class=\"elementor-widget-container\">\n<div class=\"block-content\">\n<div class=\"product-description typo\">\n<p>Realiza cortes de sierra limpios y precisos en madera y muchos materiales no ferrosos con la <strong>sierra de inglete radial DWS 727<\/strong> de <strong>Dewalt<\/strong>. Sin embargo, no es adecuada para cortar metales ferrosos, fibrocemento o materiales utilizados en mamposter\u00eda.<\/p>\n<p>La mesa de sierra y el tope trasero est\u00e1n dise\u00f1ados y mecanizados para alcanzar los m\u00e1s altos est\u00e1ndares de precisi\u00f3n y ofrecen una precisi\u00f3n de hasta 0,1\u00b0.<\/p>\n<p><strong>Dise\u00f1o compacto<\/strong> para un f\u00e1cil transporte.<\/p>\n<p>Con el innovador tope de ranura, la profundidad de corte se puede ajustar para <strong>aplicaciones de ranurado y machihembrado<\/strong>.<\/p>\n<p>Gran tope trasero deslizante para un buen<\/p>","protected":false},"excerpt":{"rendered":"<div class=\"product-description typo\">\n<p>el extractor de polvo en la sierra ingletadora. El AirLock DWV 9000 es un acoplamiento bloqueable que te permite cambiar de una herramienta a otra sin quitar el acoplamiento de la manguera.<\/p>\n<p>Esta sierra est\u00e1 equipada con el <strong>sistema XPS<\/strong>, exclusivo de Dewalt. El sistema XPS proporciona tanto <strong>proyecci\u00f3n de la l\u00ednea de corte sobre el material<\/strong> como <strong>iluminaci\u00f3n del \u00e1rea de trabajo<\/strong>. Este sistema es muy fiable y mejora la precisi\u00f3n de tu trabajo.<\/p>\n<p>Para mejores resultados y para soportar piezas largas, puedes utilizar los soportes DE7023-XJ y DE7033-XJ para aumentar el ancho de la mesa de la sierra.<\/p>\n<\/div>\n<p><strong>3 a\u00f1os de garant\u00eda<\/strong><\/p>","protected":false},"featured_media":7202,"comment_status":"open","ping_status":"closed","template":"","meta":[],"product_brand":[],"product_cat":[142],"product_tag":[],"class_list":{"0":"post-7152","1":"product","2":"type-product","3":"status-publish","4":"has-post-thumbnail","6":"product_cat-scie","8":"first","9":"instock","10":"taxable","11":"shipping-taxable","12":"purchasable","13":"product-type-simple"},"_links":{"self":[{"href":"https:\/\/cabashippinginternational.com\/en\/wp-json\/wp\/v2\/product\/7152","targetHints":{"allow":["GET"]}}],"collection":[{"href":"https:\/\/cabashippinginternational.com\/en\/wp-json\/wp\/v2\/product"}],"about":[{"href":"https:\/\/cabashippinginternational.com\/en\/wp-json\/wp\/v2\/types\/product"}],"replies":[{"embeddable":true,"href":"https:\/\/cabashippinginternational.com\/en\/wp-json\/wp\/v2\/comments?post=7152"}],"wp:featuredmedia":[{"embeddable":true,"href":"https:\/\/cabashippinginternational.com\/en\/wp-json\/wp\/v2\/media\/7202"}],"wp:attachment":[{"href":"https:\/\/cabashippinginternational.com\/en\/wp-json\/wp\/v2\/media?parent=7152"}],"wp:term":[{"taxonomy":"product_brand","embeddable":true,"href":"https:\/\/cabashippinginternational.com\/en\/wp-json\/wp\/v2\/product_brand?post=7152"},{"taxonomy":"product_cat","embeddable":true,"href":"https:\/\/cabashippinginternational.com\/en\/wp-json\/wp\/v2\/product_cat?post=7152"},{"taxonomy":"product_tag","embeddable":true,"href":"https:\/\/cabashippinginternational.com\/en\/wp-json\/wp\/v2\/product_tag?post=7152"}],"curies":[{"name":"wp","href":"https:\/\/api.w.org\/{rel}","templated":true}]}}