{"id":7151,"date":"2026-01-07T16:14:16","date_gmt":"2026-01-07T16:14:16","guid":{"rendered":"https:\/\/elektronica-aanhangers-houten.nl\/?post_type=product&#038;p=7151"},"modified":"2026-02-22T04:12:04","modified_gmt":"2026-02-22T04:12:04","slug":"pompe-immergee-de-forage-einhell-gc-dw-1000","status":"publish","type":"product","link":"https:\/\/cabashippinginternational.com\/en\/produit\/pompe-immergee-de-forage-einhell-gc-dw-1000\/","title":{"rendered":"Bomba de inmersi\u00f3n de pozo de perforaci\u00f3n Einhell GC-DW 1000"},"content":{"rendered":"<div class=\"elementor-element elementor-element-1caffc0 elementor-widget elementor-widget-wd_title\" data-id=\"1caffc0\" data-element_type=\"widget\" data-widget_type=\"wd_title.default\">\n<div class=\"elementor-widget-container\">\n<div class=\"title-wrapper set-mb-s reset-last-child wd-title-color-default wd-title-style-default wd-title-size-default text-left\">\n<div class=\"liner-continer\">\n<h4 class=\"woodmart-title-container title wd-fontsize-l\">Descripci\u00f3n<\/h4>\n<\/div>\n<\/div>\n<\/div>\n<\/div>\n<div class=\"elementor-element elementor-element-e24b901 wd-single-content elementor-widget elementor-widget-wd_single_product_content\" data-id=\"e24b901\" data-element_type=\"widget\" data-widget_type=\"wd_single_product_content.default\">\n<div class=\"elementor-widget-container\">\n<p><strong>La bomba el\u00e9ctrica Einhell GC-DW 1000 N<\/strong> es una <strong>bomba sumergible profunda<\/strong> para succionar <strong>agua clara<\/strong>, incluso de <strong>pozos profundos<\/strong>. Es una bomba muy robusta y resistente gracias a su <strong>carcasa de ACERO INOXIDABLE resistente a la corrosi\u00f3n<\/strong> y es <strong>ideal para transportar agua limpia desde pozos profundos hasta la superficie.<\/strong><\/p>\n<p>Desaloja una gran cantidad de agua limpia (6.500 litros por hora) con una altura de elevaci\u00f3n de 45 m.<\/strong>.<\/p>\n<p>Su estructura la hace <strong>particularmente adecuada para tanques, reservorios y <span id=\"umb438071\" class=\"hovertag\">pozos<\/span><\/strong>. En este sentido, <strong>puede ser colocada en un<\/p>","protected":false},"excerpt":{"rendered":"<p><superfuerte construcci\u00f3n. materiales de alta calidad y componentes acero inoxidable resistentes a la corrosi\u00f3n garantizan una m\u00e1xima vida \u00fatil bomba. carcasa bomba est\u00e1 hecha resistente <strong>acero inoxidable<\/strong> y la conexi\u00f3n de presi\u00f3n est\u00e1 equipada con un inserto que tambi\u00e9n es de acero. Por \u00faltimo, el filtro para retener impurezas tambi\u00e9n est\u00e1 hecho de acero inoxidable.<\/p>\n<p>Equipado con <strong>dos ojos de soporte<\/strong> para la fijaci\u00f3n de la cuerda.<\/p>\n<p>M\u00e1quina con tecnolog\u00eda innovadora con un rendimiento excelente y eficiencia energ\u00e9tica.<\/p>\n<p>Equipado con un acoplamiento r\u00e1pido universal para conectar mangueras de agua: 42 mm 1-1\/4\u2033 IG.<\/p>\n<p>Incluye un <span id=\"umb438082\" class=\"hovertag\">cable de recuperaci\u00f3n de 22 m<\/span>.<\/p>","protected":false},"featured_media":7201,"comment_status":"open","ping_status":"closed","template":"","meta":[],"product_brand":[],"product_cat":[141],"product_tag":[],"class_list":{"0":"post-7151","1":"product","2":"type-product","3":"status-publish","4":"has-post-thumbnail","6":"product_cat-irrigation","8":"first","9":"instock","10":"taxable","11":"shipping-taxable","12":"purchasable","13":"product-type-simple"},"_links":{"self":[{"href":"https:\/\/cabashippinginternational.com\/en\/wp-json\/wp\/v2\/product\/7151","targetHints":{"allow":["GET"]}}],"collection":[{"href":"https:\/\/cabashippinginternational.com\/en\/wp-json\/wp\/v2\/product"}],"about":[{"href":"https:\/\/cabashippinginternational.com\/en\/wp-json\/wp\/v2\/types\/product"}],"replies":[{"embeddable":true,"href":"https:\/\/cabashippinginternational.com\/en\/wp-json\/wp\/v2\/comments?post=7151"}],"wp:featuredmedia":[{"embeddable":true,"href":"https:\/\/cabashippinginternational.com\/en\/wp-json\/wp\/v2\/media\/7201"}],"wp:attachment":[{"href":"https:\/\/cabashippinginternational.com\/en\/wp-json\/wp\/v2\/media?parent=7151"}],"wp:term":[{"taxonomy":"product_brand","embeddable":true,"href":"https:\/\/cabashippinginternational.com\/en\/wp-json\/wp\/v2\/product_brand?post=7151"},{"taxonomy":"product_cat","embeddable":true,"href":"https:\/\/cabashippinginternational.com\/en\/wp-json\/wp\/v2\/product_cat?post=7151"},{"taxonomy":"product_tag","embeddable":true,"href":"https:\/\/cabashippinginternational.com\/en\/wp-json\/wp\/v2\/product_tag?post=7151"}],"curies":[{"name":"wp","href":"https:\/\/api.w.org\/{rel}","templated":true}]}}