{"id":7141,"date":"2026-01-07T16:13:53","date_gmt":"2026-01-07T16:13:53","guid":{"rendered":"https:\/\/elektronica-aanhangers-houten.nl\/?post_type=product&#038;p=7141"},"modified":"2026-02-22T04:12:23","modified_gmt":"2026-02-22T04:12:23","slug":"pompe-electrique-gardena-automatique-6000-6e-lcd-inox","status":"publish","type":"product","link":"https:\/\/cabashippinginternational.com\/en\/produit\/pompe-electrique-gardena-automatique-6000-6e-lcd-inox\/","title":{"rendered":"Gardena bomba el\u00e9ctrica autom\u00e1tica 6000\/6E LCD acero inoxidable"},"content":{"rendered":"<div class=\"elementor-element elementor-element-1caffc0 elementor-widget elementor-widget-wd_title\" data-id=\"1caffc0\" data-element_type=\"widget\" data-widget_type=\"wd_title.default\">\n<div class=\"elementor-widget-container\">\n<div class=\"title-wrapper set-mb-s reset-last-child wd-title-color-default wd-title-style-default wd-title-size-default text-left\">\n<div class=\"liner-continer\">\n<h4 class=\"woodmart-title-container title wd-fontsize-l\">Descripci\u00f3n<\/h4>\n<\/div>\n<\/div>\n<\/div>\n<\/div>\n<div class=\"elementor-element elementor-element-e24b901 wd-single-content elementor-widget elementor-widget-wd_single_product_content\" data-id=\"e24b901\" data-element_type=\"widget\" data-widget_type=\"wd_single_product_content.default\">\n<div class=\"elementor-widget-container\">\n<p><strong>La Bomba El\u00e9ctrica Autom\u00e1tica Gardena 6000\/6E LCD de Acero Inoxidable &#8211; 1300W<\/strong> es el producto adecuado para ti si buscas una bomba de jard\u00edn pr\u00e1ctica y funcional. La innovadora protecci\u00f3n contra funcionamiento en seco garantiza una alta protecci\u00f3n y una larga vida \u00fatil de la bomba. Equipado con la <strong>funci\u00f3n autom\u00e1tica<\/strong>: el interruptor de presi\u00f3n electr\u00f3nico enciende y apaga la bomba autom\u00e1ticamente.<\/p>\n<p>Con una <strong>tapa transparente desmontable<\/strong> para llenar la bomba. La v\u00e1lvula de retenci\u00f3n asegura una succi\u00f3n y funcionamiento sin problemas. Motor de 5 etapas con interruptor de seguridad t\u00e9rmico.<\/p>\n<p><strong>La protecci\u00f3n contra funcionamiento en seco previene da\u00f1os a la bomba si el l\u00edquido se agota al tocar.<\/p>","protected":false},"excerpt":{"rendered":"<p>Las bombas Gardena se distinguen por <strong>dise\u00f1o alem\u00e1n,<\/strong> que garantiza un rendimiento \u00f3ptimo en t\u00e9rminos de fiabilidad, resultados y facilidad de uso.<\/p>\n<p><strong>Atenci\u00f3n:<\/strong><\/p>\n<p><strong>Estas bombas son adecuadas para transferir agua (por ejemplo, de un pozo de lluvia a otro) o para riego por goteo \u00abpeque\u00f1o\u00bb para el jard\u00edn. No garantizamos que la bomba sea compatible con el uso combinado con sistemas de aspersores de diferentes tipos o con sistemas de riego reales (estos \u00faltimos deben ser dise\u00f1ados por un t\u00e9cnico con c\u00e1lculos relativos de caudal, altura de elevaci\u00f3n, presi\u00f3n, di\u00e1metro de tuber\u00edas, v\u00e1lvulas, aspersores, etc.).<\/strong><\/p>","protected":false},"featured_media":7199,"comment_status":"open","ping_status":"closed","template":"","meta":[],"product_brand":[],"product_cat":[141],"product_tag":[],"class_list":{"0":"post-7141","1":"product","2":"type-product","3":"status-publish","4":"has-post-thumbnail","6":"product_cat-irrigation","8":"first","9":"instock","10":"taxable","11":"shipping-taxable","12":"purchasable","13":"product-type-simple"},"_links":{"self":[{"href":"https:\/\/cabashippinginternational.com\/en\/wp-json\/wp\/v2\/product\/7141","targetHints":{"allow":["GET"]}}],"collection":[{"href":"https:\/\/cabashippinginternational.com\/en\/wp-json\/wp\/v2\/product"}],"about":[{"href":"https:\/\/cabashippinginternational.com\/en\/wp-json\/wp\/v2\/types\/product"}],"replies":[{"embeddable":true,"href":"https:\/\/cabashippinginternational.com\/en\/wp-json\/wp\/v2\/comments?post=7141"}],"wp:featuredmedia":[{"embeddable":true,"href":"https:\/\/cabashippinginternational.com\/en\/wp-json\/wp\/v2\/media\/7199"}],"wp:attachment":[{"href":"https:\/\/cabashippinginternational.com\/en\/wp-json\/wp\/v2\/media?parent=7141"}],"wp:term":[{"taxonomy":"product_brand","embeddable":true,"href":"https:\/\/cabashippinginternational.com\/en\/wp-json\/wp\/v2\/product_brand?post=7141"},{"taxonomy":"product_cat","embeddable":true,"href":"https:\/\/cabashippinginternational.com\/en\/wp-json\/wp\/v2\/product_cat?post=7141"},{"taxonomy":"product_tag","embeddable":true,"href":"https:\/\/cabashippinginternational.com\/en\/wp-json\/wp\/v2\/product_tag?post=7141"}],"curies":[{"name":"wp","href":"https:\/\/api.w.org\/{rel}","templated":true}]}}