{"id":7139,"date":"2026-01-07T16:13:53","date_gmt":"2026-01-07T16:13:53","guid":{"rendered":"https:\/\/elektronica-aanhangers-houten.nl\/?post_type=product&#038;p=7139"},"modified":"2026-02-22T04:12:42","modified_gmt":"2026-02-22T04:12:42","slug":"pompe-a-eau-sur-prise-force-tracteur-ferroni-ml-i-25","status":"publish","type":"product","link":"https:\/\/cabashippinginternational.com\/en\/produit\/pompe-a-eau-sur-prise-force-tracteur-ferroni-ml-i-25\/","title":{"rendered":"Ferroni ML.I. 25 tractor aftakas bomba de agua"},"content":{"rendered":"<div class=\"elementor-element elementor-element-1caffc0 elementor-widget elementor-widget-wd_title\" data-id=\"1caffc0\" data-element_type=\"widget\" data-widget_type=\"wd_title.default\">\n<div class=\"elementor-widget-container\">\n<div class=\"title-wrapper set-mb-s reset-last-child wd-title-color-default wd-title-style-default wd-title-size-default text-left\">\n<div class=\"liner-continer\">\n<h4 class=\"woodmart-title-container title wd-fontsize-l\">Descripci\u00f3n<\/h4>\n<\/div>\n<\/div>\n<\/div>\n<\/div>\n<div class=\"elementor-element elementor-element-e24b901 wd-single-content elementor-widget elementor-widget-wd_single_product_content\" data-id=\"e24b901\" data-element_type=\"widget\" data-widget_type=\"wd_single_product_content.default\">\n<div class=\"elementor-widget-container\">\n<p>Las bombas de la serie ML son bombas de rodillo de nylon autoaspirantes que se conectan directamente al toma de fuerza del tractor o del rotocultivador, sin necesidad de instalar un card\u00e1n.<\/p>\n<p>Con la bomba de tractor ML.I. 25, puede ajustar el caudal gracias a la <span id=\"umb457568\" class=\"hovertag\">v\u00e1lvula reguladora<\/span><strong>de presi\u00f3n de lat\u00f3n<\/strong>.<\/p>\n<p>La bomba puede autoaspirar l\u00edquido, sin necesidad de llenarla primero.<\/p>\n<p>Tambi\u00e9n funciona en terrenos irregulares. Tiene una altura de elevaci\u00f3n m\u00e1xima de 250 metros.<\/p>\n<p>&nbsp;<\/p>\n<\/div>\n<\/div>","protected":false},"excerpt":{"rendered":"<p>La bomba est\u00e1 dise\u00f1ada para trabajos de riego (con o sin aspersores) o para mover cualquier tipo de l\u00edquido no corrosivo (no apto para vino).<\/p>\n<p>La diferencia de di\u00e1metro entre las tomas de succi\u00f3n y presi\u00f3n (30-19 mm) permite una presi\u00f3n m\u00e1xima de 25 bar.<\/p>\n<p>Producto <a href=\"https:\/\/motoculturedirecte.com\/product\/pompe-a-eau-sur-prise-force-tracteur-ferroni-ml-i-25-raccords-de-30-19-mm\/#457572\">Hecho en Italia<span id=\"umb457464\" class=\"hovertag\"><\/span><\/a>.<\/p>","protected":false},"featured_media":7193,"comment_status":"open","ping_status":"closed","template":"","meta":[],"product_brand":[],"product_cat":[141],"product_tag":[],"class_list":{"0":"post-7139","1":"product","2":"type-product","3":"status-publish","4":"has-post-thumbnail","6":"product_cat-irrigation","8":"first","9":"instock","10":"taxable","11":"shipping-taxable","12":"purchasable","13":"product-type-simple"},"_links":{"self":[{"href":"https:\/\/cabashippinginternational.com\/en\/wp-json\/wp\/v2\/product\/7139","targetHints":{"allow":["GET"]}}],"collection":[{"href":"https:\/\/cabashippinginternational.com\/en\/wp-json\/wp\/v2\/product"}],"about":[{"href":"https:\/\/cabashippinginternational.com\/en\/wp-json\/wp\/v2\/types\/product"}],"replies":[{"embeddable":true,"href":"https:\/\/cabashippinginternational.com\/en\/wp-json\/wp\/v2\/comments?post=7139"}],"wp:featuredmedia":[{"embeddable":true,"href":"https:\/\/cabashippinginternational.com\/en\/wp-json\/wp\/v2\/media\/7193"}],"wp:attachment":[{"href":"https:\/\/cabashippinginternational.com\/en\/wp-json\/wp\/v2\/media?parent=7139"}],"wp:term":[{"taxonomy":"product_brand","embeddable":true,"href":"https:\/\/cabashippinginternational.com\/en\/wp-json\/wp\/v2\/product_brand?post=7139"},{"taxonomy":"product_cat","embeddable":true,"href":"https:\/\/cabashippinginternational.com\/en\/wp-json\/wp\/v2\/product_cat?post=7139"},{"taxonomy":"product_tag","embeddable":true,"href":"https:\/\/cabashippinginternational.com\/en\/wp-json\/wp\/v2\/product_tag?post=7139"}],"curies":[{"name":"wp","href":"https:\/\/api.w.org\/{rel}","templated":true}]}}