{"id":7133,"date":"2026-01-07T16:13:30","date_gmt":"2026-01-07T16:13:30","guid":{"rendered":"https:\/\/elektronica-aanhangers-houten.nl\/?post_type=product&#038;p=7133"},"modified":"2026-02-22T04:12:58","modified_gmt":"2026-02-22T04:12:58","slug":"motopompe-thermique-greenbay-gb-wp-30","status":"publish","type":"product","link":"https:\/\/cabashippinginternational.com\/en\/produit\/motopompe-thermique-greenbay-gb-wp-30\/","title":{"rendered":"Greenbay GB-WP 30 bomba de calor"},"content":{"rendered":"<div class=\"elementor-element elementor-element-1caffc0 elementor-widget elementor-widget-wd_title\" data-id=\"1caffc0\" data-element_type=\"widget\" data-widget_type=\"wd_title.default\">\n<div class=\"elementor-widget-container\">\n<div class=\"title-wrapper set-mb-s reset-last-child wd-title-color-default wd-title-style-default wd-title-size-default text-left\">\n<div class=\"liner-continer\">\n<h4 class=\"woodmart-title-container title wd-fontsize-l\">Descripci\u00f3n<\/h4>\n<\/div>\n<\/div>\n<\/div>\n<\/div>\n<div class=\"elementor-element elementor-element-e24b901 wd-single-content elementor-widget elementor-widget-wd_single_product_content\" data-id=\"e24b901\" data-element_type=\"widget\" data-widget_type=\"wd_single_product_content.default\">\n<div class=\"elementor-widget-container\">\n<p><strong>La Greenbay GB-WP 30 es una bomba de riego motorizada<\/strong> ideal para bombear agua de cualquier tipo de fuente para riego a trav\u00e9s de mangueras o aspersores.<\/p>\n<p>Es fundamental cuando el agua debe ser distribuida en ausencia de electricidad o en el campo, cuando se debe extraer agua de un pozo, estanque o dep\u00f3sitos y tanques de dif\u00edcil acceso, o cuando se debe vaciar un s\u00f3tano o garaje inundado.<\/p>\n<p>La fuerza de este modelo radica en su facilidad de uso: gracias a su bajo peso, es f\u00e1cil de transportar.<\/p>\n<p>La <strong>bomba es autoaspirante<\/strong> y puede ponerse en marcha f\u00e1cilmente llenando agua a trav\u00e9s del tap\u00f3n destinado a tal fin en la carcasa de la bomba.<\/p>","protected":false},"excerpt":{"rendered":"<p><strong>ADVERTENCIA:<br \/>\n<\/strong><\/p>\n<ul>\n<li>Motor sin aceite, no olvide llenarlo antes de usar con los bidones incluidos.<\/li>\n<li>No utilice la m\u00e1quina con una bomba seca.<\/li>\n<\/ul>\n<hr \/>\n<p>Estas bombas son adecuadas para transferir agua (por ejemplo, de un pozo de lluvia a otro) o para regar parcelas en campos o huertos.<br \/>\nNo garantizamos la compatibilidad para su uso en combinaci\u00f3n con aspersores de los m\u00e1s diversos tipos o con sistemas de riego reales de todos los tipos (que requieren el trabajo de un t\u00e9cnico con c\u00e1lculos relacionados con el caudal, elevaci\u00f3n, desag\u00fce, presi\u00f3n, di\u00e1metro de tuber\u00eda, v\u00e1lvulas, aspersores, etc.) y que pueden requerir tipos de bombas m\u00e1s espec\u00edficos para la instalaci\u00f3n.<\/p>","protected":false},"featured_media":7191,"comment_status":"open","ping_status":"closed","template":"","meta":[],"product_brand":[],"product_cat":[141],"product_tag":[],"class_list":{"0":"post-7133","1":"product","2":"type-product","3":"status-publish","4":"has-post-thumbnail","6":"product_cat-irrigation","8":"first","9":"instock","10":"taxable","11":"shipping-taxable","12":"purchasable","13":"product-type-simple"},"_links":{"self":[{"href":"https:\/\/cabashippinginternational.com\/en\/wp-json\/wp\/v2\/product\/7133","targetHints":{"allow":["GET"]}}],"collection":[{"href":"https:\/\/cabashippinginternational.com\/en\/wp-json\/wp\/v2\/product"}],"about":[{"href":"https:\/\/cabashippinginternational.com\/en\/wp-json\/wp\/v2\/types\/product"}],"replies":[{"embeddable":true,"href":"https:\/\/cabashippinginternational.com\/en\/wp-json\/wp\/v2\/comments?post=7133"}],"wp:featuredmedia":[{"embeddable":true,"href":"https:\/\/cabashippinginternational.com\/en\/wp-json\/wp\/v2\/media\/7191"}],"wp:attachment":[{"href":"https:\/\/cabashippinginternational.com\/en\/wp-json\/wp\/v2\/media?parent=7133"}],"wp:term":[{"taxonomy":"product_brand","embeddable":true,"href":"https:\/\/cabashippinginternational.com\/en\/wp-json\/wp\/v2\/product_brand?post=7133"},{"taxonomy":"product_cat","embeddable":true,"href":"https:\/\/cabashippinginternational.com\/en\/wp-json\/wp\/v2\/product_cat?post=7133"},{"taxonomy":"product_tag","embeddable":true,"href":"https:\/\/cabashippinginternational.com\/en\/wp-json\/wp\/v2\/product_tag?post=7133"}],"curies":[{"name":"wp","href":"https:\/\/api.w.org\/{rel}","templated":true}]}}