{"id":7125,"date":"2026-01-07T16:13:06","date_gmt":"2026-01-07T16:13:06","guid":{"rendered":"https:\/\/elektronica-aanhangers-houten.nl\/?post_type=product&#038;p=7125"},"modified":"2026-02-22T04:13:37","modified_gmt":"2026-02-22T04:13:37","slug":"motopompe-thermique-greenbay-gb-hpwp-40","status":"publish","type":"product","link":"https:\/\/cabashippinginternational.com\/en\/produit\/motopompe-thermique-greenbay-gb-hpwp-40\/","title":{"rendered":"Greenbay GB-HPWP 40 bomba de calor"},"content":{"rendered":"<div class=\"elementor-element elementor-element-1caffc0 elementor-widget elementor-widget-wd_title\" data-id=\"1caffc0\" data-element_type=\"widget\" data-widget_type=\"wd_title.default\">\n<div class=\"elementor-widget-container\">\n<div class=\"title-wrapper set-mb-s reset-last-child wd-title-color-default wd-title-style-default wd-title-size-default text-left\">\n<div class=\"liner-continer\">\n<h4 class=\"woodmart-title-container title wd-fontsize-l\">Descripci\u00f3n<\/h4>\n<\/div>\n<\/div>\n<\/div>\n<\/div>\n<div class=\"elementor-element elementor-element-e24b901 wd-single-content elementor-widget elementor-widget-wd_single_product_content\" data-id=\"e24b901\" data-element_type=\"widget\" data-widget_type=\"wd_single_product_content.default\">\n<div class=\"elementor-widget-container\">\n<p>La <strong>GB-HPWP 40 bomba de riego motorizada<\/strong> es un instrumento ideal para bombear agua a alta presi\u00f3n y transportarla a largas distancias.<\/p>\n<p>Esta bomba de motor tiene un nivel de construcci\u00f3n y calidad inigualable con una altura de elevaci\u00f3n considerable de <strong>70 m<\/strong>.<\/p>\n<p>Es muy \u00fatil cuando el agua debe ser distribuida en ausencia de electricidad o en el campo, cuando se debe extraer agua de un pozo, estanque o dep\u00f3sitos y tanques de dif\u00edcil acceso, o cuando se debe desaguar un s\u00f3tano o garaje inundado.<\/p>\n<p>Este modelo ofrece un buen compromiso entre potencia y tama\u00f1o, y es f\u00e1cil de transportar.<\/p>\n<p>La <strong>bomba es autoaspirante<\/strong><\/p>","protected":false},"excerpt":{"rendered":"<p><strong>ADVERTENCIA:<br \/>\n<\/strong><\/p>\n<ul>\n<li>Motor sin aceite, no olvide llenarlo antes de usar con los bidones incluidos.<\/li>\n<li>No utilice la m\u00e1quina con una bomba seca.<\/li>\n<\/ul>\n<hr \/>\n<p>Estas bombas de motor son adecuadas para transferir agua (por ejemplo, de un pozo de lluvia a otro) o para riego por aspersi\u00f3n en campos y huertos. No garantizamos que sean compatibles con el uso en combinaci\u00f3n con aspersores de diferentes tipos o con sistemas de riego reales de diferentes tipos (que requieren un dise\u00f1o por parte de un t\u00e9cnico con c\u00e1lculos relacionados con el caudal, altura, desag\u00fce, presi\u00f3n, di\u00e1metro de tuber\u00eda, v\u00e1lvulas, aspersores, etc.) y que pueden requerir tipos de bombas m\u00e1s espec\u00edficos para la instalaci\u00f3n.<\/p>","protected":false},"featured_media":7183,"comment_status":"open","ping_status":"closed","template":"","meta":[],"product_brand":[],"product_cat":[141],"product_tag":[],"class_list":{"0":"post-7125","1":"product","2":"type-product","3":"status-publish","4":"has-post-thumbnail","6":"product_cat-irrigation","8":"first","9":"instock","10":"taxable","11":"shipping-taxable","12":"purchasable","13":"product-type-simple"},"_links":{"self":[{"href":"https:\/\/cabashippinginternational.com\/en\/wp-json\/wp\/v2\/product\/7125","targetHints":{"allow":["GET"]}}],"collection":[{"href":"https:\/\/cabashippinginternational.com\/en\/wp-json\/wp\/v2\/product"}],"about":[{"href":"https:\/\/cabashippinginternational.com\/en\/wp-json\/wp\/v2\/types\/product"}],"replies":[{"embeddable":true,"href":"https:\/\/cabashippinginternational.com\/en\/wp-json\/wp\/v2\/comments?post=7125"}],"wp:featuredmedia":[{"embeddable":true,"href":"https:\/\/cabashippinginternational.com\/en\/wp-json\/wp\/v2\/media\/7183"}],"wp:attachment":[{"href":"https:\/\/cabashippinginternational.com\/en\/wp-json\/wp\/v2\/media?parent=7125"}],"wp:term":[{"taxonomy":"product_brand","embeddable":true,"href":"https:\/\/cabashippinginternational.com\/en\/wp-json\/wp\/v2\/product_brand?post=7125"},{"taxonomy":"product_cat","embeddable":true,"href":"https:\/\/cabashippinginternational.com\/en\/wp-json\/wp\/v2\/product_cat?post=7125"},{"taxonomy":"product_tag","embeddable":true,"href":"https:\/\/cabashippinginternational.com\/en\/wp-json\/wp\/v2\/product_tag?post=7125"}],"curies":[{"name":"wp","href":"https:\/\/api.w.org\/{rel}","templated":true}]}}