{"id":7124,"date":"2026-01-07T16:13:06","date_gmt":"2026-01-07T16:13:06","guid":{"rendered":"https:\/\/elektronica-aanhangers-houten.nl\/?post_type=product&#038;p=7124"},"modified":"2026-02-22T04:13:46","modified_gmt":"2026-02-22T04:13:46","slug":"motopompe-thermique-geotech-lhp-40-evo","status":"publish","type":"product","link":"https:\/\/cabashippinginternational.com\/en\/produit\/motopompe-thermique-geotech-lhp-40-evo\/","title":{"rendered":"GeoTech LHP 40 EVO bomba de calor"},"content":{"rendered":"<div class=\"elementor-element elementor-element-1caffc0 elementor-widget elementor-widget-wd_title\" data-id=\"1caffc0\" data-element_type=\"widget\" data-widget_type=\"wd_title.default\">\n<div class=\"elementor-widget-container\">\n<div class=\"title-wrapper set-mb-s reset-last-child wd-title-color-default wd-title-style-default wd-title-size-default text-left\">\n<div class=\"liner-continer\">\n<h4 class=\"woodmart-title-container title wd-fontsize-l\">Descripci\u00f3n<\/h4>\n<\/div>\n<\/div>\n<\/div>\n<\/div>\n<div class=\"elementor-element elementor-element-e24b901 wd-single-content elementor-widget elementor-widget-wd_single_product_content\" data-id=\"e24b901\" data-element_type=\"widget\" data-widget_type=\"wd_single_product_content.default\">\n<div class=\"elementor-widget-container\">\n<p>La <strong>GeoTech LHP 40 EVO bomba de pulverizaci\u00f3n t\u00e9rmica<\/strong> es un dispositivo dise\u00f1ado espec\u00edficamente para bombear agua de cualquier fuente, y gracias a su <strong>alta prevalencia<\/strong>, la m\u00e1quina puede bombear agua hasta una profundidad m\u00e1xima de al menos <strong>7 m.<\/strong><\/p>\n<p>La bomba motorizada es especialmente adecuada para bombear agua cuando no hay electricidad, si necesitas bombear agua de pozos, estanques u otras fuentes de dif\u00edcil acceso, o si necesitas desaguar espacios inundados como s\u00f3tanos y garajes. Un producto muy compacto y duradero, pero a\u00fan as\u00ed potente. Est\u00e1 equipada con un <strong>chasis robusto envuelto<\/strong> hecho de <strong>tubos cuadrados de alta resistencia<\/strong>.<\/p>","protected":false},"excerpt":{"rendered":"<p><strong>ADVERTENCIA:<br \/>\n<\/strong><\/p>\n<ul>\n<li>Motor sin aceite, nivelar bien para su uso con las botellas ofrecidas<\/li>\n<li>No utilice la m\u00e1quina con una bomba seca<\/li>\n<\/ul>\n<p>Estas bombas de motor son adecuadas para transferir agua (por ejemplo, de un pozo de lluvia a otro) o para regar sus campos y jardines. No garantizamos la adaptaci\u00f3n con m\u00faltiples aspersores combinados en diferentes tipos de riego e instalaciones complejas (para las cuales se necesita un proyecto de un t\u00e9cnico con c\u00e1lculos de caudal, altura de elevaci\u00f3n, presi\u00f3n, di\u00e1metros de tuber\u00edas, v\u00e1lvulas, aspersores, etc.).<\/p>","protected":false},"featured_media":7178,"comment_status":"open","ping_status":"closed","template":"","meta":[],"product_brand":[],"product_cat":[141],"product_tag":[],"class_list":{"0":"post-7124","1":"product","2":"type-product","3":"status-publish","4":"has-post-thumbnail","6":"product_cat-irrigation","8":"first","9":"instock","10":"taxable","11":"shipping-taxable","12":"purchasable","13":"product-type-simple"},"_links":{"self":[{"href":"https:\/\/cabashippinginternational.com\/en\/wp-json\/wp\/v2\/product\/7124","targetHints":{"allow":["GET"]}}],"collection":[{"href":"https:\/\/cabashippinginternational.com\/en\/wp-json\/wp\/v2\/product"}],"about":[{"href":"https:\/\/cabashippinginternational.com\/en\/wp-json\/wp\/v2\/types\/product"}],"replies":[{"embeddable":true,"href":"https:\/\/cabashippinginternational.com\/en\/wp-json\/wp\/v2\/comments?post=7124"}],"wp:featuredmedia":[{"embeddable":true,"href":"https:\/\/cabashippinginternational.com\/en\/wp-json\/wp\/v2\/media\/7178"}],"wp:attachment":[{"href":"https:\/\/cabashippinginternational.com\/en\/wp-json\/wp\/v2\/media?parent=7124"}],"wp:term":[{"taxonomy":"product_brand","embeddable":true,"href":"https:\/\/cabashippinginternational.com\/en\/wp-json\/wp\/v2\/product_brand?post=7124"},{"taxonomy":"product_cat","embeddable":true,"href":"https:\/\/cabashippinginternational.com\/en\/wp-json\/wp\/v2\/product_cat?post=7124"},{"taxonomy":"product_tag","embeddable":true,"href":"https:\/\/cabashippinginternational.com\/en\/wp-json\/wp\/v2\/product_tag?post=7124"}],"curies":[{"name":"wp","href":"https:\/\/api.w.org\/{rel}","templated":true}]}}