{"id":7123,"date":"2026-01-07T16:13:06","date_gmt":"2026-01-07T16:13:06","guid":{"rendered":"https:\/\/elektronica-aanhangers-houten.nl\/?post_type=product&#038;p=7123"},"modified":"2026-02-22T04:13:56","modified_gmt":"2026-02-22T04:13:56","slug":"motopompe-thermique-blackstone-bd-8000-raccords-80-mm","status":"publish","type":"product","link":"https:\/\/cabashippinginternational.com\/en\/produit\/motopompe-thermique-blackstone-bd-8000-raccords-80-mm\/","title":{"rendered":"Bomba de calor Blackstone BD 8000, conexiones de 80 mm"},"content":{"rendered":"<div class=\"elementor-element elementor-element-1caffc0 elementor-widget elementor-widget-wd_title\" data-id=\"1caffc0\" data-element_type=\"widget\" data-widget_type=\"wd_title.default\">\n<div class=\"elementor-widget-container\">\n<div class=\"title-wrapper set-mb-s reset-last-child wd-title-color-default wd-title-style-default wd-title-size-default text-left\">\n<div class=\"liner-continer\">\n<h4 class=\"woodmart-title-container title wd-fontsize-l\">Descripci\u00f3n<\/h4>\n<\/div>\n<\/div>\n<\/div>\n<\/div>\n<div class=\"elementor-element elementor-element-e24b901 wd-single-content elementor-widget elementor-widget-wd_single_product_content\" data-id=\"e24b901\" data-element_type=\"widget\" data-widget_type=\"wd_single_product_content.default\">\n<div class=\"elementor-widget-container\">\n<p><span id=\"s2_1\"><strong>Blackstone BD 8000 es la bomba de agua ideal<\/strong> para todas las necesidades en el \u00e1mbito de la distribuci\u00f3n de agua.<\/span> <span id=\"s2_2\">En detalle, este producto es muy \u00fatil cuando hay una falta de electricidad, o en el campo cuando necesitas sacar agua de pozos, embalses, estanques y dep\u00f3sitos de dif\u00edcil acceso, o incluso cuando necesitas vaciar un s\u00f3tano o garaje que se ha inundado.<\/span><\/p>\n<p><span id=\"s2_3\">Las caracter\u00edsticas de este producto garantizan un alto rendimiento, permiti\u00e9ndote mover vol\u00famenes de agua <strong>de hasta 1000 litros por minuto<\/strong><\/span><strong> <\/strong><span id=\"s2_4\">Adem\u00e1s, esta bomba tiene una <strong>altura m\u00e1xima de 30 metros<\/strong> y <st\n<\/p>","protected":false},"excerpt":{"rendered":"<p><strong>ADVERTENCIA:<\/strong><\/p>\n<ul>\n<li>Motor entregado sin aceite, no olvide agregar aceite antes de usar<\/li>\n<li>No use la m\u00e1quina si la bomba est\u00e1 seca<\/li>\n<p>.\n<\/ul>\n<p>.<\/p>\n<hr \/>\n<p>Estas bombas motorizadas est\u00e1n dise\u00f1adas para transferir agua (por ejemplo, de un pozo de lluvia a otro) o para regar huertos y campos. No garantizamos compatibilidad para su uso en combinaci\u00f3n con aspersores de las m\u00e1s diversas tipolog\u00edas o con sistemas de riego reales de todo tipo (que requieren planificaci\u00f3n por parte de un t\u00e9cnico con c\u00e1lculos relacionados con el caudal, altura, desag\u00fce, presi\u00f3n, di\u00e1metro de tuber\u00eda, v\u00e1lvulas, aspersores, etc.).<\/p>","protected":false},"featured_media":7177,"comment_status":"open","ping_status":"closed","template":"","meta":[],"product_brand":[],"product_cat":[141],"product_tag":[],"class_list":{"0":"post-7123","1":"product","2":"type-product","3":"status-publish","4":"has-post-thumbnail","6":"product_cat-irrigation","8":"first","9":"instock","10":"taxable","11":"shipping-taxable","12":"purchasable","13":"product-type-simple"},"_links":{"self":[{"href":"https:\/\/cabashippinginternational.com\/en\/wp-json\/wp\/v2\/product\/7123","targetHints":{"allow":["GET"]}}],"collection":[{"href":"https:\/\/cabashippinginternational.com\/en\/wp-json\/wp\/v2\/product"}],"about":[{"href":"https:\/\/cabashippinginternational.com\/en\/wp-json\/wp\/v2\/types\/product"}],"replies":[{"embeddable":true,"href":"https:\/\/cabashippinginternational.com\/en\/wp-json\/wp\/v2\/comments?post=7123"}],"wp:featuredmedia":[{"embeddable":true,"href":"https:\/\/cabashippinginternational.com\/en\/wp-json\/wp\/v2\/media\/7177"}],"wp:attachment":[{"href":"https:\/\/cabashippinginternational.com\/en\/wp-json\/wp\/v2\/media?parent=7123"}],"wp:term":[{"taxonomy":"product_brand","embeddable":true,"href":"https:\/\/cabashippinginternational.com\/en\/wp-json\/wp\/v2\/product_brand?post=7123"},{"taxonomy":"product_cat","embeddable":true,"href":"https:\/\/cabashippinginternational.com\/en\/wp-json\/wp\/v2\/product_cat?post=7123"},{"taxonomy":"product_tag","embeddable":true,"href":"https:\/\/cabashippinginternational.com\/en\/wp-json\/wp\/v2\/product_tag?post=7123"}],"curies":[{"name":"wp","href":"https:\/\/api.w.org\/{rel}","templated":true}]}}