{"id":7121,"date":"2026-01-07T16:13:05","date_gmt":"2026-01-07T16:13:05","guid":{"rendered":"https:\/\/elektronica-aanhangers-houten.nl\/?post_type=product&#038;p=7121"},"modified":"2026-02-22T04:14:15","modified_gmt":"2026-02-22T04:14:15","slug":"motopompe-diesel-blackstone-bd-t-8000es-pour-eaux-sales","status":"publish","type":"product","link":"https:\/\/cabashippinginternational.com\/en\/produit\/motopompe-diesel-blackstone-bd-t-8000es-pour-eaux-sales\/","title":{"rendered":"Bomba di\u00e9sel Blackstone BD-T 8000ES para aguas residuales"},"content":{"rendered":"<div class=\"elementor-element elementor-element-1caffc0 elementor-widget elementor-widget-wd_title\" data-id=\"1caffc0\" data-element_type=\"widget\" data-widget_type=\"wd_title.default\">\n<div class=\"elementor-widget-container\">\n<div class=\"title-wrapper set-mb-s reset-last-child wd-title-color-default wd-title-style-default wd-title-size-default text-left\">\n<div class=\"liner-continer\">\n<h4 class=\"woodmart-title-container title wd-fontsize-l\">Descripci\u00f3n<\/h4>\n<\/div>\n<\/div>\n<\/div>\n<\/div>\n<div class=\"elementor-element elementor-element-e24b901 wd-single-content elementor-widget elementor-widget-wd_single_product_content\" data-id=\"e24b901\" data-element_type=\"widget\" data-widget_type=\"wd_single_product_content.default\">\n<div class=\"elementor-widget-container\">\n<div class=\"select-holder clearfix\">\n<div class=\"\"><\/div>\n<p>&nbsp;<\/p>\n<\/div>\n<div class=\"translation-wrap clearfix\">\n<div class=\"left-side-wrap\">\n<div class=\"source_area-long\">\n<div id=\"srctext\">La <strong>Blackstone BD-T 8000ES bomba de agua sucia<\/strong> es una herramienta dise\u00f1ada especialmente para drenar agua sucia y se diferencia principalmente de las bombas de explosi\u00f3n convencionales por su unidad de bombeo, que es <strong>grande y excepcionalmente volum\u00e9trica<\/strong>.<\/div>\n<p>&nbsp;<\/p>\n<\/div>\n<p>&nbsp;<\/p>\n<\/div>\n<div class=\"right-side-wrap\">\n<div id=\"trtext\"><span id=\"s2_2\">Esta bomba maneja l\u00edquidos que tambi\u00e9n pueden contener s\u00f3lidos, como piedras y arena, y es ideal para vaciar excavaciones fangosas.<\/p>","protected":false},"excerpt":{"rendered":"<p><strong>ADVERTENCIA:<\/strong><\/p>\n<ul>\n<li>Motor entregado sin aceite, no olvide agregar aceite antes de usar<\/li>\n<li>No use la m\u00e1quina si la bomba est\u00e1 seca<\/li>\n<p>.\n<\/ul>\n<p>.<\/p>\n<hr \/>\n<p>Estas bombas t\u00e9rmicas est\u00e1n dise\u00f1adas para transferir agua (por ejemplo, de un pozo a otro) o para regar huertos y campos. No garantizamos compatibilidad para su uso en combinaci\u00f3n con aspersores de las m\u00e1s diversas tipolog\u00edas o con sistemas de riego reales de todo tipo (que requieren planificaci\u00f3n por un t\u00e9cnico con c\u00e1lculos relacionados con caudal, altura, entrega, presi\u00f3n, di\u00e1metro de tuber\u00eda, v\u00e1lvulas, aspersores, etc.).<\/p>","protected":false},"featured_media":7175,"comment_status":"open","ping_status":"closed","template":"","meta":[],"product_brand":[],"product_cat":[141],"product_tag":[],"class_list":{"0":"post-7121","1":"product","2":"type-product","3":"status-publish","4":"has-post-thumbnail","6":"product_cat-irrigation","8":"first","9":"instock","10":"taxable","11":"shipping-taxable","12":"purchasable","13":"product-type-simple"},"_links":{"self":[{"href":"https:\/\/cabashippinginternational.com\/en\/wp-json\/wp\/v2\/product\/7121","targetHints":{"allow":["GET"]}}],"collection":[{"href":"https:\/\/cabashippinginternational.com\/en\/wp-json\/wp\/v2\/product"}],"about":[{"href":"https:\/\/cabashippinginternational.com\/en\/wp-json\/wp\/v2\/types\/product"}],"replies":[{"embeddable":true,"href":"https:\/\/cabashippinginternational.com\/en\/wp-json\/wp\/v2\/comments?post=7121"}],"wp:featuredmedia":[{"embeddable":true,"href":"https:\/\/cabashippinginternational.com\/en\/wp-json\/wp\/v2\/media\/7175"}],"wp:attachment":[{"href":"https:\/\/cabashippinginternational.com\/en\/wp-json\/wp\/v2\/media?parent=7121"}],"wp:term":[{"taxonomy":"product_brand","embeddable":true,"href":"https:\/\/cabashippinginternational.com\/en\/wp-json\/wp\/v2\/product_brand?post=7121"},{"taxonomy":"product_cat","embeddable":true,"href":"https:\/\/cabashippinginternational.com\/en\/wp-json\/wp\/v2\/product_cat?post=7121"},{"taxonomy":"product_tag","embeddable":true,"href":"https:\/\/cabashippinginternational.com\/en\/wp-json\/wp\/v2\/product_tag?post=7121"}],"curies":[{"name":"wp","href":"https:\/\/api.w.org\/{rel}","templated":true}]}}