{"id":7114,"date":"2026-01-07T16:12:39","date_gmt":"2026-01-07T16:12:39","guid":{"rendered":"https:\/\/elektronica-aanhangers-houten.nl\/?post_type=product&#038;p=7114"},"modified":"2026-02-22T04:14:23","modified_gmt":"2026-02-22T04:14:23","slug":"motopompe-dirrigation-thermique-agt-3%e2%80%b3-gx200","status":"publish","type":"product","link":"https:\/\/cabashippinginternational.com\/en\/produit\/motopompe-dirrigation-thermique-agt-3%e2%80%b3-gx200\/","title":{"rendered":"AGT 3\u2033 GX200 bomba de pulverizaci\u00f3n t\u00e9rmica"},"content":{"rendered":"<div class=\"elementor-element elementor-element-1caffc0 elementor-widget elementor-widget-wd_title\" data-id=\"1caffc0\" data-element_type=\"widget\" data-widget_type=\"wd_title.default\">\n<div class=\"elementor-widget-container\">\n<div class=\"title-wrapper set-mb-s reset-last-child wd-title-color-default wd-title-style-default wd-title-size-default text-left\">\n<div class=\"liner-continer\">\n<h4 class=\"woodmart-title-container title wd-fontsize-l\">Descripci\u00f3n<\/h4>\n<\/div>\n<\/div>\n<\/div>\n<\/div>\n<div class=\"elementor-element elementor-element-e24b901 wd-single-content elementor-widget elementor-widget-wd_single_product_content\" data-id=\"e24b901\" data-element_type=\"widget\" data-widget_type=\"wd_single_product_content.default\">\n<div class=\"elementor-widget-container\">\n<p>La <strong>bomba de riego motorizada GX200<\/strong> es una herramienta ideal para bombear agua a alta presi\u00f3n y transportarla a largas distancias.<\/p>\n<p>Este modelo es un buen compromiso entre potencia y tama\u00f1o y es f\u00e1cil de transportar.<\/p>\n<p>Es muy \u00fatil si necesitas distribuir agua en ausencia de electricidad o en el campo, si necesitas sacar agua de un pozo, estanque o dep\u00f3sitos y tanques de dif\u00edcil acceso, o si necesitas desaguar un s\u00f3tano o garaje inundado.<\/p>\n<p>La <strong>bomba es autoaspirante<\/strong> y puede comenzar a funcionar f\u00e1cilmente llenando agua a trav\u00e9s del tap\u00f3n en el cuerpo de la bomba.<\/p>\n<p><strong>ADVERTENCIA:<br \/>\n<\/strong><\/p>\n<ul>\n<li>Motor sin aceite, no olvides a\u00f1adir<br \/>","protected":false},"excerpt":{"rendered":"<p>Estas bombas motorizadas son adecuadas para transferir agua (por ejemplo, de un pozo de lluvia a otro) o para riego por aspersi\u00f3n en campos y huertos. No garantizamos que sean compatibles con el uso en combinaci\u00f3n con aspersores de diferentes tipos o con sistemas de riego reales de diferentes tipos (para los cuales se requiere un dise\u00f1o por parte de un t\u00e9cnico con c\u00e1lculos relacionados con el caudal, altura, desag\u00fce, presi\u00f3n, di\u00e1metro de tuber\u00eda, v\u00e1lvulas, aspersores, etc.).<\/p>","protected":false},"featured_media":7168,"comment_status":"open","ping_status":"closed","template":"","meta":[],"product_brand":[],"product_cat":[141],"product_tag":[],"class_list":{"0":"post-7114","1":"product","2":"type-product","3":"status-publish","4":"has-post-thumbnail","6":"product_cat-irrigation","8":"first","9":"instock","10":"taxable","11":"shipping-taxable","12":"purchasable","13":"product-type-simple"},"_links":{"self":[{"href":"https:\/\/cabashippinginternational.com\/en\/wp-json\/wp\/v2\/product\/7114","targetHints":{"allow":["GET"]}}],"collection":[{"href":"https:\/\/cabashippinginternational.com\/en\/wp-json\/wp\/v2\/product"}],"about":[{"href":"https:\/\/cabashippinginternational.com\/en\/wp-json\/wp\/v2\/types\/product"}],"replies":[{"embeddable":true,"href":"https:\/\/cabashippinginternational.com\/en\/wp-json\/wp\/v2\/comments?post=7114"}],"wp:featuredmedia":[{"embeddable":true,"href":"https:\/\/cabashippinginternational.com\/en\/wp-json\/wp\/v2\/media\/7168"}],"wp:attachment":[{"href":"https:\/\/cabashippinginternational.com\/en\/wp-json\/wp\/v2\/media?parent=7114"}],"wp:term":[{"taxonomy":"product_brand","embeddable":true,"href":"https:\/\/cabashippinginternational.com\/en\/wp-json\/wp\/v2\/product_brand?post=7114"},{"taxonomy":"product_cat","embeddable":true,"href":"https:\/\/cabashippinginternational.com\/en\/wp-json\/wp\/v2\/product_cat?post=7114"},{"taxonomy":"product_tag","embeddable":true,"href":"https:\/\/cabashippinginternational.com\/en\/wp-json\/wp\/v2\/product_tag?post=7114"}],"curies":[{"name":"wp","href":"https:\/\/api.w.org\/{rel}","templated":true}]}}