{"id":7113,"date":"2026-01-07T16:12:39","date_gmt":"2026-01-07T16:12:39","guid":{"rendered":"https:\/\/elektronica-aanhangers-houten.nl\/?post_type=product&#038;p=7113"},"modified":"2026-02-22T04:14:33","modified_gmt":"2026-02-22T04:14:33","slug":"motopompe-darrosage-thermique-moteur-honda-gx-120","status":"publish","type":"product","link":"https:\/\/cabashippinginternational.com\/en\/produit\/motopompe-darrosage-thermique-moteur-honda-gx-120\/","title":{"rendered":"Honda GX 120 bomba de riego con motor de combusti\u00f3n"},"content":{"rendered":"<div class=\"elementor-element elementor-element-1caffc0 elementor-widget elementor-widget-wd_title\" data-id=\"1caffc0\" data-element_type=\"widget\" data-widget_type=\"wd_title.default\">\n<div class=\"elementor-widget-container\">\n<div class=\"title-wrapper set-mb-s reset-last-child wd-title-color-default wd-title-style-default wd-title-size-default text-left\">\n<div class=\"liner-continer\">\n<h4 class=\"woodmart-title-container title wd-fontsize-l\">Descripci\u00f3n<\/h4>\n<\/div>\n<\/div>\n<\/div>\n<\/div>\n<div class=\"elementor-element elementor-element-e24b901 wd-single-content elementor-widget elementor-widget-wd_single_product_content\" data-id=\"e24b901\" data-element_type=\"widget\" data-widget_type=\"wd_single_product_content.default\">\n<div class=\"elementor-widget-container\">\n<p>Bomba KOSHIN con motor Honda, una combinaci\u00f3n perfecta, ya que las bombas de la empresa japonesa KOSHIN son consideradas por todos los expertos del sector como las mejores bombas del mundo. No hay mucho que decir sobre el motor Honda: el nombre y la reputaci\u00f3n son suficientes&#8230;<\/p>\n<p>La bomba est\u00e1 equipada con <strong>Honda GX 120<\/strong>, motor de gasolina de 4 tiempos, 120 cm\u00b3 de cilindrada, muy fiable. La fiabilidad y un motor potente son dos factores importantes para este tipo de m\u00e1quina.<\/p>\n<p>Tipo de bomba: <strong>AUTOMATIZADA<\/strong>.<\/p>\n<p>(Rellene la carcasa de la bomba simplemente con agua a trav\u00e9s del tap\u00f3n en la parte superior)<br \/>\nConexiones: 2\u2033<\/p>\n<p>Di\u00e1metro de la conexi\u00f3n de salida: 50 mm<\/p>\n<p>Entrega m\u00e1xima: 30 metros<\/p>\n<p>Altura de succi\u00f3n m\u00e1xima: 8 m<\/p>\n<p>Caudal m\u00e1ximo:<\/p>","protected":false},"excerpt":{"rendered":"<p>ATENCI\u00d3N: motor sin aceite (aceite ofrecido al realizar el pedido)<br \/>\nEstas bombas motorizadas son adecuadas para transferir agua (por ejemplo, de un pozo de lluvia a otro) o para riego por aspersi\u00f3n en campos y huertos.<br \/>\nNo garantizamos que sean compatibles con el uso en combinaci\u00f3n con aspersores de diferentes tipos o con sistemas de riego reales de diferentes tipos (los cuales requieren planificaci\u00f3n por un ingeniero con c\u00e1lculos relacionados con el caudal, altura, desag\u00fce, presi\u00f3n, di\u00e1metro de tuber\u00eda, v\u00e1lvulas, aspersores, etc.).<\/p>","protected":false},"featured_media":7167,"comment_status":"open","ping_status":"closed","template":"","meta":[],"product_brand":[],"product_cat":[141],"product_tag":[],"class_list":{"0":"post-7113","1":"product","2":"type-product","3":"status-publish","4":"has-post-thumbnail","6":"product_cat-irrigation","8":"first","9":"instock","10":"taxable","11":"shipping-taxable","12":"purchasable","13":"product-type-simple"},"_links":{"self":[{"href":"https:\/\/cabashippinginternational.com\/en\/wp-json\/wp\/v2\/product\/7113","targetHints":{"allow":["GET"]}}],"collection":[{"href":"https:\/\/cabashippinginternational.com\/en\/wp-json\/wp\/v2\/product"}],"about":[{"href":"https:\/\/cabashippinginternational.com\/en\/wp-json\/wp\/v2\/types\/product"}],"replies":[{"embeddable":true,"href":"https:\/\/cabashippinginternational.com\/en\/wp-json\/wp\/v2\/comments?post=7113"}],"wp:featuredmedia":[{"embeddable":true,"href":"https:\/\/cabashippinginternational.com\/en\/wp-json\/wp\/v2\/media\/7167"}],"wp:attachment":[{"href":"https:\/\/cabashippinginternational.com\/en\/wp-json\/wp\/v2\/media?parent=7113"}],"wp:term":[{"taxonomy":"product_brand","embeddable":true,"href":"https:\/\/cabashippinginternational.com\/en\/wp-json\/wp\/v2\/product_brand?post=7113"},{"taxonomy":"product_cat","embeddable":true,"href":"https:\/\/cabashippinginternational.com\/en\/wp-json\/wp\/v2\/product_cat?post=7113"},{"taxonomy":"product_tag","embeddable":true,"href":"https:\/\/cabashippinginternational.com\/en\/wp-json\/wp\/v2\/product_tag?post=7113"}],"curies":[{"name":"wp","href":"https:\/\/api.w.org\/{rel}","templated":true}]}}