{"id":7111,"date":"2026-01-07T16:12:39","date_gmt":"2026-01-07T16:12:39","guid":{"rendered":"https:\/\/elektronica-aanhangers-houten.nl\/?post_type=product&#038;p=7111"},"modified":"2026-02-22T04:14:52","modified_gmt":"2026-02-22T04:14:52","slug":"tondeuse-autoportee-husqvarna-ts-142-l","status":"publish","type":"product","link":"https:\/\/cabashippinginternational.com\/en\/produit\/tondeuse-autoportee-husqvarna-ts-142-l\/","title":{"rendered":"Cortac\u00e9sped Husqvarna TS 142 L"},"content":{"rendered":"<div class=\"elementor-element elementor-element-1caffc0 elementor-widget elementor-widget-wd_title\" data-id=\"1caffc0\" data-element_type=\"widget\" data-widget_type=\"wd_title.default\">\n<div class=\"elementor-widget-container\">\n<div class=\"title-wrapper set-mb-s reset-last-child wd-title-color-default wd-title-style-default wd-title-size-default text-left\">\n<div class=\"liner-continer\">\n<h4 class=\"woodmart-title-container title wd-fontsize-l\">Descripci\u00f3n<\/h4>\n<\/div>\n<\/div>\n<\/div>\n<\/div>\n<div class=\"elementor-element elementor-element-e24b901 wd-single-content elementor-widget elementor-widget-wd_single_product_content\" data-id=\"e24b901\" data-element_type=\"widget\" data-widget_type=\"wd_single_product_content.default\">\n<div class=\"elementor-widget-container\">\n<p>Modelo de salida lateral con un ancho de corte de 107 cm y transmisi\u00f3n hidrost\u00e1tica con palanca.<br \/>\nEl motor tiene un estrangulador autom\u00e1tico.<br \/>\nPuede equiparse con una caja de c\u00e9sped y un kit de mulching.<br \/>\nEst\u00e1 equipado con un indicador de carga de bater\u00eda y una conexi\u00f3n de carga r\u00e1pida. Modelo muy robusto gracias al eje delantero de fundici\u00f3n.<br \/>\nEje delantero pesado: El peso del eje delantero contribuye a un mejor equilibrio y m\u00e1s estabilidad, incluso cuando el recolector est\u00e1 lleno.<br \/>\nContador de horas con recordatorio de mantenimiento: Indica cu\u00e1ndo es el momento de un mantenimiento.<br \/>\nTubo de manguera en el deck de corte: Conecta tu manguera de jard\u00edn al tubo para limpiar la parte inferior del deck de corte.<br \/>\nDeck de corte pintado con epoxi: El deck de corte pintado con epoxi mejora la durabilidad y ofrece m\u00e1s resistencia a la corrosi\u00f3n.<\/p>","protected":false},"excerpt":{"rendered":"<p>FICHA T\u00c9CNICA<br \/>\nValoraciones<br \/>\nCORTAC\u00c9SPED HUSQVARNA TS 142 L<br \/>\nCortac\u00e9sped Husqvarna TS 142 L de 107 cm<br \/>\nSerie 100<br \/>\nMotor de gasolina de 4 tiempos<br \/>\nMotor Briggs &#038; Stratton Intek<br \/>\nCilindrada: 500 cm3<br \/>\nPotencia: 8,6 kW; 11,68 Cv<br \/>\nAncho de corte: 107 cm<br \/>\nTransmisi\u00f3n hidrost\u00e1tica con control de pie<br \/>\n6 posiciones de corte: 38-102 cm<br \/>\nAjuste de altura de corte sin escalonamiento<br \/>\nVentajas del producto: Eje delantero de fundici\u00f3n; transmisi\u00f3n hidrost\u00e1tica; gran ancho de corte<br \/>\nSuperficie recomendada m\u00e1x. 6000 m2<\/p>","protected":false},"featured_media":7165,"comment_status":"open","ping_status":"closed","template":"","meta":[],"product_brand":[],"product_cat":[140],"product_tag":[],"class_list":{"0":"post-7111","1":"product","2":"type-product","3":"status-publish","4":"has-post-thumbnail","6":"product_cat-tondeuse-autoporte","8":"first","9":"instock","10":"taxable","11":"shipping-taxable","12":"purchasable","13":"product-type-simple"},"_links":{"self":[{"href":"https:\/\/cabashippinginternational.com\/en\/wp-json\/wp\/v2\/product\/7111","targetHints":{"allow":["GET"]}}],"collection":[{"href":"https:\/\/cabashippinginternational.com\/en\/wp-json\/wp\/v2\/product"}],"about":[{"href":"https:\/\/cabashippinginternational.com\/en\/wp-json\/wp\/v2\/types\/product"}],"replies":[{"embeddable":true,"href":"https:\/\/cabashippinginternational.com\/en\/wp-json\/wp\/v2\/comments?post=7111"}],"wp:featuredmedia":[{"embeddable":true,"href":"https:\/\/cabashippinginternational.com\/en\/wp-json\/wp\/v2\/media\/7165"}],"wp:attachment":[{"href":"https:\/\/cabashippinginternational.com\/en\/wp-json\/wp\/v2\/media?parent=7111"}],"wp:term":[{"taxonomy":"product_brand","embeddable":true,"href":"https:\/\/cabashippinginternational.com\/en\/wp-json\/wp\/v2\/product_brand?post=7111"},{"taxonomy":"product_cat","embeddable":true,"href":"https:\/\/cabashippinginternational.com\/en\/wp-json\/wp\/v2\/product_cat?post=7111"},{"taxonomy":"product_tag","embeddable":true,"href":"https:\/\/cabashippinginternational.com\/en\/wp-json\/wp\/v2\/product_tag?post=7111"}],"curies":[{"name":"wp","href":"https:\/\/api.w.org\/{rel}","templated":true}]}}