{"id":7104,"date":"2026-01-07T16:12:12","date_gmt":"2026-01-07T16:12:12","guid":{"rendered":"https:\/\/elektronica-aanhangers-houten.nl\/?post_type=product&#038;p=7104"},"modified":"2026-02-22T04:15:21","modified_gmt":"2026-02-22T04:15:21","slug":"tondeuse-autoportee-husqvarna-tc-239-t","status":"publish","type":"product","link":"https:\/\/cabashippinginternational.com\/en\/produit\/tondeuse-autoportee-husqvarna-tc-239-t\/","title":{"rendered":"Cortac\u00e9sped Husqvarna TC 239 T"},"content":{"rendered":"<div class=\"elementor-element elementor-element-1caffc0 elementor-widget elementor-widget-wd_title\" data-id=\"1caffc0\" data-element_type=\"widget\" data-widget_type=\"wd_title.default\">\n<div class=\"elementor-widget-container\">\n<div class=\"title-wrapper set-mb-s reset-last-child wd-title-color-default wd-title-style-default wd-title-size-default text-left\">\n<div class=\"liner-continer\">\n<h4 class=\"woodmart-title-container title wd-fontsize-l\">Descripci\u00f3n<\/h4>\n<\/div>\n<\/div>\n<\/div>\n<\/div>\n<div class=\"elementor-element elementor-element-e24b901 wd-single-content elementor-widget elementor-widget-wd_single_product_content\" data-id=\"e24b901\" data-element_type=\"widget\" data-widget_type=\"wd_single_product_content.default\">\n<div class=\"elementor-widget-container\">\n<p>Cortac\u00e9sped con un deck de 107 cm y potente motor de dos cilindros Husqvarna con choke autom\u00e1tico. Dise\u00f1o compacto con recogedor de c\u00e9sped integrado en la parte trasera. Ideal para jardines peque\u00f1os y medianos. Este modelo es f\u00e1cil y sencillo de usar y le ofrece la opci\u00f3n de 3 modos de corte: recogida con una caja de recogida de c\u00e9sped de gran capacidad de 320 litros, mulching o descarga trasera con la instalaci\u00f3n de un accesorio o deflector disponible como accesorio. Equipado con un indicador de carga de bater\u00eda y conexi\u00f3n para cargador Husqvarna.<\/p>\n<p>DATOS T\u00c9CNICOS<br \/>\nValoraciones<br \/>\nCortac\u00e9sped Husqvarna TC 239 T<br \/>\nCortac\u00e9sped Husqvarna TC 239 T en 97 cm<br \/>\nSerie 200<br \/>\nMotor de gasolina de 4 tiempos<br \/>\nMotor Husqvarna 7200 AVS<br \/>\nCilindrada: 656 cm3;<\/p>","protected":false},"excerpt":{"rendered":"<p>6 anchos de corte: 38-102 cm<br \/>\nMuy maniobrable, potente autoportante<br \/>\nCaja de hierba de 320 litros<br \/>\nAcoplamiento de cuchilla electromagn\u00e9tico<br \/>\nDos cuchillas Bifuncionales Husqvarna: recoger y triturar<br \/>\nMecanismo de corte equipado con 2 ruedas giratorias<br \/>\nEje delantero de hierro fundido<br \/>\nEquipado con faros<br \/>\nFunci\u00f3n de mulching sin salir del asiento<\/p>","protected":false},"featured_media":7160,"comment_status":"open","ping_status":"closed","template":"","meta":[],"product_brand":[],"product_cat":[140],"product_tag":[],"class_list":{"0":"post-7104","1":"product","2":"type-product","3":"status-publish","4":"has-post-thumbnail","6":"product_cat-tondeuse-autoporte","8":"first","9":"instock","10":"taxable","11":"shipping-taxable","12":"purchasable","13":"product-type-simple"},"_links":{"self":[{"href":"https:\/\/cabashippinginternational.com\/en\/wp-json\/wp\/v2\/product\/7104","targetHints":{"allow":["GET"]}}],"collection":[{"href":"https:\/\/cabashippinginternational.com\/en\/wp-json\/wp\/v2\/product"}],"about":[{"href":"https:\/\/cabashippinginternational.com\/en\/wp-json\/wp\/v2\/types\/product"}],"replies":[{"embeddable":true,"href":"https:\/\/cabashippinginternational.com\/en\/wp-json\/wp\/v2\/comments?post=7104"}],"wp:featuredmedia":[{"embeddable":true,"href":"https:\/\/cabashippinginternational.com\/en\/wp-json\/wp\/v2\/media\/7160"}],"wp:attachment":[{"href":"https:\/\/cabashippinginternational.com\/en\/wp-json\/wp\/v2\/media?parent=7104"}],"wp:term":[{"taxonomy":"product_brand","embeddable":true,"href":"https:\/\/cabashippinginternational.com\/en\/wp-json\/wp\/v2\/product_brand?post=7104"},{"taxonomy":"product_cat","embeddable":true,"href":"https:\/\/cabashippinginternational.com\/en\/wp-json\/wp\/v2\/product_cat?post=7104"},{"taxonomy":"product_tag","embeddable":true,"href":"https:\/\/cabashippinginternational.com\/en\/wp-json\/wp\/v2\/product_tag?post=7104"}],"curies":[{"name":"wp","href":"https:\/\/api.w.org\/{rel}","templated":true}]}}