{"id":7077,"date":"2026-01-07T16:10:41","date_gmt":"2026-01-07T16:10:41","guid":{"rendered":"https:\/\/elektronica-aanhangers-houten.nl\/?post_type=product&#038;p=7077"},"modified":"2026-02-22T04:17:02","modified_gmt":"2026-02-22T04:17:02","slug":"tondeuse-autoportee-ejection-arriere-mtd-smart-re-130-h","status":"publish","type":"product","link":"https:\/\/cabashippinginternational.com\/en\/produit\/tondeuse-autoportee-ejection-arriere-mtd-smart-re-130-h\/","title":{"rendered":"MTD SMART RE 130 H cortac\u00e9sped con descarga trasera"},"content":{"rendered":"<div class=\"elementor-element elementor-element-1caffc0 elementor-widget elementor-widget-wd_title\" data-id=\"1caffc0\" data-element_type=\"widget\" data-widget_type=\"wd_title.default\">\n<div class=\"elementor-widget-container\">\n<div class=\"title-wrapper set-mb-s reset-last-child wd-title-color-default wd-title-style-default wd-title-size-default text-left\">\n<div class=\"liner-continer\">\n<h4 class=\"woodmart-title-container title wd-fontsize-l\">Descripci\u00f3n<\/h4>\n<\/div>\n<\/div>\n<\/div>\n<\/div>\n<div class=\"elementor-element elementor-element-e24b901 wd-single-content elementor-widget elementor-widget-wd_single_product_content\" data-id=\"e24b901\" data-element_type=\"widget\" data-widget_type=\"wd_single_product_content.default\">\n<div class=\"elementor-widget-container\">\n<p><span class=\"description\">Motor MTD THORX 439 cm3 arranque el\u00e9ctrico 92 cm de corte transmisi\u00f3n hidrost\u00e1tica con control de pie opcional mulching 196-749a678 deflector opcional 196-750a678 5 ajustes de altura de corte 30-95 mm 240 l embudo flexible con tapa dura incluido cargador de bater\u00eda 196-967-678.<\/span><\/p>\n<div class=\"page-subtitle-wrapper\">\n<p id=\"subtitle\">4 T 382 cc 7,1 kW motor MTD &#8211; descarga y recogida trasera &#8211; caja de cambios hidrost\u00e1tica<\/p>\n<\/div>\n<div class=\"product-short-description\"><\/div>\n<p>&nbsp;<\/p>\n<\/div>\n<\/div>","protected":false},"excerpt":{"rendered":"<div class=\"product-short-description\">\n<ul>\n<li>Motor MTD 382 cm3 7,1 kW<\/li>\n<li>Ancho de corte 92 cm (corte ofrecido)<\/li>\n<li>Altura de corte de 30 a 95 mm<\/li>\n<li>Cambio hidrost\u00e1tico<\/li>\n<li>\u00c1reas de hasta 3500 m2<\/li>\n<li>Peso 195,00 kg<\/li>\n<\/ul>\n<\/div>\n<p><strong>Entrega gratuita en 5 d\u00edas<\/strong><\/p>\n<p><strong>2 a\u00f1os de garant\u00eda<\/strong><\/p>","protected":false},"featured_media":7135,"comment_status":"open","ping_status":"closed","template":"","meta":[],"product_brand":[],"product_cat":[140],"product_tag":[],"class_list":{"0":"post-7077","1":"product","2":"type-product","3":"status-publish","4":"has-post-thumbnail","6":"product_cat-tondeuse-autoporte","8":"first","9":"instock","10":"taxable","11":"shipping-taxable","12":"purchasable","13":"product-type-simple"},"_links":{"self":[{"href":"https:\/\/cabashippinginternational.com\/en\/wp-json\/wp\/v2\/product\/7077","targetHints":{"allow":["GET"]}}],"collection":[{"href":"https:\/\/cabashippinginternational.com\/en\/wp-json\/wp\/v2\/product"}],"about":[{"href":"https:\/\/cabashippinginternational.com\/en\/wp-json\/wp\/v2\/types\/product"}],"replies":[{"embeddable":true,"href":"https:\/\/cabashippinginternational.com\/en\/wp-json\/wp\/v2\/comments?post=7077"}],"wp:featuredmedia":[{"embeddable":true,"href":"https:\/\/cabashippinginternational.com\/en\/wp-json\/wp\/v2\/media\/7135"}],"wp:attachment":[{"href":"https:\/\/cabashippinginternational.com\/en\/wp-json\/wp\/v2\/media?parent=7077"}],"wp:term":[{"taxonomy":"product_brand","embeddable":true,"href":"https:\/\/cabashippinginternational.com\/en\/wp-json\/wp\/v2\/product_brand?post=7077"},{"taxonomy":"product_cat","embeddable":true,"href":"https:\/\/cabashippinginternational.com\/en\/wp-json\/wp\/v2\/product_cat?post=7077"},{"taxonomy":"product_tag","embeddable":true,"href":"https:\/\/cabashippinginternational.com\/en\/wp-json\/wp\/v2\/product_tag?post=7077"}],"curies":[{"name":"wp","href":"https:\/\/api.w.org\/{rel}","templated":true}]}}