{"id":7069,"date":"2026-01-07T16:10:18","date_gmt":"2026-01-07T16:10:18","guid":{"rendered":"https:\/\/elektronica-aanhangers-houten.nl\/?post_type=product&#038;p=7069"},"modified":"2026-02-22T04:17:32","modified_gmt":"2026-02-22T04:17:32","slug":"tondeuse-autoportee-a-ramassage-john-deere-x117r","status":"publish","type":"product","link":"https:\/\/cabashippinginternational.com\/en\/produit\/tondeuse-autoportee-a-ramassage-john-deere-x117r\/","title":{"rendered":"Cortac\u00e9sped John Deere X117R con recolector de hierba"},"content":{"rendered":"<div class=\"elementor-element elementor-element-1caffc0 elementor-widget elementor-widget-wd_title\" data-id=\"1caffc0\" data-element_type=\"widget\" data-widget_type=\"wd_title.default\">\n<div class=\"elementor-widget-container\">\n<div class=\"title-wrapper set-mb-s reset-last-child wd-title-color-default wd-title-style-default wd-title-size-default text-left\">\n<div class=\"liner-continer\">\n<h4 class=\"woodmart-title-container title wd-fontsize-l\">Descripci\u00f3n<\/h4>\n<\/div>\n<\/div>\n<\/div>\n<\/div>\n<div class=\"elementor-element elementor-element-e24b901 wd-single-content elementor-widget elementor-widget-wd_single_product_content\" data-id=\"e24b901\" data-element_type=\"widget\" data-widget_type=\"wd_single_product_content.default\">\n<div class=\"elementor-widget-container\">\n<p>Nuestro cortac\u00e9sped\/recolector X117R tiene un motor de un cilindro y transmisi\u00f3n hidrost\u00e1tica, con un control de pedal f\u00e1cil de usar y una cubierta de corte de 92 cm (36 pulgadas). Retire r\u00e1pidamente el contenedor de hierba de 300 litros y use el deflector en la parte trasera. El X117R tambi\u00e9n viene de serie con ganchos en la parte trasera, para que puedas insertar una amplia gama de herramientas para casi cualquier tarea de mantenimiento del c\u00e9sped.<\/p>\n<ul>\n<li><\/li>\n<\/ul>\n<\/div>\n<\/div>","protected":false},"excerpt":{"rendered":"<ul>\n<li>Activaci\u00f3n de la sierra: mec\u00e1nica<\/li>\n<li>Recogedor: 300 litros<\/li>\n<li>Asiento: est\u00e1ndar<\/li>\n<li>Kit de mulching: opcional<\/li>\n<li>Protecci\u00f3n frontal: opcional<\/li>\n<li>Deck de corte de 92 cm con descarga trasera<\/li>\n<li>Motor Briggs y Stratton de 10,84 kW con lubricaci\u00f3n por presi\u00f3n<\/li>\n<li>Tanque de combustible de 9 litros de f\u00e1cil acceso (bajo el asiento)<\/li>\n<li>Transmisi\u00f3n hidrost\u00e1tica con 2 pedales independientes<\/li>\n<li><a>Chasis de acero completamente soldado para fiabilidad<\/a><\/li>\n<li>Posici\u00f3n de conducci\u00f3n extremadamente c\u00f3moda con todo al alcance<\/li>\n<li>Ergonom\u00eda de todos los instrumentos del tablero<\/li>\n<li>Asiento c\u00f3modo y ajuste de adelante hacia atr\u00e1s<\/li>\n<li>Controles de f\u00e1cil uso<\/li>\n<\/ul>","protected":false},"featured_media":7127,"comment_status":"open","ping_status":"closed","template":"","meta":[],"product_brand":[],"product_cat":[140],"product_tag":[],"class_list":{"0":"post-7069","1":"product","2":"type-product","3":"status-publish","4":"has-post-thumbnail","6":"product_cat-tondeuse-autoporte","8":"first","9":"instock","10":"taxable","11":"shipping-taxable","12":"purchasable","13":"product-type-simple"},"_links":{"self":[{"href":"https:\/\/cabashippinginternational.com\/en\/wp-json\/wp\/v2\/product\/7069","targetHints":{"allow":["GET"]}}],"collection":[{"href":"https:\/\/cabashippinginternational.com\/en\/wp-json\/wp\/v2\/product"}],"about":[{"href":"https:\/\/cabashippinginternational.com\/en\/wp-json\/wp\/v2\/types\/product"}],"replies":[{"embeddable":true,"href":"https:\/\/cabashippinginternational.com\/en\/wp-json\/wp\/v2\/comments?post=7069"}],"wp:featuredmedia":[{"embeddable":true,"href":"https:\/\/cabashippinginternational.com\/en\/wp-json\/wp\/v2\/media\/7127"}],"wp:attachment":[{"href":"https:\/\/cabashippinginternational.com\/en\/wp-json\/wp\/v2\/media?parent=7069"}],"wp:term":[{"taxonomy":"product_brand","embeddable":true,"href":"https:\/\/cabashippinginternational.com\/en\/wp-json\/wp\/v2\/product_brand?post=7069"},{"taxonomy":"product_cat","embeddable":true,"href":"https:\/\/cabashippinginternational.com\/en\/wp-json\/wp\/v2\/product_cat?post=7069"},{"taxonomy":"product_tag","embeddable":true,"href":"https:\/\/cabashippinginternational.com\/en\/wp-json\/wp\/v2\/product_tag?post=7069"}],"curies":[{"name":"wp","href":"https:\/\/api.w.org\/{rel}","templated":true}]}}