{"id":7060,"date":"2026-01-07T16:09:55","date_gmt":"2026-01-07T16:09:55","guid":{"rendered":"https:\/\/elektronica-aanhangers-houten.nl\/?post_type=product&#038;p=7060"},"modified":"2026-02-22T04:18:03","modified_gmt":"2026-02-22T04:18:03","slug":"tondeuse-autoportee-a-ramassage-john-deere-x116r","status":"publish","type":"product","link":"https:\/\/cabashippinginternational.com\/en\/produit\/tondeuse-autoportee-a-ramassage-john-deere-x116r\/","title":{"rendered":"Cortac\u00e9sped John Deere X116R con recolector de hierba"},"content":{"rendered":"<div class=\"elementor-element elementor-element-1caffc0 elementor-widget elementor-widget-wd_title\" data-id=\"1caffc0\" data-element_type=\"widget\" data-widget_type=\"wd_title.default\">\n<div class=\"elementor-widget-container\">\n<div class=\"title-wrapper set-mb-s reset-last-child wd-title-color-default wd-title-style-default wd-title-size-default text-left\">\n<div class=\"liner-continer\">\n<h4 class=\"woodmart-title-container title wd-fontsize-l\">Descripci\u00f3n<\/h4>\n<\/div>\n<\/div>\n<\/div>\n<\/div>\n<div class=\"elementor-element elementor-element-e24b901 wd-single-content elementor-widget elementor-widget-wd_single_product_content\" data-id=\"e24b901\" data-element_type=\"widget\" data-widget_type=\"wd_single_product_content.default\">\n<div class=\"elementor-widget-container\">\n<p>Este cortac\u00e9sped John Deere X116R est\u00e1 dise\u00f1ado para clientes que desean productos de la m\u00e1s alta calidad para sus trabajos de corte y recolecci\u00f3n.<\/p>\n<p>Motor Briggs &#038; Stratton<br \/>\nPotencia nominal 13,41 a 3350 rpm.<br \/>\nCilindrada: 340 cm3<br \/>\nTransmisi\u00f3n: tracci\u00f3n en 2 ruedas<br \/>\nVelocidad hacia adelante\/atr\u00e1s: 8,9 \/ 5,1 km\/h<br \/>\nRadio de giro 50,8 cm<br \/>\nAltura de corte: 25 -90 mm<br \/>\nRecipiente de hierba est\u00e1ndar: 300 litros<\/p>\n<p>El tractor de jard\u00edn X116R con recolecci\u00f3n trasera tiene un motor de un cilindro, transmisi\u00f3n hidrost\u00e1tica que se controla mediante dos pedales f\u00e1ciles de usar, una plataforma de corte de 92 cm y un recipiente de hierba de 300 litros.<br \/>\nEl corte es muy eficiente tanto para segar como para recoger.<br \/>\nEl recipiente de hierba es f\u00e1cil de quitar y se puede reemplazar por un deflector.<\/p>","protected":false},"excerpt":{"rendered":"<p>&nbsp;<\/p>\n<p>SERVICIO<br \/>\n3 a\u00f1os de garant\u00eda<br \/>\n2 a\u00f1os + 1 a\u00f1o<br \/>\nEntrega gratuita en toda Francia y B\u00e9lgica.<br \/>\nLa m\u00e1quina se entrega montada con la caja de c\u00e9sped, gasolina, aceite de motor y ajuste del motor; el repartidor comprobar\u00e1 el funcionamiento de la m\u00e1quina en su presencia.<br \/>\nSu cobertura de cliente para tractores de jard\u00edn de la serie X100 lo protege durante los primeros 2 a\u00f1os por un n\u00famero ilimitado de horas. Si nos conf\u00eda el mantenimiento de su m\u00e1quina cada a\u00f1o, esta cobertura se extender\u00e1 autom\u00e1ticamente a 3 a\u00f1os o 120 horas, lo que ocurra primero.<\/p>","protected":false},"featured_media":7117,"comment_status":"open","ping_status":"closed","template":"","meta":[],"product_brand":[],"product_cat":[140],"product_tag":[],"class_list":{"0":"post-7060","1":"product","2":"type-product","3":"status-publish","4":"has-post-thumbnail","6":"product_cat-tondeuse-autoporte","8":"first","9":"instock","10":"taxable","11":"shipping-taxable","12":"purchasable","13":"product-type-simple"},"_links":{"self":[{"href":"https:\/\/cabashippinginternational.com\/en\/wp-json\/wp\/v2\/product\/7060","targetHints":{"allow":["GET"]}}],"collection":[{"href":"https:\/\/cabashippinginternational.com\/en\/wp-json\/wp\/v2\/product"}],"about":[{"href":"https:\/\/cabashippinginternational.com\/en\/wp-json\/wp\/v2\/types\/product"}],"replies":[{"embeddable":true,"href":"https:\/\/cabashippinginternational.com\/en\/wp-json\/wp\/v2\/comments?post=7060"}],"wp:featuredmedia":[{"embeddable":true,"href":"https:\/\/cabashippinginternational.com\/en\/wp-json\/wp\/v2\/media\/7117"}],"wp:attachment":[{"href":"https:\/\/cabashippinginternational.com\/en\/wp-json\/wp\/v2\/media?parent=7060"}],"wp:term":[{"taxonomy":"product_brand","embeddable":true,"href":"https:\/\/cabashippinginternational.com\/en\/wp-json\/wp\/v2\/product_brand?post=7060"},{"taxonomy":"product_cat","embeddable":true,"href":"https:\/\/cabashippinginternational.com\/en\/wp-json\/wp\/v2\/product_cat?post=7060"},{"taxonomy":"product_tag","embeddable":true,"href":"https:\/\/cabashippinginternational.com\/en\/wp-json\/wp\/v2\/product_tag?post=7060"}],"curies":[{"name":"wp","href":"https:\/\/api.w.org\/{rel}","templated":true}]}}