{"id":7057,"date":"2026-01-07T16:09:55","date_gmt":"2026-01-07T16:09:55","guid":{"rendered":"https:\/\/elektronica-aanhangers-houten.nl\/?post_type=product&#038;p=7057"},"modified":"2026-02-22T04:18:25","modified_gmt":"2026-02-22T04:18:25","slug":"tondeuse-autoportee-a-ramassage-integre-mtd-optima-ln-200-h","status":"publish","type":"product","link":"https:\/\/cabashippinginternational.com\/en\/produit\/tondeuse-autoportee-a-ramassage-integre-mtd-optima-ln-200-h\/","title":{"rendered":"MTD OPTIMA LN 200 H cortac\u00e9sped con recogedor de hierba integrado"},"content":{"rendered":"<div class=\"elementor-element elementor-element-1caffc0 elementor-widget elementor-widget-wd_title\" data-id=\"1caffc0\" data-element_type=\"widget\" data-widget_type=\"wd_title.default\">\n<div class=\"elementor-widget-container\">\n<div class=\"title-wrapper set-mb-s reset-last-child wd-title-color-default wd-title-style-default wd-title-size-default text-left\">\n<div class=\"liner-continer\">\n<h4 class=\"woodmart-title-container title wd-fontsize-l\">Descripci\u00f3n<\/h4>\n<\/div>\n<\/div>\n<\/div>\n<\/div>\n<div class=\"elementor-element elementor-element-e24b901 wd-single-content elementor-widget elementor-widget-wd_single_product_content\" data-id=\"e24b901\" data-element_type=\"widget\" data-widget_type=\"wd_single_product_content.default\">\n<div class=\"elementor-widget-container\">\n<p>Este cortac\u00e9sped MTD con recogedor de c\u00e9sped integrado combina una excelente calidad\/rendimiento gracias a su nuevo dise\u00f1o y al eficiente motor de 656cc y transmisi\u00f3n hidrost\u00e1tica. El cortac\u00e9sped tractor LN 200 H RTG le ofrece una comodidad de conducci\u00f3n y calidad de trabajo inigualables. Con su ancho de corte de 105 cm, puede segar superficies de hasta 2.500 m\u00b2.<\/p>\n<p><strong>Destacados:<\/strong><\/p>\n<ul class=\"pj-list\">\n<li>Poderoso motor de dos cilindros Briggs&amp;Stratton de la serie 7200<\/li>\n<p>.<\/p>\n<li>Se desplaza sobre terrenos irregulares y alrededor de obst\u00e1culos<\/li>\n<li>Transmisi\u00f3n hidrost\u00e1tica con control de pie<\/li>\n<\/ul>\n<p>&nbsp;<\/p>\n<\/div>\n<\/div>","protected":false},"excerpt":{"rendered":"<p>Briggs &#038; Stratton es uno de los mayores productores de motores de gasolina para uso exterior en el mundo. Los motores Briggs &#038; Stratton, dise\u00f1ados y fabricados en Am\u00e9rica, son productos fiables y potentes.<\/p>\n<p><2 a\u00f1os de garant\u00eda en piezas y mano de obra. Los trabajos de garant\u00eda deben realizarse dentro de la red de reparadores autorizados de MTD France, que cuenta con 450 puntos de servicio.\n<\/p>","protected":false},"featured_media":7110,"comment_status":"open","ping_status":"closed","template":"","meta":[],"product_brand":[],"product_cat":[140],"product_tag":[],"class_list":{"0":"post-7057","1":"product","2":"type-product","3":"status-publish","4":"has-post-thumbnail","6":"product_cat-tondeuse-autoporte","8":"first","9":"instock","10":"taxable","11":"shipping-taxable","12":"purchasable","13":"product-type-simple"},"_links":{"self":[{"href":"https:\/\/cabashippinginternational.com\/en\/wp-json\/wp\/v2\/product\/7057","targetHints":{"allow":["GET"]}}],"collection":[{"href":"https:\/\/cabashippinginternational.com\/en\/wp-json\/wp\/v2\/product"}],"about":[{"href":"https:\/\/cabashippinginternational.com\/en\/wp-json\/wp\/v2\/types\/product"}],"replies":[{"embeddable":true,"href":"https:\/\/cabashippinginternational.com\/en\/wp-json\/wp\/v2\/comments?post=7057"}],"wp:featuredmedia":[{"embeddable":true,"href":"https:\/\/cabashippinginternational.com\/en\/wp-json\/wp\/v2\/media\/7110"}],"wp:attachment":[{"href":"https:\/\/cabashippinginternational.com\/en\/wp-json\/wp\/v2\/media?parent=7057"}],"wp:term":[{"taxonomy":"product_brand","embeddable":true,"href":"https:\/\/cabashippinginternational.com\/en\/wp-json\/wp\/v2\/product_brand?post=7057"},{"taxonomy":"product_cat","embeddable":true,"href":"https:\/\/cabashippinginternational.com\/en\/wp-json\/wp\/v2\/product_cat?post=7057"},{"taxonomy":"product_tag","embeddable":true,"href":"https:\/\/cabashippinginternational.com\/en\/wp-json\/wp\/v2\/product_tag?post=7057"}],"curies":[{"name":"wp","href":"https:\/\/api.w.org\/{rel}","templated":true}]}}