{"id":7051,"date":"2026-01-07T16:09:33","date_gmt":"2026-01-07T16:09:33","guid":{"rendered":"https:\/\/elektronica-aanhangers-houten.nl\/?post_type=product&#038;p=7051"},"modified":"2026-02-22T04:18:40","modified_gmt":"2026-02-22T04:18:40","slug":"tondeuse-autoportee-a-ejection-laterale-mtd-optima-lg-200h","status":"publish","type":"product","link":"https:\/\/cabashippinginternational.com\/en\/produit\/tondeuse-autoportee-a-ejection-laterale-mtd-optima-lg-200h\/","title":{"rendered":"MTD Optima LG 200H cortac\u00e9sped con salida lateral"},"content":{"rendered":"<div class=\"elementor-element elementor-element-1caffc0 elementor-widget elementor-widget-wd_title\" data-id=\"1caffc0\" data-element_type=\"widget\" data-widget_type=\"wd_title.default\">\n<div class=\"elementor-widget-container\">\n<div class=\"title-wrapper set-mb-s reset-last-child wd-title-color-default wd-title-style-default wd-title-size-default text-left\">\n<div class=\"liner-continer\">\n<h4 class=\"woodmart-title-container title wd-fontsize-l\">Descripci\u00f3n<\/h4>\n<\/div>\n<\/div>\n<\/div>\n<\/div>\n<div class=\"elementor-element elementor-element-e24b901 wd-single-content elementor-widget elementor-widget-wd_single_product_content\" data-id=\"e24b901\" data-element_type=\"widget\" data-widget_type=\"wd_single_product_content.default\">\n<div class=\"elementor-widget-container\">\n<p>Este<strong> cortac\u00e9sped autopropulsado MTD de descarga lateral optima lg 200h<\/strong> tiene una excelente relaci\u00f3n calidad\/rendimiento gracias a su dise\u00f1o, su motorizaci\u00f3n eficiente de 679 cc y su transmisi\u00f3n hidrost\u00e1tica. Con un ancho de corte de 107 cm, podr\u00e1 segar superficies de hasta 4,000 m\u00b2. \u00a1Solo tendr\u00e1 que subirse a su tractor cortac\u00e9sped para segar su c\u00e9sped r\u00e1pidamente y sin ning\u00fan esfuerzo!<\/p>\n<p>&nbsp;<\/p>\n<\/div>\n<\/div>","protected":false},"excerpt":{"rendered":"<p><strong>Entrega gratuita en 5 d\u00edas<\/strong>.<\/p>\n<p><strong>2 a\u00f1os de garant\u00eda<\/strong>.<\/p>\n<p><strong>Parachoques incluido<\/strong>.<br \/>\n<strong>Enganche trasero y deflector incluidos.<\/strong><br \/>\n<strong>Persiana de mulching incluida.<\/strong><br \/>\n<strong>Cepillo de lavado incluido.<\/strong><br \/>\n<strong>Bolsa recolectora incluida.<\/strong><br \/>\n<strong>&#8211; Cargador de bater\u00eda incluido<\/strong><\/p>","protected":false},"featured_media":7108,"comment_status":"open","ping_status":"closed","template":"","meta":[],"product_brand":[],"product_cat":[140],"product_tag":[],"class_list":{"0":"post-7051","1":"product","2":"type-product","3":"status-publish","4":"has-post-thumbnail","6":"product_cat-tondeuse-autoporte","8":"first","9":"instock","10":"taxable","11":"shipping-taxable","12":"purchasable","13":"product-type-simple"},"_links":{"self":[{"href":"https:\/\/cabashippinginternational.com\/en\/wp-json\/wp\/v2\/product\/7051","targetHints":{"allow":["GET"]}}],"collection":[{"href":"https:\/\/cabashippinginternational.com\/en\/wp-json\/wp\/v2\/product"}],"about":[{"href":"https:\/\/cabashippinginternational.com\/en\/wp-json\/wp\/v2\/types\/product"}],"replies":[{"embeddable":true,"href":"https:\/\/cabashippinginternational.com\/en\/wp-json\/wp\/v2\/comments?post=7051"}],"wp:featuredmedia":[{"embeddable":true,"href":"https:\/\/cabashippinginternational.com\/en\/wp-json\/wp\/v2\/media\/7108"}],"wp:attachment":[{"href":"https:\/\/cabashippinginternational.com\/en\/wp-json\/wp\/v2\/media?parent=7051"}],"wp:term":[{"taxonomy":"product_brand","embeddable":true,"href":"https:\/\/cabashippinginternational.com\/en\/wp-json\/wp\/v2\/product_brand?post=7051"},{"taxonomy":"product_cat","embeddable":true,"href":"https:\/\/cabashippinginternational.com\/en\/wp-json\/wp\/v2\/product_cat?post=7051"},{"taxonomy":"product_tag","embeddable":true,"href":"https:\/\/cabashippinginternational.com\/en\/wp-json\/wp\/v2\/product_tag?post=7051"}],"curies":[{"name":"wp","href":"https:\/\/api.w.org\/{rel}","templated":true}]}}