{"id":6982,"date":"2026-01-07T16:06:48","date_gmt":"2026-01-07T16:06:48","guid":{"rendered":"https:\/\/elektronica-aanhangers-houten.nl\/?post_type=product&#038;p=6982"},"modified":"2026-02-22T04:19:22","modified_gmt":"2026-02-22T04:19:22","slug":"ptx-180-hd-castel-garden","status":"publish","type":"product","link":"https:\/\/cabashippinginternational.com\/en\/produit\/ptx-180-hd-castel-garden\/","title":{"rendered":"PTX 180 HD-CASTEL GARDEN"},"content":{"rendered":"<div class=\"elementor-element elementor-element-1caffc0 elementor-widget elementor-widget-wd_title\" data-id=\"1caffc0\" data-element_type=\"widget\" data-widget_type=\"wd_title.default\">\n<div class=\"elementor-widget-container\">\n<div class=\"title-wrapper set-mb-s reset-last-child wd-title-color-default wd-title-style-default wd-title-size-default text-left\">\n<div class=\"liner-continer\">\n<h4 class=\"woodmart-title-container title wd-fontsize-l\">Descr<\/p>","protected":false},"excerpt":{"rendered":"<ul class=\"list_check\">\n<li>RECIPIENTE DE RECOGIDA POTENTE, CON CAPACIDAD DE 300L<\/li>\n<li>IMPULSADO POR UN MOTOR DE DOS CILINDROS CASTELGARDEN ST 600<\/li>\n<li>CUCHILLA DE CORTE DE 102 CM CON 7 ALTURAS DE CORTE DISPONIBLES PARA ALTA ADAPTABILIDAD<\/li>\n<li>CIERRE ELECTROMAGN\u00c9TICO DE LAS CUCHILLAS PARA UNA MANIPULACI\u00d3N F\u00c1CIL Y SEGURA<\/li>\n<li>COMODIDAD MEJORADA CON ASIENTO ERGON\u00d3MICO Y VOLANTE CON AGARRE SUAVE<\/li>\n<li>KIT DE MULCH<\/li>\n<\/ul>","protected":false},"featured_media":7041,"comment_status":"open","ping_status":"closed","template":"","meta":[],"product_brand":[],"product_cat":[140],"product_tag":[],"class_list":{"0":"post-6982","1":"product","2":"type-product","3":"status-publish","4":"has-post-thumbnail","6":"product_cat-tondeuse-autoporte","8":"first","9":"instock","10":"taxable","11":"shipping-taxable","12":"purchasable","13":"product-type-simple"},"_links":{"self":[{"href":"https:\/\/cabashippinginternational.com\/en\/wp-json\/wp\/v2\/product\/6982","targetHints":{"allow":["GET"]}}],"collection":[{"href":"https:\/\/cabashippinginternational.com\/en\/wp-json\/wp\/v2\/product"}],"about":[{"href":"https:\/\/cabashippinginternational.com\/en\/wp-json\/wp\/v2\/types\/product"}],"replies":[{"embeddable":true,"href":"https:\/\/cabashippinginternational.com\/en\/wp-json\/wp\/v2\/comments?post=6982"}],"wp:featuredmedia":[{"embeddable":true,"href":"https:\/\/cabashippinginternational.com\/en\/wp-json\/wp\/v2\/media\/7041"}],"wp:attachment":[{"href":"https:\/\/cabashippinginternational.com\/en\/wp-json\/wp\/v2\/media?parent=6982"}],"wp:term":[{"taxonomy":"product_brand","embeddable":true,"href":"https:\/\/cabashippinginternational.com\/en\/wp-json\/wp\/v2\/product_brand?post=6982"},{"taxonomy":"product_cat","embeddable":true,"href":"https:\/\/cabashippinginternational.com\/en\/wp-json\/wp\/v2\/product_cat?post=6982"},{"taxonomy":"product_tag","embeddable":true,"href":"https:\/\/cabashippinginternational.com\/en\/wp-json\/wp\/v2\/product_tag?post=6982"}],"curies":[{"name":"wp","href":"https:\/\/api.w.org\/{rel}","templated":true}]}}