{"id":6956,"date":"2026-01-07T16:05:17","date_gmt":"2026-01-07T16:05:17","guid":{"rendered":"https:\/\/elektronica-aanhangers-houten.nl\/?post_type=product&#038;p=6956"},"modified":"2026-02-22T04:20:34","modified_gmt":"2026-02-22T04:20:34","slug":"minirider-mtd-a-ejection-laterale-smart-60-sde","status":"publish","type":"product","link":"https:\/\/cabashippinginternational.com\/en\/produit\/minirider-mtd-a-ejection-laterale-smart-60-sde\/","title":{"rendered":"MINIRIJDER MTD ZIJ-UITWORP SMART 60 SDE"},"content":{"rendered":"<div class=\"elementor-element elementor-element-1caffc0 elementor-widget elementor-widget-wd_title\" data-id=\"1caffc0\" data-element_type=\"widget\" data-widget_type=\"wd_title.default\">\n<div class=\"elementor-widget-container\">\n<div class=\"title-wrapper set-mb-s reset-last-child wd-title-color-default wd-title-style-default wd-title-size-default text-left\">\n<div class=\"liner-continer\">\n<h4 class=\"woodmart-title-container title wd-fontsize-l\">Descripci\u00f3n<\/h4>\n<\/div>\n<\/div>\n<\/div>\n<\/div>\n<div class=\"elementor-element elementor-element-e24b901 wd-single-content elementor-widget elementor-widget-wd_single_product_content\" data-id=\"e24b901\" data-element_type=\"widget\" data-widget_type=\"wd_single_product_content.default\">\n<div class=\"elementor-widget-container\">\n<p>Este Minirider Smart 60 SDE MTD para 1000 m\u00b2 ofrece una excelente relaci\u00f3n calidad-precio. Te beneficias de la exclusiva transmisi\u00f3n transm\u00e1tica de MTD con caja de cambios autom\u00e1tica controlada manualmente, un chasis compacto y ahorrador de espacio, y arranque el\u00e9ctrico.<br \/>\nCaracter\u00edsticas t\u00e9cnicas:<br \/>\n&#8211; Gracias al ancho de corte de 60 cm, puedes cortar 1.000 m\u00b2 en 37 minutos, dependiendo de las condiciones de corte y el terreno (con o sin \u00e1rboles).<br \/>\n&#8211; Este Rider est\u00e1 equipado con la transmisi\u00f3n Transmatic patentada de MTD. Esta es una transmisi\u00f3n autom\u00e1tica controlada con el pie que te permite variar la velocidad de forma continua.<br \/>\n&#8211; El motor se encuentra en la parte trasera, lo que te proporciona una excelente visibilidad. Gracias a su tama\u00f1o compacto (8<\/p>","protected":false},"excerpt":{"rendered":"<p>MTD produce el surtido m\u00e1s completo de herramientas de jard\u00edn motorizadas para cualquier uso posible. Los jardineros pueden elegir entre una amplia gama de productos diferentes que todos tienen una cosa en com\u00fan: son f\u00e1ciles de usar, robustos y duraderos.<br \/>\n2 a\u00f1os de garant\u00eda en piezas y mano de obra. Los trabajos de garant\u00eda deben realizarse dentro de la red de reparadores autorizados de MTD Francia, que cuenta con 450 puntos de servicio.<br \/>\nInformaci\u00f3n sobre la normativa actual:<br \/>\n&#8211; MTD pone a disposici\u00f3n todas las piezas de repuesto durante un per\u00edodo de 5 a\u00f1os a partir del final de la producci\u00f3n del producto.<br \/>\n&#8211; Un cortac\u00e9sped con asiento y volante es un veh\u00edculo de motor que est\u00e1 sujeto al seguro obligatorio de veh\u00edculos de motor.<\/p>","protected":false},"featured_media":7011,"comment_status":"open","ping_status":"closed","template":"","meta":[],"product_brand":[],"product_cat":[140],"product_tag":[],"class_list":{"0":"post-6956","1":"product","2":"type-product","3":"status-publish","4":"has-post-thumbnail","6":"product_cat-tondeuse-autoporte","8":"first","9":"instock","10":"taxable","11":"shipping-taxable","12":"purchasable","13":"product-type-simple"},"_links":{"self":[{"href":"https:\/\/cabashippinginternational.com\/en\/wp-json\/wp\/v2\/product\/6956","targetHints":{"allow":["GET"]}}],"collection":[{"href":"https:\/\/cabashippinginternational.com\/en\/wp-json\/wp\/v2\/product"}],"about":[{"href":"https:\/\/cabashippinginternational.com\/en\/wp-json\/wp\/v2\/types\/product"}],"replies":[{"embeddable":true,"href":"https:\/\/cabashippinginternational.com\/en\/wp-json\/wp\/v2\/comments?post=6956"}],"wp:featuredmedia":[{"embeddable":true,"href":"https:\/\/cabashippinginternational.com\/en\/wp-json\/wp\/v2\/media\/7011"}],"wp:attachment":[{"href":"https:\/\/cabashippinginternational.com\/en\/wp-json\/wp\/v2\/media?parent=6956"}],"wp:term":[{"taxonomy":"product_brand","embeddable":true,"href":"https:\/\/cabashippinginternational.com\/en\/wp-json\/wp\/v2\/product_brand?post=6956"},{"taxonomy":"product_cat","embeddable":true,"href":"https:\/\/cabashippinginternational.com\/en\/wp-json\/wp\/v2\/product_cat?post=6956"},{"taxonomy":"product_tag","embeddable":true,"href":"https:\/\/cabashippinginternational.com\/en\/wp-json\/wp\/v2\/product_tag?post=6956"}],"curies":[{"name":"wp","href":"https:\/\/api.w.org\/{rel}","templated":true}]}}