{"id":6954,"date":"2026-01-07T16:05:16","date_gmt":"2026-01-07T16:05:16","guid":{"rendered":"https:\/\/elektronica-aanhangers-houten.nl\/?post_type=product&#038;p=6954"},"modified":"2026-02-22T04:20:48","modified_gmt":"2026-02-22T04:20:48","slug":"honda-tracteur-hf-2315-hm-tondeuse-auto-portee","status":"publish","type":"product","link":"https:\/\/cabashippinginternational.com\/en\/produit\/honda-tracteur-hf-2315-hm-tondeuse-auto-portee\/","title":{"rendered":"Honda Tractor HF 2315 HM cortac\u00e9sped"},"content":{"rendered":"<div class=\"elementor-element elementor-element-1caffc0 elementor-widget elementor-widget-wd_title\" data-id=\"1caffc0\" data-element_type=\"widget\" data-widget_type=\"wd_title.default\">\n<div class=\"elementor-widget-container\">\n<div class=\"title-wrapper set-mb-s reset-last-child wd-title-color-default wd-title-style-default wd-title-size-default text-left\">\n<div class=\"liner-continer\">\n<h4 class=\"woodmart-title-container title wd-fontsize-l\">Descripci\u00f3n<\/h4>\n<\/div>\n<\/div>\n<\/div>\n<\/div>\n<div class=\"elementor-element elementor-element-e24b901 wd-single-content elementor-widget elementor-widget-wd_single_product_content\" data-id=\"e24b901\" data-element_type=\"widget\" data-widget_type=\"wd_single_product_content.default\">\n<div class=\"elementor-widget-container\">\n<p>Con acoplamiento de freno de corte electromagn\u00e9tico. Vaciamiento manual de la caja de c\u00e9sped. Posiciones de corte: 7. Nivel de ruido: 100 dB(A). Mulching, acoplamiento de remolque y deflector no incluidos.<br \/>\nDimensiones (L x A x H): 2480 x 960 x 1100 mm. Peso seco: 213 kg.<br \/>\nAncho de corte: 92 cm. N\u00famero de cuchillas: 2. Motor: as\u00edncrono. Ajuste de altura de corte: 30 &#8211; 80 mm. Capacidad de la caja de recolecci\u00f3n de c\u00e9sped: 280 L. Tiempo de recolecci\u00f3n para un c\u00e9sped de 100 m\u00b2: 2 minutos y 3 segundos. Tiempo de mulching para un c\u00e9sped de 100 m\u00b2: 48 segundos.<\/p>\n<\/div>\n<\/div>","protected":false},"excerpt":{"rendered":"<p>Motor OHC V-Twin de 4 tiempos. Cilindrada: 530 cc. Modelo de motor: GCV520. Potencia nominal del motor: 9,4 kW; 2800 rpm. Capacidad del tanque de combustible: 5,4 l. Capacidad del tanque de aceite del motor: 1,15 l. Transmisi\u00f3n variable: hidrost\u00e1tica. Velocidad progresiva hacia adelante: 0 a 8,2 km\/h.<br \/>\nNeum\u00e1ticos delanteros (di\u00e1metro x ancho &#8211; llanta): 13\u00bb x 5\u00bb &#8211; 6\u00bb. Neum\u00e1ticos traseros (di\u00e1metro x ancho &#8211; llanta): 18&#8243; x 8.50&#8243; &#8211; 8&#8243;. Radio de giro: 1,8 m.<\/p>","protected":false},"featured_media":7009,"comment_status":"open","ping_status":"closed","template":"","meta":[],"product_brand":[],"product_cat":[140],"product_tag":[],"class_list":{"0":"post-6954","1":"product","2":"type-product","3":"status-publish","4":"has-post-thumbnail","6":"product_cat-tondeuse-autoporte","8":"first","9":"instock","10":"taxable","11":"shipping-taxable","12":"purchasable","13":"product-type-simple"},"_links":{"self":[{"href":"https:\/\/cabashippinginternational.com\/en\/wp-json\/wp\/v2\/product\/6954","targetHints":{"allow":["GET"]}}],"collection":[{"href":"https:\/\/cabashippinginternational.com\/en\/wp-json\/wp\/v2\/product"}],"about":[{"href":"https:\/\/cabashippinginternational.com\/en\/wp-json\/wp\/v2\/types\/product"}],"replies":[{"embeddable":true,"href":"https:\/\/cabashippinginternational.com\/en\/wp-json\/wp\/v2\/comments?post=6954"}],"wp:featuredmedia":[{"embeddable":true,"href":"https:\/\/cabashippinginternational.com\/en\/wp-json\/wp\/v2\/media\/7009"}],"wp:attachment":[{"href":"https:\/\/cabashippinginternational.com\/en\/wp-json\/wp\/v2\/media?parent=6954"}],"wp:term":[{"taxonomy":"product_brand","embeddable":true,"href":"https:\/\/cabashippinginternational.com\/en\/wp-json\/wp\/v2\/product_brand?post=6954"},{"taxonomy":"product_cat","embeddable":true,"href":"https:\/\/cabashippinginternational.com\/en\/wp-json\/wp\/v2\/product_cat?post=6954"},{"taxonomy":"product_tag","embeddable":true,"href":"https:\/\/cabashippinginternational.com\/en\/wp-json\/wp\/v2\/product_tag?post=6954"}],"curies":[{"name":"wp","href":"https:\/\/api.w.org\/{rel}","templated":true}]}}