{"id":6953,"date":"2026-01-07T16:05:16","date_gmt":"2026-01-07T16:05:16","guid":{"rendered":"https:\/\/elektronica-aanhangers-houten.nl\/?post_type=product&#038;p=6953"},"modified":"2026-02-22T04:20:59","modified_gmt":"2026-02-22T04:20:59","slug":"e-ride-c500-tracteur-tondeuse-a-batterie","status":"publish","type":"product","link":"https:\/\/cabashippinginternational.com\/en\/produit\/e-ride-c500-tracteur-tondeuse-a-batterie\/","title":{"rendered":"e-Ride C500 cortac\u00e9sped de tracci\u00f3n el\u00e9ctrica con bater\u00eda"},"content":{"rendered":"<div class=\"elementor-element elementor-element-1caffc0 elementor-widget elementor-widget-wd_title\" data-id=\"1caffc0\" data-element_type=\"widget\" data-widget_type=\"wd_title.default\">\n<div class=\"elementor-widget-container\">\n<div class=\"title-wrapper set-mb-s reset-last-child wd-title-color-default wd-title-style-default wd-title-size-default text-left\">\n<div class=\"liner-continer\">\n<h4 class=\"woodmart-title-container title wd-fontsize-l\">Descripci\u00f3n<\/h4>\n<\/div>\n<\/div>\n<\/div>\n<\/div>\n<div class=\"elementor-element elementor-element-e24b901 wd-single-content elementor-widget elementor-widget-wd_single_product_content\" data-id=\"e24b901\" data-element_type=\"widget\" data-widget_type=\"wd_single_product_content.default\">\n<div class=\"elementor-widget-container\">\n<div class=\"product attribuut overzicht\">\n<div class=\"value\">El e-Ride C500 combina las ventajas de una cortadora de c\u00e9sped silenciosa y sin combustible con la potencia de una cortadora de c\u00e9sped de tractor de gasolina. Con sus potentes bater\u00edas de 40 Ah (Li-ion), desarrolladas y probadas por STIGA en Italia, puedes cortar 4.000 m\u00b2 en 60 minutos. Tambi\u00e9n est\u00e1 equipado con funciones como un tablero, modo eco, control de crucero y faros LED para cortar con poca luz. El e-Ride C500 tambi\u00e9n viene con un gran recogedor de c\u00e9sped de 240 litros, un kit de mulching si prefieres esparcir el c\u00e9sped cortado sobre tu jard\u00edn.<\/div>\n<\/div>\n<div class=\"product attribuut verkooppunten\">\n<ul class=\"list_check\">\n<li><\/li>\n<\/ul>\n<\/div>\n<\/div>\n<\/div>","protected":false},"excerpt":{"rendered":"<ul class=\"list_check\">\n<li>Segadora a bater\u00eda sin combustible y sin estr\u00e9s<\/li>\n<li>Recogedor de hierba de 240 l y tapa de mulching<\/li>\n<li>Poderoso motor transaxle de 1,2 kW y dos motores de corte de un total de 3 kW<\/li>\n<li>\u00daltima generaci\u00f3n y rica en funciones (inicio r\u00e1pido, modo eco, control de crucero, faros LED y mucho m\u00e1s)<\/li>\n<li>Anchura de corte de 84 cm, ajustable en siete alturas<\/li>\n<li>Bater\u00eda de 48 V 40 Ah incluida, cargador est\u00e1ndar incluido, cargador r\u00e1pido disponible como opci\u00f3n<\/li>\n<\/ul>","protected":false},"featured_media":7003,"comment_status":"open","ping_status":"closed","template":"","meta":[],"product_brand":[],"product_cat":[140],"product_tag":[],"class_list":{"0":"post-6953","1":"product","2":"type-product","3":"status-publish","4":"has-post-thumbnail","6":"product_cat-tondeuse-autoporte","8":"first","9":"instock","10":"taxable","11":"shipping-taxable","12":"purchasable","13":"product-type-simple"},"_links":{"self":[{"href":"https:\/\/cabashippinginternational.com\/en\/wp-json\/wp\/v2\/product\/6953","targetHints":{"allow":["GET"]}}],"collection":[{"href":"https:\/\/cabashippinginternational.com\/en\/wp-json\/wp\/v2\/product"}],"about":[{"href":"https:\/\/cabashippinginternational.com\/en\/wp-json\/wp\/v2\/types\/product"}],"replies":[{"embeddable":true,"href":"https:\/\/cabashippinginternational.com\/en\/wp-json\/wp\/v2\/comments?post=6953"}],"wp:featuredmedia":[{"embeddable":true,"href":"https:\/\/cabashippinginternational.com\/en\/wp-json\/wp\/v2\/media\/7003"}],"wp:attachment":[{"href":"https:\/\/cabashippinginternational.com\/en\/wp-json\/wp\/v2\/media?parent=6953"}],"wp:term":[{"taxonomy":"product_brand","embeddable":true,"href":"https:\/\/cabashippinginternational.com\/en\/wp-json\/wp\/v2\/product_brand?post=6953"},{"taxonomy":"product_cat","embeddable":true,"href":"https:\/\/cabashippinginternational.com\/en\/wp-json\/wp\/v2\/product_cat?post=6953"},{"taxonomy":"product_tag","embeddable":true,"href":"https:\/\/cabashippinginternational.com\/en\/wp-json\/wp\/v2\/product_tag?post=6953"}],"curies":[{"name":"wp","href":"https:\/\/api.w.org\/{rel}","templated":true}]}}