{"id":6952,"date":"2026-01-07T16:05:16","date_gmt":"2026-01-07T16:05:16","guid":{"rendered":"https:\/\/elektronica-aanhangers-houten.nl\/?post_type=product&#038;p=6952"},"modified":"2026-02-22T04:21:08","modified_gmt":"2026-02-22T04:21:08","slug":"estate-5092-hw-tracteur-tondeuse-thermique","status":"publish","type":"product","link":"https:\/\/cabashippinginternational.com\/en\/produit\/estate-5092-hw-tracteur-tondeuse-thermique\/","title":{"rendered":"ESTATE 5092 HW Segadora de tractor t\u00e9rmica"},"content":{"rendered":"<div class=\"elementor-element elementor-element-1caffc0 elementor-widget elementor-widget-wd_title\" data-id=\"1caffc0\" data-element_type=\"widget\" data-widget_type=\"wd_title.default\">\n<div class=\"elementor-widget-container\">\n<div class=\"title-wrapper set-mb-s reset-last-child wd-title-color-default wd-title-style-default wd-title-size-default text-left\">\n<div class=\"liner-continer\">\n<h4 class=\"woodmart-title-container title wd-fontsize-l\">Descripci\u00f3n<\/h4>\n<\/div>\n<\/div>\n<\/div>\n<\/div>\n<div class=\"elementor-element elementor-element-e24b901 wd-single-content elementor-widget elementor-widget-wd_single_product_content\" data-id=\"e24b901\" data-element_type=\"widget\" data-widget_type=\"wd_single_product_content.default\">\n<div class=\"elementor-widget-container\">\n<div class=\"product attribuut overzicht\">\n<div class=\"value\">Tractor de corte de 2 cuchillas equipado con un motor STIGA de 586cc de dos cilindros, plataforma de corte de 90 cm y recolector de hierba de 290 litros. La transmisi\u00f3n hidrost\u00e1tica proporciona una aceleraci\u00f3n suave y controlada. El lugar de trabajo ergon\u00f3mico est\u00e1 dise\u00f1ado para facilitar el trabajo.<\/div>\n<\/div>\n<div class=\"productkenmerk-verkooppunten\">\n<ul class=\"list_check\">\n<li><\/li>\n<\/ul>\n<\/div>\n<\/div>\n<\/div>","protected":false},"excerpt":{"rendered":"<ul class=\"list_check\">\n<li>Poderoso, equipado con motor de dos cilindros STIGA<\/li>\n<li>Ancho, eficiente deck de corte de 92 cm<\/li>\n<li>Gran caja de recogida de hierba de 290 litros<\/li>\n<li>Suave regulaci\u00f3n de velocidad gracias a la transmisi\u00f3n hidrost\u00e1tica<\/li>\n<li>Confort garantizado con el asiento STIGA Comfort<\/li>\n<li>Persiana de mulching incluida<\/li>\n<\/ul>","protected":false},"featured_media":7002,"comment_status":"open","ping_status":"closed","template":"","meta":[],"product_brand":[],"product_cat":[140],"product_tag":[],"class_list":{"0":"post-6952","1":"product","2":"type-product","3":"status-publish","4":"has-post-thumbnail","6":"product_cat-tondeuse-autoporte","8":"first","9":"instock","10":"taxable","11":"shipping-taxable","12":"purchasable","13":"product-type-simple"},"_links":{"self":[{"href":"https:\/\/cabashippinginternational.com\/en\/wp-json\/wp\/v2\/product\/6952","targetHints":{"allow":["GET"]}}],"collection":[{"href":"https:\/\/cabashippinginternational.com\/en\/wp-json\/wp\/v2\/product"}],"about":[{"href":"https:\/\/cabashippinginternational.com\/en\/wp-json\/wp\/v2\/types\/product"}],"replies":[{"embeddable":true,"href":"https:\/\/cabashippinginternational.com\/en\/wp-json\/wp\/v2\/comments?post=6952"}],"wp:featuredmedia":[{"embeddable":true,"href":"https:\/\/cabashippinginternational.com\/en\/wp-json\/wp\/v2\/media\/7002"}],"wp:attachment":[{"href":"https:\/\/cabashippinginternational.com\/en\/wp-json\/wp\/v2\/media?parent=6952"}],"wp:term":[{"taxonomy":"product_brand","embeddable":true,"href":"https:\/\/cabashippinginternational.com\/en\/wp-json\/wp\/v2\/product_brand?post=6952"},{"taxonomy":"product_cat","embeddable":true,"href":"https:\/\/cabashippinginternational.com\/en\/wp-json\/wp\/v2\/product_cat?post=6952"},{"taxonomy":"product_tag","embeddable":true,"href":"https:\/\/cabashippinginternational.com\/en\/wp-json\/wp\/v2\/product_tag?post=6952"}],"curies":[{"name":"wp","href":"https:\/\/api.w.org\/{rel}","templated":true}]}}