{"id":6943,"date":"2026-01-07T16:04:43","date_gmt":"2026-01-07T16:04:43","guid":{"rendered":"https:\/\/elektronica-aanhangers-houten.nl\/?post_type=product&#038;p=6943"},"modified":"2026-02-22T04:21:25","modified_gmt":"2026-02-22T04:21:25","slug":"estate-3084-h-tracteur-tondeuse-thermique-premium","status":"publish","type":"product","link":"https:\/\/cabashippinginternational.com\/en\/produit\/estate-3084-h-tracteur-tondeuse-thermique-premium\/","title":{"rendered":"ESTATE 3084 H Cortac\u00e9sped de gasolina Premium"},"content":{"rendered":"<div class=\"elementor-element elementor-element-1caffc0 elementor-widget elementor-widget-wd_title\" data-id=\"1caffc0\" data-element_type=\"widget\" data-widget_type=\"wd_title.default\">\n<div class=\"elementor-widget-container\">\n<div class=\"title-wrapper set-mb-s reset-last-child wd-title-color-default wd-title-style-default wd-title-size-default text-left\">\n<div class=\"liner-continer\">\n<h4 class=\"woodmart-title-container title wd-fontsize-l\">Descripci\u00f3n<\/h4>\n<\/div>\n<\/div>\n<\/div>\n<\/div>\n<div class=\"elementor-element elementor-element-e24b901 wd-single-content elementor-widget elementor-widget-wd_single_product_content\" data-id=\"e24b901\" data-element_type=\"widget\" data-widget_type=\"wd_single_product_content.default\">\n<div class=\"elementor-widget-container\">\n<div class=\"product attribuut overzicht\">\n<div class=\"value\">Tractor cortac\u00e9sped compacto equipado con una plataforma de corte de doble cuchilla con un ancho de corte de 84 cm y un recogedor de hierba de 240 litros. Impulsado por un motor monocil\u00edndrico Briggs &#038; Stratton con sistema antivibraci\u00f3n. Adecuado para jardines de hasta 3500 m\u00b2.<\/div>\n<\/div>\n<div class=\"product attribuut verkooppunten\">\n<ul class=\"list_check\">\n<li><\/li>\n<\/ul>\n<\/div>\n<\/div>\n<\/div>","protected":false},"excerpt":{"rendered":"<ul class=\"list_check\">\n<li>Cortac\u00e9sped de 84 cm con 2 ruedas antideslizantes<\/li>\n<li>Recipiente de recogida de hierba de 240 L<\/li>\n<li>Regulaci\u00f3n de velocidad suave gracias a la transmisi\u00f3n hidrost\u00e1tica<\/li>\n<li>Faros potentes para una excelente visibilidad con poca luz<\/li>\n<li>Incluye tapa de mulching<\/li>\n<li>Duradero y resistente al desgaste, gracias al eje delantero de hierro fundido<\/li>\n<\/ul>","protected":false},"featured_media":7000,"comment_status":"open","ping_status":"closed","template":"","meta":[],"product_brand":[],"product_cat":[140],"product_tag":[],"class_list":{"0":"post-6943","1":"product","2":"type-product","3":"status-publish","4":"has-post-thumbnail","6":"product_cat-tondeuse-autoporte","8":"first","9":"instock","10":"taxable","11":"shipping-taxable","12":"purchasable","13":"product-type-simple"},"_links":{"self":[{"href":"https:\/\/cabashippinginternational.com\/en\/wp-json\/wp\/v2\/product\/6943","targetHints":{"allow":["GET"]}}],"collection":[{"href":"https:\/\/cabashippinginternational.com\/en\/wp-json\/wp\/v2\/product"}],"about":[{"href":"https:\/\/cabashippinginternational.com\/en\/wp-json\/wp\/v2\/types\/product"}],"replies":[{"embeddable":true,"href":"https:\/\/cabashippinginternational.com\/en\/wp-json\/wp\/v2\/comments?post=6943"}],"wp:featuredmedia":[{"embeddable":true,"href":"https:\/\/cabashippinginternational.com\/en\/wp-json\/wp\/v2\/media\/7000"}],"wp:attachment":[{"href":"https:\/\/cabashippinginternational.com\/en\/wp-json\/wp\/v2\/media?parent=6943"}],"wp:term":[{"taxonomy":"product_brand","embeddable":true,"href":"https:\/\/cabashippinginternational.com\/en\/wp-json\/wp\/v2\/product_brand?post=6943"},{"taxonomy":"product_cat","embeddable":true,"href":"https:\/\/cabashippinginternational.com\/en\/wp-json\/wp\/v2\/product_cat?post=6943"},{"taxonomy":"product_tag","embeddable":true,"href":"https:\/\/cabashippinginternational.com\/en\/wp-json\/wp\/v2\/product_tag?post=6943"}],"curies":[{"name":"wp","href":"https:\/\/api.w.org\/{rel}","templated":true}]}}