{"id":6937,"date":"2026-01-07T16:04:18","date_gmt":"2026-01-07T16:04:18","guid":{"rendered":"https:\/\/elektronica-aanhangers-houten.nl\/?post_type=product&#038;p=6937"},"modified":"2026-02-22T04:21:52","modified_gmt":"2026-02-22T04:21:52","slug":"e-ride-s300-tracteur-tondeuse-a-batterie","status":"publish","type":"product","link":"https:\/\/cabashippinginternational.com\/en\/produit\/e-ride-s300-tracteur-tondeuse-a-batterie\/","title":{"rendered":"e-Ride S300 cortac\u00e9sped de tractor a bater\u00eda"},"content":{"rendered":"<div class=\"elementor-element elementor-element-1caffc0 elementor-widget elementor-widget-wd_title\" data-id=\"1caffc0\" data-element_type=\"widget\" data-widget_type=\"wd_title.default\">\n<div class=\"elementor-widget-container\">\n<div class=\"title-wrapper set-mb-s reset-last-child wd-title-color-default wd-title-style-default wd-title-size-default text-left\">\n<div class=\"liner-continer\">\n<h4 class=\"woodmart-title-container title wd-fontsize-l\">Descripci\u00f3n<\/h4>\n<\/div>\n<\/div>\n<\/div>\n<\/div>\n<div class=\"elementor-element elementor-element-e24b901 wd-single-content elementor-widget elementor-widget-wd_single_product_content\" data-id=\"e24b901\" data-element_type=\"widget\" data-widget_type=\"wd_single_product_content.default\">\n<div class=\"elementor-widget-container\">\n<div class=\"product attribuut overzicht\">\n<div class=\"value\">El potente cortac\u00e9sped e-Ride S300 con descarga lateral recorre tu c\u00e9sped en filas perfectas. Est\u00e1 impulsado por potentes bater\u00edas de 30 Ah (Li-ion), desarrolladas y probadas por STIGA en Italia, que pueden cortar 3.500 m\u00b2 en 45 minutos por carga. Adem\u00e1s, gracias a su generoso ancho de corte de 98 cm, puedes cortar m\u00e1s superficie en menos tiempo.<\/div>\n<\/div>\n<div class=\"product attribute selling-points\">\n<ul class=\"list_check\">\n<li><\/li>\n<\/ul>\n<\/div>\n<\/div>\n<\/div>","protected":false},"excerpt":{"rendered":"<ul class=\"list_check\">\n<li>Segadora a bater\u00eda sin combustible y sin estr\u00e9s<\/li>\n<li>Control simplificado e intuitivo, con bot\u00f3n de arranque r\u00e1pido, alarma, estado de la bater\u00eda y m\u00e1s<\/li>\n<li>Freno integrado en el motor el\u00e9ctrico, no se necesita pedal. Simplemente suelte el pedal de transmisi\u00f3n y el tractor se detiene autom\u00e1ticamente.<\/li>\n<li>Funci\u00f3n de descarga lateral y kit de mulching<\/li>\n<li>Anchura de corte de 98 cm, ajustable en siete alturas<\/li>\n<li>Bater\u00eda de 48 V 30 Ah incluida, cargador est\u00e1ndar incluido, cargador r\u00e1pido disponible opcionalmente<\/li>\n<\/ul>","protected":false},"featured_media":6992,"comment_status":"open","ping_status":"closed","template":"","meta":[],"product_brand":[],"product_cat":[140],"product_tag":[],"class_list":{"0":"post-6937","1":"product","2":"type-product","3":"status-publish","4":"has-post-thumbnail","6":"product_cat-tondeuse-autoporte","8":"first","9":"instock","10":"taxable","11":"shipping-taxable","12":"purchasable","13":"product-type-simple"},"_links":{"self":[{"href":"https:\/\/cabashippinginternational.com\/en\/wp-json\/wp\/v2\/product\/6937","targetHints":{"allow":["GET"]}}],"collection":[{"href":"https:\/\/cabashippinginternational.com\/en\/wp-json\/wp\/v2\/product"}],"about":[{"href":"https:\/\/cabashippinginternational.com\/en\/wp-json\/wp\/v2\/types\/product"}],"replies":[{"embeddable":true,"href":"https:\/\/cabashippinginternational.com\/en\/wp-json\/wp\/v2\/comments?post=6937"}],"wp:featuredmedia":[{"embeddable":true,"href":"https:\/\/cabashippinginternational.com\/en\/wp-json\/wp\/v2\/media\/6992"}],"wp:attachment":[{"href":"https:\/\/cabashippinginternational.com\/en\/wp-json\/wp\/v2\/media?parent=6937"}],"wp:term":[{"taxonomy":"product_brand","embeddable":true,"href":"https:\/\/cabashippinginternational.com\/en\/wp-json\/wp\/v2\/product_brand?post=6937"},{"taxonomy":"product_cat","embeddable":true,"href":"https:\/\/cabashippinginternational.com\/en\/wp-json\/wp\/v2\/product_cat?post=6937"},{"taxonomy":"product_tag","embeddable":true,"href":"https:\/\/cabashippinginternational.com\/en\/wp-json\/wp\/v2\/product_tag?post=6937"}],"curies":[{"name":"wp","href":"https:\/\/api.w.org\/{rel}","templated":true}]}}