{"id":6932,"date":"2026-01-07T16:03:24","date_gmt":"2026-01-07T16:03:24","guid":{"rendered":"https:\/\/elektronica-aanhangers-houten.nl\/?post_type=product&#038;p=6932"},"modified":"2026-02-22T04:22:10","modified_gmt":"2026-02-22T04:22:10","slug":"debroussailleuse-autoportee-grillo-climber-8-22","status":"publish","type":"product","link":"https:\/\/cabashippinginternational.com\/en\/produit\/debroussailleuse-autoportee-grillo-climber-8-22\/","title":{"rendered":"Grillo Climber 8.22 cortac\u00e9sped"},"content":{"rendered":"<div class=\"elementor-element elementor-element-1caffc0 elementor-widget elementor-widget-wd_title\" data-id=\"1caffc0\" data-element_type=\"widget\" data-widget_type=\"wd_title.default\">\n<div class=\"elementor-widget-container\">\n<div class=\"title-wrapper set-mb-s reset-last-child wd-title-color-default wd-title-style-default wd-title-size-default text-left\">\n<div class=\"liner-continer\">\n<h4 class=\"woodmart-title-container title wd-fontsize-l\">Descripci\u00f3n<\/h4>\n<\/div>\n<\/div>\n<\/div>\n<\/div>\n<div class=\"elementor-element elementor-element-e24b901 wd-single-content elementor-widget elementor-widget-wd_single_product_content\" data-id=\"e24b901\" data-element_type=\"widget\" data-widget_type=\"wd_single_product_content.default\">\n<div class=\"elementor-widget-container\">\n<p>El modelo <strong>Climber 8.22<\/strong> es un desbrozador hidrost\u00e1tico con cuchillas dise\u00f1adas con soluciones innovadoras que mejoran a\u00fan m\u00e1s el rendimiento. Viene de serie con un <strong>eje hidrost\u00e1tico profesional<\/strong> con <strong>bloqueo de diferencial integrado<\/strong>, un freno que funciona en las 4 ruedas, un <strong>embrague electromagn\u00e9tico<\/strong>, una direcci\u00f3n muy suave, una plataforma de corte con deflector para una mejor expulsi\u00f3n del c\u00e9sped, una altura de corte total muy larga que permite maniobras mucho m\u00e1s r\u00e1pidas, incluso en presencia de obst\u00e1culos y ruedas delanteras sobredimensionadas 3.50-6.<\/p>\n<p>&nbsp;<\/p>\n<\/div>\n<\/div>","protected":false},"excerpt":{"rendered":"<p>Rendimiento extraordinario en la pendiente para la limpieza de maleza en hierba alta, en el campo agr\u00edcola es ideal para el mantenimiento de vi\u00f1edos y olivares para un trabajo perfecto bajo las ramas. El <strong>radio de giro<\/strong> es de solo <strong>60 cm<\/strong>. La <strong>velocidad<\/strong> puede variar entre <strong>0 y 10 km\/h<\/strong>. Las anchas ruedas traseras 18\u00d79.50-8 ofrecen un alto nivel de comodidad y seguridad.<\/p>","protected":false},"featured_media":6990,"comment_status":"open","ping_status":"closed","template":"","meta":[],"product_brand":[],"product_cat":[140],"product_tag":[],"class_list":{"0":"post-6932","1":"product","2":"type-product","3":"status-publish","4":"has-post-thumbnail","6":"product_cat-tondeuse-autoporte","8":"first","9":"instock","10":"taxable","11":"shipping-taxable","12":"purchasable","13":"product-type-simple"},"_links":{"self":[{"href":"https:\/\/cabashippinginternational.com\/en\/wp-json\/wp\/v2\/product\/6932","targetHints":{"allow":["GET"]}}],"collection":[{"href":"https:\/\/cabashippinginternational.com\/en\/wp-json\/wp\/v2\/product"}],"about":[{"href":"https:\/\/cabashippinginternational.com\/en\/wp-json\/wp\/v2\/types\/product"}],"replies":[{"embeddable":true,"href":"https:\/\/cabashippinginternational.com\/en\/wp-json\/wp\/v2\/comments?post=6932"}],"wp:featuredmedia":[{"embeddable":true,"href":"https:\/\/cabashippinginternational.com\/en\/wp-json\/wp\/v2\/media\/6990"}],"wp:attachment":[{"href":"https:\/\/cabashippinginternational.com\/en\/wp-json\/wp\/v2\/media?parent=6932"}],"wp:term":[{"taxonomy":"product_brand","embeddable":true,"href":"https:\/\/cabashippinginternational.com\/en\/wp-json\/wp\/v2\/product_brand?post=6932"},{"taxonomy":"product_cat","embeddable":true,"href":"https:\/\/cabashippinginternational.com\/en\/wp-json\/wp\/v2\/product_cat?post=6932"},{"taxonomy":"product_tag","embeddable":true,"href":"https:\/\/cabashippinginternational.com\/en\/wp-json\/wp\/v2\/product_tag?post=6932"}],"curies":[{"name":"wp","href":"https:\/\/api.w.org\/{rel}","templated":true}]}}