{"id":6929,"date":"2026-01-07T16:03:01","date_gmt":"2026-01-07T16:03:01","guid":{"rendered":"https:\/\/elektronica-aanhangers-houten.nl\/?post_type=product&#038;p=6929"},"modified":"2026-02-22T04:22:28","modified_gmt":"2026-02-22T04:22:28","slug":"debroussailleuse-autoportee-grillo-climber-7-18","status":"publish","type":"product","link":"https:\/\/cabashippinginternational.com\/en\/produit\/debroussailleuse-autoportee-grillo-climber-7-18\/","title":{"rendered":"Grillo Climber 7.18 cortac\u00e9sped"},"content":{"rendered":"<div class=\"elementor-element elementor-element-1caffc0 elementor-widget elementor-widget-wd_title\" data-id=\"1caffc0\" data-element_type=\"widget\" data-widget_type=\"wd_title.default\">\n<div class=\"elementor-widget-container\">\n<div class=\"title-wrapper set-mb-s reset-last-child wd-title-color-default wd-title-style-default wd-title-size-default text-left\">\n<div class=\"liner-continer\">\n<h4 class=\"woodmart-title-container title wd-fontsize-l\">Descripci\u00f3n<\/h4>\n<\/div>\n<\/div>\n<\/div>\n<\/div>\n<div class=\"elementor-element elementor-element-e24b901 wd-single-content elementor-widget elementor-widget-wd_single_product_content\" data-id=\"e24b901\" data-element_type=\"widget\" data-widget_type=\"wd_single_product_content.default\">\n<div class=\"elementor-widget-container\">\n<p>Un desbrozador hidrost\u00e1tico con cuchillas equipado con un bloqueo diferencial y frenos en las ruedas delanteras es ideal para trabajos en hierba alta, matorrales y zarzas en pendientes y terrenos irregulares.<br \/>\nLa serie Climber 7 puede circular de forma segura por diferentes condiciones del terreno y es muy efectiva para segar matorrales en \u00e1reas rurales, en la agricultura y en el mantenimiento de espacios verdes.<\/p>\n<\/div>\n<\/div>","protected":false},"excerpt":{"rendered":"<p>Gracias a su extrema maniobrabilidad, su suave direcci\u00f3n y su alta velocidad de trabajo, se puede manejar de manera r\u00e1pida y eficiente, y al mismo tiempo es f\u00e1cil y c\u00f3modo de usar.<br \/>\nEl eje delantero inclinable y las ruedas de perfil agr\u00edcola garantizan un agarre y tracci\u00f3n \u00f3ptimos en terrenos irregulares.<br \/>\nEl radio de giro es de solo 45 cm, lo que te permite evitar todos los obst\u00e1culos.<br \/>\nEl deck de corte con una cuchilla tiene 85 cm de ancho.  <\/p>\n<p><strong>Motor de dos cilindros B&#038;S serie 7 Pro &#8211; 656 cm3 &#8211; 85 cm de ancho &#8211; Salida trasera &#8211; Hidrost\u00e1tico &#8211; Bloqueo del diferencial<\/strong><\/p>","protected":false},"featured_media":6985,"comment_status":"open","ping_status":"closed","template":"","meta":[],"product_brand":[],"product_cat":[140],"product_tag":[],"class_list":{"0":"post-6929","1":"product","2":"type-product","3":"status-publish","4":"has-post-thumbnail","6":"product_cat-tondeuse-autoporte","8":"first","9":"instock","10":"taxable","11":"shipping-taxable","12":"purchasable","13":"product-type-simple"},"_links":{"self":[{"href":"https:\/\/cabashippinginternational.com\/en\/wp-json\/wp\/v2\/product\/6929","targetHints":{"allow":["GET"]}}],"collection":[{"href":"https:\/\/cabashippinginternational.com\/en\/wp-json\/wp\/v2\/product"}],"about":[{"href":"https:\/\/cabashippinginternational.com\/en\/wp-json\/wp\/v2\/types\/product"}],"replies":[{"embeddable":true,"href":"https:\/\/cabashippinginternational.com\/en\/wp-json\/wp\/v2\/comments?post=6929"}],"wp:featuredmedia":[{"embeddable":true,"href":"https:\/\/cabashippinginternational.com\/en\/wp-json\/wp\/v2\/media\/6985"}],"wp:attachment":[{"href":"https:\/\/cabashippinginternational.com\/en\/wp-json\/wp\/v2\/media?parent=6929"}],"wp:term":[{"taxonomy":"product_brand","embeddable":true,"href":"https:\/\/cabashippinginternational.com\/en\/wp-json\/wp\/v2\/product_brand?post=6929"},{"taxonomy":"product_cat","embeddable":true,"href":"https:\/\/cabashippinginternational.com\/en\/wp-json\/wp\/v2\/product_cat?post=6929"},{"taxonomy":"product_tag","embeddable":true,"href":"https:\/\/cabashippinginternational.com\/en\/wp-json\/wp\/v2\/product_tag?post=6929"}],"curies":[{"name":"wp","href":"https:\/\/api.w.org\/{rel}","templated":true}]}}