{"id":6928,"date":"2026-01-07T16:03:01","date_gmt":"2026-01-07T16:03:01","guid":{"rendered":"https:\/\/elektronica-aanhangers-houten.nl\/?post_type=product&#038;p=6928"},"modified":"2026-02-22T04:22:36","modified_gmt":"2026-02-22T04:22:36","slug":"debroussailleuse-autoportee-grillo-climber-7-15","status":"publish","type":"product","link":"https:\/\/cabashippinginternational.com\/en\/produit\/debroussailleuse-autoportee-grillo-climber-7-15\/","title":{"rendered":"Grillo Climber 7.15 cortac\u00e9sped"},"content":{"rendered":"<div class=\"elementor-element elementor-element-1caffc0 elementor-widget elementor-widget-wd_title\" data-id=\"1caffc0\" data-element_type=\"widget\" data-widget_type=\"wd_title.default\">\n<div class=\"elementor-widget-container\">\n<div class=\"title-wrapper set-mb-s reset-last-child wd-title-color-default wd-title-style-default wd-title-size-default text-left\">\n<div class=\"liner-continer\">\n<h4 class=\"woodmart-title-container title wd-fontsize-l\">Descripci\u00f3n<\/h4>\n<\/div>\n<\/div>\n<\/div>\n<\/div>\n<div class=\"elementor-element elementor-element-e24b901 wd-single-content elementor-widget elementor-widget-wd_single_product_content\" data-id=\"e24b901\" data-element_type=\"widget\" data-widget_type=\"wd_single_product_content.default\">\n<div class=\"elementor-widget-container\">\n<p>Un desbrozadora hidrostatica equipada con cuchillas con bloqueo diferencial y frenos en las ruedas delanteras es ideal para trabajos en hierba alta, arbustos y zarzas en pendientes y terrenos irregulares.<\/p>\n<p>La serie Climber 7 puede circular de forma segura por diversas condiciones del terreno y es muy efectiva para segar arbustos en \u00e1reas rurales, en la agricultura y en el mantenimiento de zonas verdes.<br \/>\nDebido a su extrema maniobrabilidad, suave direcci\u00f3n y alta velocidad de trabajo, es r\u00e1pida y eficiente de manejar y al mismo tiempo f\u00e1cil y c\u00f3moda de trabajar.<\/p>\n<\/div>\n<\/div>","protected":false},"excerpt":{"rendered":"<p>El eje delantero oscilante y las ruedas con perfil agr\u00edcola garantizan un agarre y tracci\u00f3n \u00f3ptimos en terrenos irregulares. El radio de giro es de solo 45 cm, lo que te permite esquivar todos los obst\u00e1culos. El deck de corte con una cuchilla tiene un ancho de 85 cm.<\/p>\n<p>Motor Loncin LC1-P92F- 452 cm3 &#8211; ancho 85 cm &#8211; salida trasera y lateral &#8211; Hidrost\u00e1tico<\/p>","protected":false},"featured_media":6984,"comment_status":"open","ping_status":"closed","template":"","meta":[],"product_brand":[],"product_cat":[140],"product_tag":[],"class_list":{"0":"post-6928","1":"product","2":"type-product","3":"status-publish","4":"has-post-thumbnail","6":"product_cat-tondeuse-autoporte","8":"first","9":"instock","10":"taxable","11":"shipping-taxable","12":"purchasable","13":"product-type-simple"},"_links":{"self":[{"href":"https:\/\/cabashippinginternational.com\/en\/wp-json\/wp\/v2\/product\/6928","targetHints":{"allow":["GET"]}}],"collection":[{"href":"https:\/\/cabashippinginternational.com\/en\/wp-json\/wp\/v2\/product"}],"about":[{"href":"https:\/\/cabashippinginternational.com\/en\/wp-json\/wp\/v2\/types\/product"}],"replies":[{"embeddable":true,"href":"https:\/\/cabashippinginternational.com\/en\/wp-json\/wp\/v2\/comments?post=6928"}],"wp:featuredmedia":[{"embeddable":true,"href":"https:\/\/cabashippinginternational.com\/en\/wp-json\/wp\/v2\/media\/6984"}],"wp:attachment":[{"href":"https:\/\/cabashippinginternational.com\/en\/wp-json\/wp\/v2\/media?parent=6928"}],"wp:term":[{"taxonomy":"product_brand","embeddable":true,"href":"https:\/\/cabashippinginternational.com\/en\/wp-json\/wp\/v2\/product_brand?post=6928"},{"taxonomy":"product_cat","embeddable":true,"href":"https:\/\/cabashippinginternational.com\/en\/wp-json\/wp\/v2\/product_cat?post=6928"},{"taxonomy":"product_tag","embeddable":true,"href":"https:\/\/cabashippinginternational.com\/en\/wp-json\/wp\/v2\/product_tag?post=6928"}],"curies":[{"name":"wp","href":"https:\/\/api.w.org\/{rel}","templated":true}]}}