{"id":6927,"date":"2026-01-07T16:03:01","date_gmt":"2026-01-07T16:03:01","guid":{"rendered":"https:\/\/elektronica-aanhangers-houten.nl\/?post_type=product&#038;p=6927"},"modified":"2026-02-22T04:22:41","modified_gmt":"2026-02-22T04:22:41","slug":"autoportee-rider-husqvarna-r214t-sans-carter-de-coupe","status":"publish","type":"product","link":"https:\/\/cabashippinginternational.com\/en\/produit\/autoportee-rider-husqvarna-r214t-sans-carter-de-coupe\/","title":{"rendered":"Rider Husqvarna R214T sin plataforma de corte"},"content":{"rendered":"<div class=\"elementor-element elementor-element-1caffc0 elementor-widget elementor-widget-wd_title\" data-id=\"1caffc0\" data-element_type=\"widget\" data-widget_type=\"wd_title.default\">\n<div class=\"elementor-widget-container\">\n<div class=\"title-wrapper set-mb-s reset-last-child wd-title-color-default wd-title-style-default wd-title-size-default text-left\">\n<div class=\"liner-continer\">\n<h4 class=\"woodmart-title-container title wd-fontsize-l\">Descripci\u00f3n<\/h4>\n<\/div>\n<\/div>\n<\/div>\n<\/div>\n<div class=\"elementor-element elementor-element-e24b901 wd-single-content elementor-widget elementor-widget-wd_single_product_content\" data-id=\"e24b901\" data-element_type=\"widget\" data-widget_type=\"wd_single_product_content.default\">\n<div class=\"elementor-widget-container\">\n<p>&#8216;<\/p>\n<div>Una cortadora de c\u00e9sped flexible y potente con un motor de dos cilindros de alto par y una plataforma de corte Combi de 94 cm o 103 cm con BioClip\u00ae (mulching) de alta calidad y descarga trasera.<\/div>\n<div>Ideal para propietarios de jardines y terrenos que buscan rendimiento, facilidad de uso, maniobrabilidad y un tiempo agradable en el jard\u00edn.<\/div>\n<\/div>\n<\/div>","protected":false},"excerpt":{"rendered":"<div>Sistema de transmisi\u00f3n hidrost\u00e1tico con control de pedal de f\u00e1cil acceso y activaci\u00f3n autom\u00e1tica de las cuchillas.<\/div><option de plataforma de corte de 94 o 103 cm.<\/div>","protected":false},"featured_media":6983,"comment_status":"open","ping_status":"closed","template":"","meta":[],"product_brand":[],"product_cat":[140],"product_tag":[],"class_list":{"0":"post-6927","1":"product","2":"type-product","3":"status-publish","4":"has-post-thumbnail","6":"product_cat-tondeuse-autoporte","8":"first","9":"instock","10":"taxable","11":"shipping-taxable","12":"purchasable","13":"product-type-simple"},"_links":{"self":[{"href":"https:\/\/cabashippinginternational.com\/en\/wp-json\/wp\/v2\/product\/6927","targetHints":{"allow":["GET"]}}],"collection":[{"href":"https:\/\/cabashippinginternational.com\/en\/wp-json\/wp\/v2\/product"}],"about":[{"href":"https:\/\/cabashippinginternational.com\/en\/wp-json\/wp\/v2\/types\/product"}],"replies":[{"embeddable":true,"href":"https:\/\/cabashippinginternational.com\/en\/wp-json\/wp\/v2\/comments?post=6927"}],"wp:featuredmedia":[{"embeddable":true,"href":"https:\/\/cabashippinginternational.com\/en\/wp-json\/wp\/v2\/media\/6983"}],"wp:attachment":[{"href":"https:\/\/cabashippinginternational.com\/en\/wp-json\/wp\/v2\/media?parent=6927"}],"wp:term":[{"taxonomy":"product_brand","embeddable":true,"href":"https:\/\/cabashippinginternational.com\/en\/wp-json\/wp\/v2\/product_brand?post=6927"},{"taxonomy":"product_cat","embeddable":true,"href":"https:\/\/cabashippinginternational.com\/en\/wp-json\/wp\/v2\/product_cat?post=6927"},{"taxonomy":"product_tag","embeddable":true,"href":"https:\/\/cabashippinginternational.com\/en\/wp-json\/wp\/v2\/product_tag?post=6927"}],"curies":[{"name":"wp","href":"https:\/\/api.w.org\/{rel}","templated":true}]}}