{"id":6926,"date":"2026-01-07T16:03:00","date_gmt":"2026-01-07T16:03:00","guid":{"rendered":"https:\/\/elektronica-aanhangers-houten.nl\/?post_type=product&#038;p=6926"},"modified":"2026-02-22T04:22:50","modified_gmt":"2026-02-22T04:22:50","slug":"autoportee-mtd-a-ejection-laterale-smart-rg-145","status":"publish","type":"product","link":"https:\/\/cabashippinginternational.com\/en\/produit\/autoportee-mtd-a-ejection-laterale-smart-rg-145\/","title":{"rendered":"SMART RG 145 DESBROZADORA MTD CORTAC\u00c9SPED"},"content":{"rendered":"<div class=\"elementor-element elementor-element-1caffc0 elementor-widget elementor-widget-wd_title\" data-id=\"1caffc0\" data-element_type=\"widget\" data-widget_type=\"wd_title.default\">\n<div class=\"elementor-widget-container\">\n<div class=\"title-wrapper set-mb-s reset-last-child wd-title-color-default wd-title-style-default wd-title-size-default text-left\">\n<div class=\"liner-continer\">\n<h4 class=\"woodmart-title-container title wd-fontsize-l\">Descripci\u00f3n<\/h4>\n<\/div>\n<\/div>\n<\/div>\n<\/div>\n<div class=\"elementor-element elementor-element-e24b901 wd-single-content elementor-widget elementor-widget-wd_single_product_content\" data-id=\"e24b901\" data-element_type=\"widget\" data-widget_type=\"wd_single_product_content.default\">\n<div class=\"elementor-widget-container\">\n<p>Con esta cortadora de c\u00e9sped sentada RG 145 MTD Smart con descarga lateral, puedes cortar grandes superficies con su ancho de corte de 107 cm y su potente motor de 500 cc. Tambi\u00e9n te beneficias de la transmisi\u00f3n autom\u00e1tica Transmatic para un m\u00e1ximo confort de conducci\u00f3n. Por \u00faltimo, puedes completar tu equipo con el kit de mulching y la caja de c\u00e9sped trasera.<br \/>\nVentajas del producto:<br \/>\n&#8211; La cortadora de c\u00e9sped sentada RG 145 MTD Smart (fabricada en Alemania) est\u00e1 equipada con un motor Briggs &#038; Stratton PB 4145 Series de 500 cc con v\u00e1lvulas en la parte superior. Esta tecnolog\u00eda reduce el ruido y las emisiones de contaminantes y es m\u00e1s eficiente en combustible que los motores convencionales con v\u00e1lvulas laterales.<br \/>\nEsta cortadora de c\u00e9sped est\u00e1 equipada con una exclusiva caja de cambios MTD Transmatic de 6 velocidades:<\/p>","protected":false},"excerpt":{"rendered":"<p>Reglamentos: Un cortac\u00e9sped con asiento para el conductor y volante es un veh\u00edculo motorizado en tierra para el cual existe una obligaci\u00f3n de seguro. Briggs &#038; Stratton es uno de los mayores fabricantes de motores de gasolina para uso exterior en el mundo. Los motores Briggs &#038; Stratton, dise\u00f1ados y fabricados en los Estados Unidos, son productos fiables y potentes. MTD produce la gama m\u00e1s completa de herramientas de jardiner\u00eda para cualquier uso posible. Los jardineros pueden elegir entre una amplia variedad de productos diferentes que todos tienen una cosa en com\u00fan: son f\u00e1ciles de usar, robustos y duraderos. 2 a\u00f1os de garant\u00eda en piezas y mano de obra con 2 a\u00f1os de atenci\u00f3n en el hogar (SP2). Los trabajos de garant\u00eda deben realizarse dentro de la red de reparadores autorizados de MTD France, que cuenta con 450 puntos de servicio. Puedes encontrar la direcci\u00f3n del reparador m\u00e1s cercano haciendo clic en el enlace: mapa SAV MTD France. No olvides activar tu garant\u00eda, que comienza el d\u00eda en que te registras en el sitio web de MTD.<\/p>","protected":false},"featured_media":6978,"comment_status":"open","ping_status":"closed","template":"","meta":[],"product_brand":[],"product_cat":[140],"product_tag":[],"class_list":{"0":"post-6926","1":"product","2":"type-product","3":"status-publish","4":"has-post-thumbnail","6":"product_cat-tondeuse-autoporte","8":"first","9":"instock","10":"taxable","11":"shipping-taxable","12":"purchasable","13":"product-type-simple"},"_links":{"self":[{"href":"https:\/\/cabashippinginternational.com\/en\/wp-json\/wp\/v2\/product\/6926","targetHints":{"allow":["GET"]}}],"collection":[{"href":"https:\/\/cabashippinginternational.com\/en\/wp-json\/wp\/v2\/product"}],"about":[{"href":"https:\/\/cabashippinginternational.com\/en\/wp-json\/wp\/v2\/types\/product"}],"replies":[{"embeddable":true,"href":"https:\/\/cabashippinginternational.com\/en\/wp-json\/wp\/v2\/comments?post=6926"}],"wp:featuredmedia":[{"embeddable":true,"href":"https:\/\/cabashippinginternational.com\/en\/wp-json\/wp\/v2\/media\/6978"}],"wp:attachment":[{"href":"https:\/\/cabashippinginternational.com\/en\/wp-json\/wp\/v2\/media?parent=6926"}],"wp:term":[{"taxonomy":"product_brand","embeddable":true,"href":"https:\/\/cabashippinginternational.com\/en\/wp-json\/wp\/v2\/product_brand?post=6926"},{"taxonomy":"product_cat","embeddable":true,"href":"https:\/\/cabashippinginternational.com\/en\/wp-json\/wp\/v2\/product_cat?post=6926"},{"taxonomy":"product_tag","embeddable":true,"href":"https:\/\/cabashippinginternational.com\/en\/wp-json\/wp\/v2\/product_tag?post=6926"}],"curies":[{"name":"wp","href":"https:\/\/api.w.org\/{rel}","templated":true}]}}