{"id":6925,"date":"2026-01-07T16:03:00","date_gmt":"2026-01-07T16:03:00","guid":{"rendered":"https:\/\/elektronica-aanhangers-houten.nl\/?post_type=product&#038;p=6925"},"modified":"2026-02-22T04:23:00","modified_gmt":"2026-02-22T04:23:00","slug":"at4-84-li-alpina","status":"publish","type":"product","link":"https:\/\/cabashippinginternational.com\/en\/produit\/at4-84-li-alpina\/","title":{"rendered":"AT4 84 Li-ALPINA"},"content":{"rendered":"<div class=\"elementor-element elementor-element-1caffc0 elementor-widget elementor-widget-wd_title\" data-id=\"1caffc0\" data-element_type=\"widget\" data-widget_type=\"wd_title.default\">\n<div class=\"elementor-widget-container\">\n<div class=\"title-wrapper set-mb-s reset-last-child wd-title-color-default wd-title-style-default wd-title-size-default text-left\">\n<div class=\"liner-continer\">\n<h4 class=\"woodmart-title-container title wd-fontsize-l\">Descripci\u00f3n<\/h4>\n<\/div>\n<\/div>\n<\/div>\n<\/div>\n<div class=\"elementor-element elementor-element-e24b901 wd-single-content elementor-widget elementor-widget-wd_single_product_content\" data-id=\"e24b901\" data-element_type=\"widget\" data-widget_type=\"wd_single_product_content.default\">\n<div class=\"elementor-widget-container\">\n<div class=\"product attribuut overzicht\">\n<div class=\"value\">Un tractor de jard\u00edn el\u00e9ctrico de 84 cm impulsado por una bater\u00eda de 48 V Li-ion que garantiza 45 minutos de autonom\u00eda. Para parcelas de hasta 3000 m\u00b2.<\/div>\n<\/div>\n<div class=\"product attribute unique_selling_points\">\n<ul class=\"list_check\">\n<li><i class=\"material-icons\">check<\/i> UNA M\u00c1QUINA CON TRES SISTEMAS DE CORTE: RECOLECCI\u00d3N, MULCHING Y DESCARGA INVERSA<\/li>\n<li><i class=\"material-icons\">check<\/i> ANCHO DE 84 CM<\/li>\n<li><\/li>\n<\/ul>\n<\/div>\n<\/div>\n<\/div>","protected":false},"excerpt":{"rendered":"<ul class=\"list_check\">\n<li><i class=\"material-icons\">check<\/i>VARIACI\u00d3N DE VELOCIDAD SUAVE PARA CONTROL Y GESTI\u00d3N \u00d3PTIMA<\/li>\n<li><i class=\"material-icons\">check<\/i>TECNOLOG\u00cdA DE BATER\u00cdA LI-ION DE \u00daLTIMA GENERACI\u00d3N PARA GRAN AUTONOM\u00cdA Y TIEMPOS DE CARGA R\u00c1PIDOS<\/li>\n<li><i class=\"material-icons\">check<\/i>SILLA Y RUEDA C\u00d3MODAS Y ERGON\u00d3MICAS<\/li>\n<\/ul>","protected":false},"featured_media":6977,"comment_status":"open","ping_status":"closed","template":"","meta":[],"product_brand":[],"product_cat":[140],"product_tag":[],"class_list":{"0":"post-6925","1":"product","2":"type-product","3":"status-publish","4":"has-post-thumbnail","6":"product_cat-tondeuse-autoporte","8":"first","9":"instock","10":"taxable","11":"shipping-taxable","12":"purchasable","13":"product-type-simple"},"_links":{"self":[{"href":"https:\/\/cabashippinginternational.com\/en\/wp-json\/wp\/v2\/product\/6925","targetHints":{"allow":["GET"]}}],"collection":[{"href":"https:\/\/cabashippinginternational.com\/en\/wp-json\/wp\/v2\/product"}],"about":[{"href":"https:\/\/cabashippinginternational.com\/en\/wp-json\/wp\/v2\/types\/product"}],"replies":[{"embeddable":true,"href":"https:\/\/cabashippinginternational.com\/en\/wp-json\/wp\/v2\/comments?post=6925"}],"wp:featuredmedia":[{"embeddable":true,"href":"https:\/\/cabashippinginternational.com\/en\/wp-json\/wp\/v2\/media\/6977"}],"wp:attachment":[{"href":"https:\/\/cabashippinginternational.com\/en\/wp-json\/wp\/v2\/media?parent=6925"}],"wp:term":[{"taxonomy":"product_brand","embeddable":true,"href":"https:\/\/cabashippinginternational.com\/en\/wp-json\/wp\/v2\/product_brand?post=6925"},{"taxonomy":"product_cat","embeddable":true,"href":"https:\/\/cabashippinginternational.com\/en\/wp-json\/wp\/v2\/product_cat?post=6925"},{"taxonomy":"product_tag","embeddable":true,"href":"https:\/\/cabashippinginternational.com\/en\/wp-json\/wp\/v2\/product_tag?post=6925"}],"curies":[{"name":"wp","href":"https:\/\/api.w.org\/{rel}","templated":true}]}}