{"id":6918,"date":"2026-01-07T16:02:39","date_gmt":"2026-01-07T16:02:39","guid":{"rendered":"https:\/\/elektronica-aanhangers-houten.nl\/?post_type=product&#038;p=6918"},"modified":"2026-02-22T04:23:08","modified_gmt":"2026-02-22T04:23:08","slug":"at3-98-li-alpina","status":"publish","type":"product","link":"https:\/\/cabashippinginternational.com\/en\/produit\/at3-98-li-alpina\/","title":{"rendered":"AT3 98 Li-ALPINA"},"content":{"rendered":"<div class=\"elementor-element-ebb12f3 wd-single-title text-left elementor-widget elementor-widget-wd_single_product_title\" data-id=\"ebb12f3\" data-element_type=\"widget\" data-widget_type=\"wd_single_product_title.default\">\n<div class=\"elementor-widget-container\">\n<h1 class=\"product_title entry-title wd-entities-title\"><\/h1>\n<\/div>\n<\/div>\n<section class=\"wd-negative-gap elementor-section elementor-inner-section elementor-element elementor-element-c23c920 elementor-section-boxed elementor-section-height-default elementor-section-height-default wd-section-disabled\" data-id=\"c23c920\" data-element_type=\"section\">\n<div class=\"elementor-container elementor-column-gap-default\">\n<div class=\"elementor-column elementor-col-100 elementor-inner-column elementor-element elementor-element-2e7e325\" data-id=\"2e7e325\" data-element_type=\"column\">\n<div class=\"elementor-widget-wrap elementor-element-populated\">\n<div class=\"elementor-element elementor-element-5d8acf1 elementor-widget__width-auto text-right wd-single-meta elementor-widget elementor-widget-wd_single_product_meta\" data-id=\"5d8acf1\" data-element_type=\"widget\" data-widget_type=\"wd_single_product_meta.default\">\n<div class=\"elementor-widget-container\">\n<div class=\"product_meta wd-layout-default\">\n<div class=\"elementor-element elementor-element-1caffc0 elementor-widget elementor-widget-wd_title\" data-id=\"1caffc0\" data-element_type=\"widget\" data-widget_type=\"wd_title.default\">\n<div class=\"elementor-widget-container\">\n<div class=","protected":false},"excerpt":{"rendered":"<ul class=\"list_check\">\n<li><i class=\"material-icons\">check<\/i>VARIACI\u00d3N DE VELOCIDAD SUAVE PARA CONTROL Y GESTI\u00d3N \u00d3PTIMA<\/li>\n<li><i class=\"material-icons\">check<\/i>TECNOLOG\u00cdA DE BATER\u00cdA LI-ION DE \u00daLTIMA GENERACI\u00d3N PARA GRAN AUTONOM\u00cdA Y TIEMPOS DE CARGA R\u00c1PIDOS<\/li>\n<li><i class=\"material-icons\">check<\/i>SILLA Y RUEDA C\u00d3MODAS Y ERGON\u00d3MICAS<\/li>\n<\/ul>","protected":false},"featured_media":6976,"comment_status":"open","ping_status":"closed","template":"","meta":[],"product_brand":[],"product_cat":[140],"product_tag":[],"class_list":{"0":"post-6918","1":"product","2":"type-product","3":"status-publish","4":"has-post-thumbnail","6":"product_cat-tondeuse-autoporte","8":"first","9":"instock","10":"taxable","11":"shipping-taxable","12":"purchasable","13":"product-type-simple"},"_links":{"self":[{"href":"https:\/\/cabashippinginternational.com\/en\/wp-json\/wp\/v2\/product\/6918","targetHints":{"allow":["GET"]}}],"collection":[{"href":"https:\/\/cabashippinginternational.com\/en\/wp-json\/wp\/v2\/product"}],"about":[{"href":"https:\/\/cabashippinginternational.com\/en\/wp-json\/wp\/v2\/types\/product"}],"replies":[{"embeddable":true,"href":"https:\/\/cabashippinginternational.com\/en\/wp-json\/wp\/v2\/comments?post=6918"}],"wp:featuredmedia":[{"embeddable":true,"href":"https:\/\/cabashippinginternational.com\/en\/wp-json\/wp\/v2\/media\/6976"}],"wp:attachment":[{"href":"https:\/\/cabashippinginternational.com\/en\/wp-json\/wp\/v2\/media?parent=6918"}],"wp:term":[{"taxonomy":"product_brand","embeddable":true,"href":"https:\/\/cabashippinginternational.com\/en\/wp-json\/wp\/v2\/product_brand?post=6918"},{"taxonomy":"product_cat","embeddable":true,"href":"https:\/\/cabashippinginternational.com\/en\/wp-json\/wp\/v2\/product_cat?post=6918"},{"taxonomy":"product_tag","embeddable":true,"href":"https:\/\/cabashippinginternational.com\/en\/wp-json\/wp\/v2\/product_tag?post=6918"}],"curies":[{"name":"wp","href":"https:\/\/api.w.org\/{rel}","templated":true}]}}