{"id":6917,"date":"2026-01-07T16:02:39","date_gmt":"2026-01-07T16:02:39","guid":{"rendered":"https:\/\/elektronica-aanhangers-houten.nl\/?post_type=product&#038;p=6917"},"modified":"2026-02-22T04:23:18","modified_gmt":"2026-02-22T04:23:18","slug":"at2-66-qa-alpina","status":"publish","type":"product","link":"https:\/\/cabashippinginternational.com\/en\/produit\/at2-66-qa-alpina\/","title":{"rendered":"AT2 66 QA-ALPINA"},"content":{"rendered":"<div class=\"elementor-element elementor-element-1caffc0 elementor-widget elementor-widget-wd_title\" data-id=\"1caffc0\" data-element_type=\"widget\" data-widget_type=\"wd_title.default\">\n<div class=\"elementor-widget-container\">\n<div class=\"title-wrapper set-mb-s reset-last-child wd-title-color-default wd-title-style-default wd-title-size-default text-left\">\n<div class=\"liner-continer\">\n<h4 class=\"woodmart-title-container title wd-fontsize-l\">Descripci\u00f3n<\/h4>\n<\/div>\n<\/div>\n<\/div>\n<\/div>\n<div class=\"elementor-element elementor-element-e24b901 wd-single-content elementor-widget elementor-widget-wd_single_product_content\" data-id=\"e24b901\" data-element_type=\"widget\" data-widget_type=\"wd_single_product_content.default\">\n<div class=\"elementor-widget-container\">\n<div class=\"product attribuut overzicht\">\n<div class=\"value\">Esta cortadora de c\u00e9sped de 66 cm es una m\u00e1quina 4 en 1 con un potente motor de v\u00e1lvula de Alpina. Las cuatro opciones de corte son: recoger; mulching; salida lateral.<\/div>\n<\/div>\n<div class=\"product attribute unique_selling_points\">\n<ul class=\"list_check\">\n<li><i class=\"material-icons\">check<\/i>M\u00c1QUINA POLIVALENTE, PR\u00c1CTICA Y COMPACTA<\/li>\n<li><i class=\"material-icons\">check<\/i>PUEDE SUCCIONAR HASTA 150 L DE C\u00c9SPED CORTADO O UTILIZARSE EN MODO DE DESCARGA LATERAL<\/li>\n<li><\/li>\n<\/ul>\n<\/div>\n<\/div>\n<\/div>","protected":false},"excerpt":{"rendered":"<ul class=\"list_check\">\n<li><i class=\"material-icons\">check<\/i>66 CM SLIJMBAK, adecuado para procesar terrones de hasta 1200 M2<\/li>\n<li><i class=\"material-icons\">check<\/i>El motor ALPINA garantiza eficiencia y ahorro de combustible<\/li>\n<li><i class=\"material-icons\">check<\/i>La altura de corte se puede ajustar en 5 posiciones diferentes<\/li>\n<li><i class=\"material-icons\">check<\/i>MEJORADA SEGURIDAD AL CONDUCIR CON VOLANTE ERGON\u00d3MICO<\/li>\n<\/ul>","protected":false},"featured_media":6975,"comment_status":"open","ping_status":"closed","template":"","meta":[],"product_brand":[],"product_cat":[140],"product_tag":[],"class_list":{"0":"post-6917","1":"product","2":"type-product","3":"status-publish","4":"has-post-thumbnail","6":"product_cat-tondeuse-autoporte","8":"first","9":"instock","10":"taxable","11":"shipping-taxable","12":"purchasable","13":"product-type-simple"},"_links":{"self":[{"href":"https:\/\/cabashippinginternational.com\/en\/wp-json\/wp\/v2\/product\/6917","targetHints":{"allow":["GET"]}}],"collection":[{"href":"https:\/\/cabashippinginternational.com\/en\/wp-json\/wp\/v2\/product"}],"about":[{"href":"https:\/\/cabashippinginternational.com\/en\/wp-json\/wp\/v2\/types\/product"}],"replies":[{"embeddable":true,"href":"https:\/\/cabashippinginternational.com\/en\/wp-json\/wp\/v2\/comments?post=6917"}],"wp:featuredmedia":[{"embeddable":true,"href":"https:\/\/cabashippinginternational.com\/en\/wp-json\/wp\/v2\/media\/6975"}],"wp:attachment":[{"href":"https:\/\/cabashippinginternational.com\/en\/wp-json\/wp\/v2\/media?parent=6917"}],"wp:term":[{"taxonomy":"product_brand","embeddable":true,"href":"https:\/\/cabashippinginternational.com\/en\/wp-json\/wp\/v2\/product_brand?post=6917"},{"taxonomy":"product_cat","embeddable":true,"href":"https:\/\/cabashippinginternational.com\/en\/wp-json\/wp\/v2\/product_cat?post=6917"},{"taxonomy":"product_tag","embeddable":true,"href":"https:\/\/cabashippinginternational.com\/en\/wp-json\/wp\/v2\/product_tag?post=6917"}],"curies":[{"name":"wp","href":"https:\/\/api.w.org\/{rel}","templated":true}]}}