{"id":6912,"date":"2026-01-07T16:02:00","date_gmt":"2026-01-07T16:02:00","guid":{"rendered":"https:\/\/elektronica-aanhangers-houten.nl\/?post_type=product&#038;p=6912"},"modified":"2026-02-22T04:23:35","modified_gmt":"2026-02-22T04:23:35","slug":"autoportee-mtd-smart-a-ramassage-integre-rn-145","status":"publish","type":"product","link":"https:\/\/cabashippinginternational.com\/en\/produit\/autoportee-mtd-smart-a-ramassage-integre-rn-145\/","title":{"rendered":"MTD SMART CORTAC\u00c9SPED CON RECOGIDA INTEGRADA RN 145"},"content":{"rendered":"<div class=\"elementor-element elementor-element-1caffc0 elementor-widget elementor-widget-wd_title\" data-id=\"1caffc0\" data-element_type=\"widget\" data-widget_type=\"wd_title.default\">\n<div class=\"elementor-widget-container\">\n<div class=\"title-wrapper set-mb-s reset-last-child wd-title-color-default wd-title-style-default wd-title-size-default text-left\">\n<div class=\"liner-continer\">\n<h4 class=\"woodmart-title-container title wd-fontsize-l\">Descripci\u00f3n<\/h4>\n<\/div>\n<\/div>\n<\/div>\n<\/div>\n<div class=\"elementor-element elementor-element-e24b901 wd-single-content elementor-widget elementor-widget-wd_single_product_content\" data-id=\"e24b901\" data-element_type=\"widget\" data-widget_type=\"wd_single_product_content.default\">\n<div class=\"elementor-widget-container\">\n<p>Esta cortadora de c\u00e9sped sentada RN 145 MTD Smart con un ancho de corte de 105 cm y transmisi\u00f3n autom\u00e1tica Transmatic de 6 velocidades ofrece una excelente relaci\u00f3n calidad-precio para una potencia de 500 cc. Es adecuada para grandes jardines de hasta 3000 m\u00b2, con un rendimiento medio de aproximadamente 1500 m\u00b2. No olvide los accesorios opcionales.<br \/>\nEsta cortadora de c\u00e9sped es ideal para jardines medianos y grandes. F\u00e1cil de usar, seguramente ser\u00e1 de su agrado.<br \/>\nVentajas del producto:<br \/>\n&#8211; Equipado con un motor Briggs&amp;Stratton PB 4145 Series de 500 cc: motor de 4 tiempos, monocil\u00edndrico con v\u00e1lvulas en la parte superior. Reduce el ruido y las emisiones contaminantes. Menor consumo de combustible que los motores de v\u00e1lvula lateral convencionales.<br \/>\n&#8211; Transmisi\u00f3n Transmatic exclusiva de MTD: Di<\/p>","protected":false},"excerpt":{"rendered":"<p>Para mayor comodidad, la plataforma se puede elevar y bajar con la ayuda de cables y muelles.<br \/>\nEl chasis de plataforma abierta es extremadamente robusto, ofrece f\u00e1cil acceso a la plataforma del conductor y ocupa poco espacio.<br \/>\nEl contenedor de basura de gran capacidad (240 litros) se puede vaciar desde el asiento del conductor.<br \/>\nMTD produce la gama m\u00e1s completa de herramientas de jardiner\u00eda motorizadas para cualquier uso posible. Los jardineros aficionados pueden elegir entre una amplia variedad de productos que todos tienen una cosa en com\u00fan: son f\u00e1ciles de usar, robustos y duraderos.<br \/>\nBriggs &#038; Stratton es uno de los principales fabricantes de motores de gasolina para uso exterior. Los motores Briggs &#038; Stratton dise\u00f1ados y fabricados en Am\u00e9rica son productos fiables y potentes.<br \/>\n2 a\u00f1os de garant\u00eda en piezas y mano de obra. Los trabajos de garant\u00eda deben ser realizados por la red de 450 reparadores autorizados de MTD France.<\/p>","protected":false},"featured_media":6969,"comment_status":"open","ping_status":"closed","template":"","meta":[],"product_brand":[],"product_cat":[140],"product_tag":[],"class_list":{"0":"post-6912","1":"product","2":"type-product","3":"status-publish","4":"has-post-thumbnail","6":"product_cat-tondeuse-autoporte","8":"first","9":"instock","10":"taxable","11":"shipping-taxable","12":"purchasable","13":"product-type-simple"},"_links":{"self":[{"href":"https:\/\/cabashippinginternational.com\/en\/wp-json\/wp\/v2\/product\/6912","targetHints":{"allow":["GET"]}}],"collection":[{"href":"https:\/\/cabashippinginternational.com\/en\/wp-json\/wp\/v2\/product"}],"about":[{"href":"https:\/\/cabashippinginternational.com\/en\/wp-json\/wp\/v2\/types\/product"}],"replies":[{"embeddable":true,"href":"https:\/\/cabashippinginternational.com\/en\/wp-json\/wp\/v2\/comments?post=6912"}],"wp:featuredmedia":[{"embeddable":true,"href":"https:\/\/cabashippinginternational.com\/en\/wp-json\/wp\/v2\/media\/6969"}],"wp:attachment":[{"href":"https:\/\/cabashippinginternational.com\/en\/wp-json\/wp\/v2\/media?parent=6912"}],"wp:term":[{"taxonomy":"product_brand","embeddable":true,"href":"https:\/\/cabashippinginternational.com\/en\/wp-json\/wp\/v2\/product_brand?post=6912"},{"taxonomy":"product_cat","embeddable":true,"href":"https:\/\/cabashippinginternational.com\/en\/wp-json\/wp\/v2\/product_cat?post=6912"},{"taxonomy":"product_tag","embeddable":true,"href":"https:\/\/cabashippinginternational.com\/en\/wp-json\/wp\/v2\/product_tag?post=6912"}],"curies":[{"name":"wp","href":"https:\/\/api.w.org\/{rel}","templated":true}]}}