{"id":6909,"date":"2026-01-07T16:01:59","date_gmt":"2026-01-07T16:01:59","guid":{"rendered":"https:\/\/elektronica-aanhangers-houten.nl\/?post_type=product&#038;p=6909"},"modified":"2026-02-22T04:24:04","modified_gmt":"2026-02-22T04:24:04","slug":"remorque-neuve-200x106-avec-bache-plate","status":"publish","type":"product","link":"https:\/\/cabashippinginternational.com\/en\/produit\/remorque-neuve-200x106-avec-bache-plate\/","title":{"rendered":"Nuevo remolque 200\u00d7106 con lona plana"},"content":{"rendered":"<div class=\"elementor-element elementor-element-1caffc0 elementor-widget elementor-widget-wd_title\" data-id=\"1caffc0\" data-element_type=\"widget\" data-widget_type=\"wd_title.default\">\n<div class=\"elementor-widget-container\">\n<div class=\"title-wrapper set-mb-s reset-last-child wd-title-color-default wd-title-style-default wd-title-size-default text-left\">\n<div class=\"liner-continer\">\n<h4 class=\"woodmart-title-container title wd-fontsize-l\">Descripci\u00f3n<\/h4>\n<\/div>\n<\/div>\n<\/div>\n<\/div>\n<div class=\"elementor-element elementor-element-e24b901 wd-single-content elementor-widget elementor-widget-wd_single_product_content\" data-id=\"e24b901\" data-element_type=\"widget\" data-widget_type=\"wd_single_product_content.default\">\n<div class=\"elementor-widget-container\">\n<div class=\"pd-row\">\n<div class=\"pd-100\">\n<h2>Nueva remolque volquete &#8211; Remolque de jard\u00edn 200 KIPP<\/h2>\n<p>Gran remolque volquete con lona plana, elevaciones de los laterales y rueda jockey del modelo Remolque de Jard\u00edn 200 KIPP. <strong>Gracias a la gran superficie de transporte de 200\u00d7106 cm, puede transportar cargas pesadas o grandes objetos que normalmente no se pueden transportar con su coche<\/strong>. Adem\u00e1s, el peso bruto m\u00e1ximo de 750 kg significa que cualquier conductor puede enganchar el remolque. La alta lona con barra enrollable y las extensiones de los laterales ofrecen protecci\u00f3n adicional para los bienes transportados. Al utilizar el moderno eje de direcci\u00f3n de AL-KO o KNOTT, garantizamos que no haya agujeros en el<\/p>","protected":false},"excerpt":{"rendered":"<section class=\"wd-negative-gap elementor-section elementor-top-section elementor-element elementor-element-562428a elementor-reverse-mobile elementor-section-boxed elementor-section-height-default elementor-section-height-default wd-section-disabled\" data-id=\"562428a\" data-element_type=\"section\">\n<div class=\"elementor-container elementor-column-gap-default\">\n<div class=\"elementor-column elementor-col-100 elementor-top-column elementor-element-element-849fa95\" data-id=\"849fa95\" data-element_type=\"column\" data-settings=\"{&quot;background_background&quot;:&quot;classic&quot;}\">\n<div class=\"elementor-widget-wrap elementor-element-populated\">\n<div class=\"elementor-element elementor-element-e24b901 wd-single-content elementor-widget elementor-widget-wd_single_product_content\" data-id=\"e24b901\" data-element_type=\"widget\" data-widget_type=\"wd_single_product_content.default\">\n<div class=\"elementor-widget-container\">\n<div class=\"pd-row pd-middle description__flex-column-reverse\">\n<div class=\"pd-50\">\n<h2>Especificaciones de nuestro gran remolque de jard\u00edn 200 KIPP<\/h2>\n<p>.<\/p>\n<ul>\n<li><strong>CHASIS<\/strong> &#8211; nuevo eje simple de marca reconocida <strong>AL-KO o KNOTT<\/strong> con suspensi\u00f3n independiente basada en barra de torsi\u00f3n que ofrece muy buenas condiciones de conducci\u00f3n.<\/li>\n<li>Enganche en forma de V plegable con anillo de la marca WINTERHOFF con indicador de gancho y cable de ruptura de acero.<\/li>\n<li>Ruedas para todas las estaciones <strong>155\/70 R13<\/strong> que absorben las irregularidades del pavimento y aseguran<br \/>","protected":false},"featured_media":6965,"comment_status":"open","ping_status":"closed","template":"","meta":[],"product_brand":[],"product_cat":[138],"product_tag":[],"class_list":{"0":"post-6909","1":"product","2":"type-product","3":"status-publish","4":"has-post-thumbnail","6":"product_cat-remorques","8":"first","9":"instock","10":"taxable","11":"shipping-taxable","12":"purchasable","13":"product-type-simple"},"_links":{"self":[{"href":"https:\/\/cabashippinginternational.com\/en\/wp-json\/wp\/v2\/product\/6909","targetHints":{"allow":["GET"]}}],"collection":[{"href":"https:\/\/cabashippinginternational.com\/en\/wp-json\/wp\/v2\/product"}],"about":[{"href":"https:\/\/cabashippinginternational.com\/en\/wp-json\/wp\/v2\/types\/product"}],"replies":[{"embeddable":true,"href":"https:\/\/cabashippinginternational.com\/en\/wp-json\/wp\/v2\/comments?post=6909"}],"wp:featuredmedia":[{"embeddable":true,"href":"https:\/\/cabashippinginternational.com\/en\/wp-json\/wp\/v2\/media\/6965"}],"wp:attachment":[{"href":"https:\/\/cabashippinginternational.com\/en\/wp-json\/wp\/v2\/media?parent=6909"}],"wp:term":[{"taxonomy":"product_brand","embeddable":true,"href":"https:\/\/cabashippinginternational.com\/en\/wp-json\/wp\/v2\/product_brand?post=6909"},{"taxonomy":"product_cat","embeddable":true,"href":"https:\/\/cabashippinginternational.com\/en\/wp-json\/wp\/v2\/product_cat?post=6909"},{"taxonomy":"product_tag","embeddable":true,"href":"https:\/\/cabashippinginternational.com\/en\/wp-json\/wp\/v2\/product_tag?post=6909"}],"curies":[{"name":"wp","href":"https:\/\/api.w.org\/{rel}","templated":true}]}}