{"id":6900,"date":"2026-01-07T16:01:31","date_gmt":"2026-01-07T16:01:31","guid":{"rendered":"https:\/\/elektronica-aanhangers-houten.nl\/?post_type=product&#038;p=6900"},"modified":"2026-02-22T04:24:33","modified_gmt":"2026-02-22T04:24:33","slug":"remorque-lourde-double-essieux-3500-kg-stark-3-300","status":"publish","type":"product","link":"https:\/\/cabashippinginternational.com\/en\/produit\/remorque-lourde-double-essieux-3500-kg-stark-3-300\/","title":{"rendered":"Remolque de dos ejes pesado 3500 KG STARK 3 300"},"content":{"rendered":"<div class=\"elementor-element elementor-element-1caffc0 elementor-widget elementor-widget-wd_title\" data-id=\"1caffc0\" data-element_type=\"widget\" data-widget_type=\"wd_title.default\">\n<div class=\"elementor-widget-container\">\n<div class=\"title-wrapper set-mb-s reset-last-child wd-title-color-default wd-title-style-default wd-title-size-default text-left\">\n<div class=\"liner-continer\">\n<h4 class=\"woodmart-title-container title wd-fontsize-l\">Descripci\u00f3n<\/h4>\n<\/div>\n<\/div>\n<\/div>\n<\/div>\n<div class=\"elementor-element elementor-element-e24b901 wd-single-content elementor-widget elementor-widget-wd_single_product_content\" data-id=\"e24b901\" data-element_type=\"widget\" data-widget_type=\"wd_single_product_content.default\">\n<div class=\"elementor-widget-container\">\n<div class=\"pd-row\">\n<div class=\"pd-100\">\n<h2>REMOLQUE UNITRAILER STARK 3 300 para miniexcavadoras<\/h2>\n<p>El remolque para miniexcavadoras UNITRAILER STARK 3 300 es <strong>la elecci\u00f3n perfecta para profesionales<\/strong> que buscan un <strong>remolque fiable y duradero<\/strong>. Le ofrecemos un remolque con un peso bruto vehicular de hasta 3500 kg y una superficie de transporte de 2934\u00d71470 mm, lo que le permite transportar maquinaria de construcci\u00f3n sin problemas. <strong>Gracias a la robusta construcci\u00f3n del remolque STARK<\/strong>, puede transportarlo incluso en condiciones clim\u00e1ticas dif\u00edciles sin temor. Gracias al bajo centro de gravedad del remolque, garantizamos <strong>un viaje estable<\/strong> y los resistentes mangos de sujeci\u00f3n de carga.<\/p>","protected":false},"excerpt":{"rendered":"<div class=\"pd-row pd-middle\">\n<div class=\"pd-50\">\n<h2>Remolque de dos ejes UNITRAILER STARK 3 300 &#8211; datos t\u00e9cnicos<\/h2>\n<ul>\n<li>Longitud del espacio de carga: 2934 mm<\/li>\n<li>Anchura del espacio de carga: 1470 mm<\/li>\n<li>PMA: 3500 kg<\/li>\n<\/ul>\n<\/div>\n<p>&nbsp;<\/p>\n<\/div>\n<div class=\"pd-row pd-middle\">\n<div class=\"pd-50\">\n<h2>Entrega y documentos necesarios<\/h2>\n<p>Si eliges nuestro remolque, recibir\u00e1s <strong>toda la documentaci\u00f3n<\/strong>, incluyendo factura de compra, homologaci\u00f3n y certificado de permiso &#8211; todo sin formalidades innecesarias, porque nosotros nos encargamos de ello. Y lo mejor de todo es que el remolque se entregar\u00e1 en la direcci\u00f3n que indiques. \u00a1No pierdas tiempo organizando el transporte &#8211; no es necesario! \u00a1Haz tu pedido ahora y ten la seguridad de que tu remolque cumplir\u00e1 con tus expectativas!<\/p>\n<p>&nbsp;<\/p>\n<\/div>\n<\/div>","protected":false},"featured_media":6951,"comment_status":"open","ping_status":"closed","template":"","meta":[],"product_brand":[],"product_cat":[138],"product_tag":[],"class_list":{"0":"post-6900","1":"product","2":"type-product","3":"status-publish","4":"has-post-thumbnail","6":"product_cat-remorques","8":"first","9":"instock","10":"taxable","11":"shipping-taxable","12":"purchasable","13":"product-type-simple"},"_links":{"self":[{"href":"https:\/\/cabashippinginternational.com\/en\/wp-json\/wp\/v2\/product\/6900","targetHints":{"allow":["GET"]}}],"collection":[{"href":"https:\/\/cabashippinginternational.com\/en\/wp-json\/wp\/v2\/product"}],"about":[{"href":"https:\/\/cabashippinginternational.com\/en\/wp-json\/wp\/v2\/types\/product"}],"replies":[{"embeddable":true,"href":"https:\/\/cabashippinginternational.com\/en\/wp-json\/wp\/v2\/comments?post=6900"}],"wp:featuredmedia":[{"embeddable":true,"href":"https:\/\/cabashippinginternational.com\/en\/wp-json\/wp\/v2\/media\/6951"}],"wp:attachment":[{"href":"https:\/\/cabashippinginternational.com\/en\/wp-json\/wp\/v2\/media?parent=6900"}],"wp:term":[{"taxonomy":"product_brand","embeddable":true,"href":"https:\/\/cabashippinginternational.com\/en\/wp-json\/wp\/v2\/product_brand?post=6900"},{"taxonomy":"product_cat","embeddable":true,"href":"https:\/\/cabashippinginternational.com\/en\/wp-json\/wp\/v2\/product_cat?post=6900"},{"taxonomy":"product_tag","embeddable":true,"href":"https:\/\/cabashippinginternational.com\/en\/wp-json\/wp\/v2\/product_tag?post=6900"}],"curies":[{"name":"wp","href":"https:\/\/api.w.org\/{rel}","templated":true}]}}