{"id":6884,"date":"2026-01-07T16:01:07","date_gmt":"2026-01-07T16:01:07","guid":{"rendered":"https:\/\/elektronica-aanhangers-houten.nl\/?post_type=product&#038;p=6884"},"modified":"2026-02-22T04:25:16","modified_gmt":"2026-02-22T04:25:16","slug":"remorque-garden-trailer-200-kipp-avec-roue-jockey","status":"publish","type":"product","link":"https:\/\/cabashippinginternational.com\/en\/produit\/remorque-garden-trailer-200-kipp-avec-roue-jockey\/","title":{"rendered":"Remolque de volquete 200 con rueda giratoria"},"content":{"rendered":"<div class=\"elementor-element elementor-element-1caffc0 elementor-widget elementor-widget-wd_title\" data-id=\"1caffc0\" data-element_type=\"widget\" data-widget_type=\"wd_title.default\">\n<div class=\"elementor-widget-container\">\n<div class=\"title-wrapper set-mb-s reset-last-child wd-title-color-default wd-title-style-default wd-title-size-default text-left\">\n<div class=\"liner-continer\">\n<h4 class=\"woodmart-title-container title wd-fontsize-l\">Descripci\u00f3n<\/h4>\n<\/div>\n<\/div>\n<\/div>\n<\/div>\n<div class=\"elementor-element elementor-element-e24b901 wd-single-content elementor-widget elementor-widget-wd_single_product_content\" data-id=\"e24b901\" data-element_type=\"widget\" data-widget_type=\"wd_single_product_content.default\">\n<div class=\"elementor-widget-container\">\n<div class=\"pd-row\">\n<div class=\"pd-100\">\n<h2>Remolque de jard\u00edn 200 Kipp de un eje con rueda de jockey y lona azul<\/h2>\n<p>Remolque de jard\u00edn 200 Kipp remolque de autom\u00f3vil para transportar <strong>diversos tipos de cargas ligeras<\/strong> como muebles, herramientas de jard\u00edn, plantas y art\u00edculos del hogar. Gracias a una soluci\u00f3n innovadora en forma de un enganche basculante, nuestro remolque puede inclinarse y <strong>almacenarse verticalmente en la parte trasera<\/strong>. Esto significa que puedes ahorrar mucho espacio valioso para otras cosas. El paquete tambi\u00e9n incluye una rueda giratoria para facilitar la maniobra con el remolque, especialmente cuando transportas el remolque vac\u00edo. Puedes mover el remolque libremente.<\/p>","protected":false},"excerpt":{"rendered":"<h2>Para el remolque puedes comprar:<\/h2>\n<ul>\n<li>paredes laterales de hasta 40 cm<\/li>\n<li>paredes laterales de 40 cm<\/li>\n<li>lona con marco de 80 cm<\/li>\n<li>redes de seguridad<\/li>\n<li>rueda de apoyo con abrazadera<\/li>\n<li>agarraderas en el suelo<\/li>\n<li>guardabarros<\/li>\n<li>soportes laterales fijos<\/li>\n<li>seguridad contra robos<\/li>\n<li cu\u00f1as para ruedas<\/li>\n<li>cubierta de aluminio<\/li>\n<\/ul>\n<p>&#8230; \u00a1y as\u00ed adaptarlo a tus necesidades!<\/p>","protected":false},"featured_media":6941,"comment_status":"open","ping_status":"closed","template":"","meta":[],"product_brand":[],"product_cat":[138],"product_tag":[],"class_list":{"0":"post-6884","1":"product","2":"type-product","3":"status-publish","4":"has-post-thumbnail","6":"product_cat-remorques","8":"first","9":"instock","10":"taxable","11":"shipping-taxable","12":"purchasable","13":"product-type-simple"},"_links":{"self":[{"href":"https:\/\/cabashippinginternational.com\/en\/wp-json\/wp\/v2\/product\/6884","targetHints":{"allow":["GET"]}}],"collection":[{"href":"https:\/\/cabashippinginternational.com\/en\/wp-json\/wp\/v2\/product"}],"about":[{"href":"https:\/\/cabashippinginternational.com\/en\/wp-json\/wp\/v2\/types\/product"}],"replies":[{"embeddable":true,"href":"https:\/\/cabashippinginternational.com\/en\/wp-json\/wp\/v2\/comments?post=6884"}],"wp:featuredmedia":[{"embeddable":true,"href":"https:\/\/cabashippinginternational.com\/en\/wp-json\/wp\/v2\/media\/6941"}],"wp:attachment":[{"href":"https:\/\/cabashippinginternational.com\/en\/wp-json\/wp\/v2\/media?parent=6884"}],"wp:term":[{"taxonomy":"product_brand","embeddable":true,"href":"https:\/\/cabashippinginternational.com\/en\/wp-json\/wp\/v2\/product_brand?post=6884"},{"taxonomy":"product_cat","embeddable":true,"href":"https:\/\/cabashippinginternational.com\/en\/wp-json\/wp\/v2\/product_cat?post=6884"},{"taxonomy":"product_tag","embeddable":true,"href":"https:\/\/cabashippinginternational.com\/en\/wp-json\/wp\/v2\/product_tag?post=6884"}],"curies":[{"name":"wp","href":"https:\/\/api.w.org\/{rel}","templated":true}]}}