{"id":6881,"date":"2026-01-07T16:01:07","date_gmt":"2026-01-07T16:01:07","guid":{"rendered":"https:\/\/elektronica-aanhangers-houten.nl\/?post_type=product&#038;p=6881"},"modified":"2026-02-22T04:25:54","modified_gmt":"2026-02-22T04:25:54","slug":"remorque-double-essieux-unitrailer-264-2-kipp","status":"publish","type":"product","link":"https:\/\/cabashippinginternational.com\/en\/produit\/remorque-double-essieux-unitrailer-264-2-kipp\/","title":{"rendered":"unitrailer 264\/2 remolque de dos ejes basculante"},"content":{"rendered":"<div class=\"elementor-element elementor-element-1caffc0 elementor-widget elementor-widget-wd_title\" data-id=\"1caffc0\" data-element_type=\"widget\" data-widget_type=\"wd_title.default\">\n<div class=\"elementor-widget-container\">\n<div class=\"title-wrapper set-mb-s reset-last-child wd-title-color-default wd-title-style-default wd-title-size-default text-left\">\n<div class=\"liner-continer\">\n<h4 class=\"woodmart-title-container title wd-fontsize-l\">Descripci\u00f3n<\/h4>\n<\/div>\n<\/div>\n<\/div>\n<\/div>\n<div class=\"elementor-element elementor-element-e24b901 wd-single-content elementor-widget elementor-widget-wd_single_product_content\" data-id=\"e24b901\" data-element_type=\"widget\" data-widget_type=\"wd_single_product_content.default\">\n<div class=\"elementor-widget-container\">\n<div class=\"product-beschrijving\">\n<p>&nbsp;<\/p>\n<div class=\"pd-row\">\n<div class=\"pd-100\">\n<h2>REMOLQUE KIPP UNITRAILER 264\/2 DE EJE DOBLE CON RUEDA JOCKEY, CARRO Y LONA GRIS<\/h2>\n<p>Con una superficie de transporte de 264\u00d7125 cm, puedes transportar cargas muy grandes. El remolque de jard\u00edn 264 es un remolque que facilita todas tus tareas de transporte. \u00bfNecesitas transportar una gran cantidad de madera? \u00a1No hay problema! \u00bfElectrodom\u00e9sticos o electr\u00f3nica nuevos? \u00a1Nada es m\u00e1s sencillo! De ahora en adelante, ninguna tarea ser\u00e1 demasiado grande. Con tu propio remolque, no tienes que pagar demasiado en la tienda de alquiler ni confiar en la buena voluntad de tus amigos y vecinos. Puedes transportar todo lo que necesites por ti mismo, y cargar y descargar es f\u00e1cil.<\/p>","protected":false},"excerpt":{"rendered":"<section class=\"wd-negative-gap elementor-section elementor-top-section elementor-element elementor-element-562428a elementor-reverse-mobile elementor-section-boxed elementor-section-height-default elementor-section-height-default wd-section-disabled\" data-id=\"562428a\" data-element_type=\"section\">\n<div class=\"elementor-container elementor-column-gap-default\">\n<div class=\"elementor-column elementor-col-100 elementor-top-column elementor-element-element-849fa95\" data-id=\"849fa95\" data-element_type=\"column\" data-settings=\"{&quot;background_background&quot;:&quot;classic&quot;}\">\n<div class=\"elementor-widget-wrap elementor-element-populated\">\n<div class=\"elementor-element elementor-element-e24b901 wd-single-content elementor-widget elementor-widget-wd_single_product_content\" data-id=\"e24b901\" data-element_type=\"widget\" data-widget_type=\"wd_single_product_content.default\">\n<div class=\"elementor-widget-container\">\n<div class=\"product-beschrijving\">\n<div class=\"pd-50\">\n<h2>Lo que necesita saber sobre este modelo de remolque<\/h2>\n<ul>\n<li>Superficie de transporte muy grande, lo que facilita el transporte de mercanc\u00edas voluminosas<\/li>\n<li>Protecci\u00f3n integral contra la corrosi\u00f3n<\/li>\n<li>Durabilidad superior gracias a vigas de soporte adicionales debajo del suelo y refuerzos en el chasis<\/li>\n<li>Luces de posici\u00f3n activas que facilitan la lectura de la posici\u00f3n del remolque al retroceder<\/li>\n<li>Protecci\u00f3n contra barro de pl\u00e1stico muy duradero y resistente a la corrosi\u00f3n<\/li>","protected":false},"featured_media":6936,"comment_status":"open","ping_status":"closed","template":"","meta":[],"product_brand":[],"product_cat":[138],"product_tag":[],"class_list":{"0":"post-6881","1":"product","2":"type-product","3":"status-publish","4":"has-post-thumbnail","6":"product_cat-remorques","8":"first","9":"instock","10":"taxable","11":"shipping-taxable","12":"purchasable","13":"product-type-simple"},"_links":{"self":[{"href":"https:\/\/cabashippinginternational.com\/en\/wp-json\/wp\/v2\/product\/6881","targetHints":{"allow":["GET"]}}],"collection":[{"href":"https:\/\/cabashippinginternational.com\/en\/wp-json\/wp\/v2\/product"}],"about":[{"href":"https:\/\/cabashippinginternational.com\/en\/wp-json\/wp\/v2\/types\/product"}],"replies":[{"embeddable":true,"href":"https:\/\/cabashippinginternational.com\/en\/wp-json\/wp\/v2\/comments?post=6881"}],"wp:featuredmedia":[{"embeddable":true,"href":"https:\/\/cabashippinginternational.com\/en\/wp-json\/wp\/v2\/media\/6936"}],"wp:attachment":[{"href":"https:\/\/cabashippinginternational.com\/en\/wp-json\/wp\/v2\/media?parent=6881"}],"wp:term":[{"taxonomy":"product_brand","embeddable":true,"href":"https:\/\/cabashippinginternational.com\/en\/wp-json\/wp\/v2\/product_brand?post=6881"},{"taxonomy":"product_cat","embeddable":true,"href":"https:\/\/cabashippinginternational.com\/en\/wp-json\/wp\/v2\/product_cat?post=6881"},{"taxonomy":"product_tag","embeddable":true,"href":"https:\/\/cabashippinginternational.com\/en\/wp-json\/wp\/v2\/product_tag?post=6881"}],"curies":[{"name":"wp","href":"https:\/\/api.w.org\/{rel}","templated":true}]}}