{"id":6880,"date":"2026-01-07T16:01:06","date_gmt":"2026-01-07T16:01:06","guid":{"rendered":"https:\/\/elektronica-aanhangers-houten.nl\/?post_type=product&#038;p=6880"},"modified":"2026-02-22T04:26:08","modified_gmt":"2026-02-22T04:26:08","slug":"remorque-deux-essieux-254x151-avec-roues-unitrailer","status":"publish","type":"product","link":"https:\/\/cabashippinginternational.com\/en\/produit\/remorque-deux-essieux-254x151-avec-roues-unitrailer\/","title":{"rendered":"remolque de dos ejes 254\u00d7151 con ruedas unitrailer"},"content":{"rendered":"<div class=\"elementor-element elementor-element-1caffc0 elementor-widget elementor-widget-wd_title\" data-id=\"1caffc0\" data-element_type=\"widget\" data-widget_type=\"wd_title.default\">\n<div class=\"elementor-widget-container\">\n<div class=\"title-wrapper set-mb-s reset-last-child wd-title-color-default wd-title-style-default wd-title-size-default text-left\">\n<div class=\"liner-continer\">\n<h4 class=\"woodmart-title-container title wd-fontsize-l\">Descripci\u00f3n<\/h4>\n<\/div>\n<\/div>\n<\/div>\n<\/div>\n<div class=\"elementor-element elementor-element-e24b901 wd-single-content elementor-widget elementor-widget-wd_single_product_content\" data-id=\"e24b901\" data-element_type=\"widget\" data-widget_type=\"wd_single_product_content.default\">\n<div class=\"elementor-widget-container\">\n<div class=\"pd-row\">\n<div class=\"pd-100\">\n<h2>REMOLQUE DE TRANSPORTE UNITRAILER SOLID 250\/2<\/h2>\n<p>El remolque de transporte UNITRAILER SOLID 250\/2 es un remolque de transporte con un P.M.A. <strong>de hasta 750 kg<\/strong>. Extremadamente pr\u00e1ctico gracias a la <strong>posibilidad de abrir o desmontar todos los lados<\/strong>, \u00a1para que se pueda cargar sin importar de qu\u00e9 lado se coloque! Nos encargamos de todos los tr\u00e1mites en tu compra. Entregamos los bienes que has pedido, junto con la documentaci\u00f3n correspondiente, en la direcci\u00f3n que indiques.<\/p>\n<\/div>\n<div class=\"pd-row pd-middle\">\n<div class=\"pd-50\">\n<h2>Documentos requeridos y entrega<\/h2>\n<p>Si decides adquirir un <strong>remolque UNITRAILER SOLID 250\/2<\/strong><\/p>","protected":false},"excerpt":{"rendered":"<div class=\"pd-row pd-middle\">\n<div class=\"pd-50\">\n<h2>Datos t\u00e9cnicos para el remolque UNITRAILER SOLID 250\/2<\/h2>\n<ul>\n<li><strong>CHASIS &#8211; 2 ejes del fabricante Knott o ALKO<\/strong> &#8211; fabricado por encargo especial de Unirailer. Tama\u00f1os de rueda: 155\/70 R13. Enganche en \u00abV\u00bb. Suspensi\u00f3n de ruedas: suspensi\u00f3n de eje de torsi\u00f3n independiente. Ruedas bajo la superficie de transporte.<\/li>\n<li><strong>CONSTRUCCI\u00d3N<\/strong> &#8211; chasis portante: acero de construcci\u00f3n, secci\u00f3n cerrada, atornillado, chapa de acero galvanizado conformada en fr\u00edo. Superficie de transporte: el suelo es de contrachapado de 9 mm de grosor, impermeable y antideslizante.<\/li>\n<li><strong>LADOS<\/strong> &#8211; chapa de acero galvanizado, todos los lados pueden abrirse y retirarse.<\/li>\n<\/ul>\n<\/div>\n<p>&nbsp;<\/p>\n<\/div>\n<div class=\"pd-row pd-middle\">\n<div class=\"pd-50\">\n<h2>Puedes comprar lo siguiente para el remolque:<\/h2>\n<ul>\n<li>rampas de aluminio<\/li>\n<li>paredes laterales dobles de acero<\/li>\n<li>cubierta plana<\/li>\n<li>marco + funda de cubierta H1400<\/li>\n<li>rampa de acceso<\/li>\n<li>seguridad contra robos<\/li>\n<li>cu\u00f1as para ruedas<\/li>\n<li>soporte trasero<\/li>\n<li>placa protectora delantera<\/li>\n<li>soporte de rueda<\/li>\n<li>amortiguadores de eje<\/li>\n<\/ul>\n<p>&#8230; \u00a1y ad\u00e1ptalo a tus necesidades!<\/p>\n<p>&nbsp;<\/p>\n<\/div>\n<\/div>","protected":false},"featured_media":6935,"comment_status":"open","ping_status":"closed","template":"","meta":[],"product_brand":[],"product_cat":[138],"product_tag":[],"class_list":{"0":"post-6880","1":"product","2":"type-product","3":"status-publish","4":"has-post-thumbnail","6":"product_cat-remorques","8":"first","9":"instock","10":"taxable","11":"shipping-taxable","12":"purchasable","13":"product-type-simple"},"_links":{"self":[{"href":"https:\/\/cabashippinginternational.com\/en\/wp-json\/wp\/v2\/product\/6880","targetHints":{"allow":["GET"]}}],"collection":[{"href":"https:\/\/cabashippinginternational.com\/en\/wp-json\/wp\/v2\/product"}],"about":[{"href":"https:\/\/cabashippinginternational.com\/en\/wp-json\/wp\/v2\/types\/product"}],"replies":[{"embeddable":true,"href":"https:\/\/cabashippinginternational.com\/en\/wp-json\/wp\/v2\/comments?post=6880"}],"wp:featuredmedia":[{"embeddable":true,"href":"https:\/\/cabashippinginternational.com\/en\/wp-json\/wp\/v2\/media\/6935"}],"wp:attachment":[{"href":"https:\/\/cabashippinginternational.com\/en\/wp-json\/wp\/v2\/media?parent=6880"}],"wp:term":[{"taxonomy":"product_brand","embeddable":true,"href":"https:\/\/cabashippinginternational.com\/en\/wp-json\/wp\/v2\/product_brand?post=6880"},{"taxonomy":"product_cat","embeddable":true,"href":"https:\/\/cabashippinginternational.com\/en\/wp-json\/wp\/v2\/product_cat?post=6880"},{"taxonomy":"product_tag","embeddable":true,"href":"https:\/\/cabashippinginternational.com\/en\/wp-json\/wp\/v2\/product_tag?post=6880"}],"curies":[{"name":"wp","href":"https:\/\/api.w.org\/{rel}","templated":true}]}}