{"id":6879,"date":"2026-01-07T16:01:06","date_gmt":"2026-01-07T16:01:06","guid":{"rendered":"https:\/\/elektronica-aanhangers-houten.nl\/?post_type=product&#038;p=6879"},"modified":"2026-02-22T04:26:18","modified_gmt":"2026-02-22T04:26:18","slug":"remorque-de-jardin-200-kipp-avec-roue-jockey","status":"publish","type":"product","link":"https:\/\/cabashippinginternational.com\/en\/produit\/remorque-de-jardin-200-kipp-avec-roue-jockey\/","title":{"rendered":"200 Kipp remolque con rueda giratoria"},"content":{"rendered":"<div class=\"elementor-element elementor-element-1caffc0 elementor-widget elementor-widget-wd_title\" data-id=\"1caffc0\" data-element_type=\"widget\" data-widget_type=\"wd_title.default\">\n<div class=\"elementor-widget-container\">\n<div class=\"title-wrapper set-mb-s reset-last-child wd-title-color-default wd-title-style-default wd-title-size-default text-left\">\n<div class=\"liner-continer\">\n<h4 class=\"woodmart-title-container title wd-fontsize-l\">Descripci\u00f3n<\/h4>\n<\/div>\n<\/div>\n<\/div>\n<\/div>\n<div class=\"elementor-element elementor-element-e24b901 wd-single-content elementor-widget elementor-widget-wd_single_product_content\" data-id=\"e24b901\" data-element_type=\"widget\" data-widget_type=\"wd_single_product_content.default\">\n<div class=\"elementor-widget-container\">\n<div class=\"pd-row\">\n<div class=\"pd-100\">\n<h2>Remolque de jard\u00edn pr\u00e1ctico 200 Kipp autotrailer con eje simple, lona azul, chasis H-0 y rueda jockey<\/h2>\n<p>Descubre la versatilidad <strong>del remolque de jard\u00edn ligero de un solo eje<\/strong> 200 Kipp con lona azul, chasis robusto y rueda jockey. Este remolque universal es un verdadero apoyo para todos los amantes de los proyectos de jard\u00edn y hogar. Gracias al eje simple, ofrece una extraordinaria maniobrabilidad y precisi\u00f3n, incluso en espacios reducidos. La lona azul <strong>protege la carga de manera efectiva contra la lluvia y el sol<\/strong> y el marco plano evita que la lona se hunda bajo el peso de la lluvia o la nieve. Es una herramienta indispensable para el hogar. Comfor<\/p>","protected":false},"excerpt":{"rendered":"<div class=\"pd-row pd-middle description__flex-column-reverse\">\n<div class=\"pd-50\">\n<h2>Para el remolque puedes comprar:<\/h2>\n<ul>\n<li>paredes laterales de hasta 40 cm<\/li>\n<li>paredes laterales de 40 cm<\/li>\n<li>lona con marco de 80 cm<\/li>\n<li>redes de seguridad<\/li>\n<li>soportes de piso<\/li>\n<li>pantallas de barro<\/li>\n<li>soportes laterales fijos<\/li>\n<li>seguridad contra robos<\/li>\n<li>bloques de rueda<\/li>\n<\/ul>\n<p>&#8230; \u00a1y aj\u00fastalo a tus necesidades!<\/p>\n<p>&nbsp;<\/p>\n<\/div>\n<p>&nbsp;<\/p>\n<\/div>\n<div class=\"pd-row\">\n<div class=\"pd-100\">\n<p>Si tienes m\u00e1s preguntas, cont\u00e1ctanos a trav\u00e9s del chat en l\u00ednea o por tel\u00e9fono. Posibles GVWR: 300 kg, 350 kg, 400 kg, 450 kg, 499 kg, 500 kg, 525 kg, 550 kg, 575 kg, 600 kg, 625 kg, 650 kg, 675 kg, 700 kg, 725 kg, 750 kg.<\/p>\n<\/div>\n<\/div>","protected":false},"featured_media":6933,"comment_status":"open","ping_status":"closed","template":"","meta":[],"product_brand":[],"product_cat":[138],"product_tag":[],"class_list":{"0":"post-6879","1":"product","2":"type-product","3":"status-publish","4":"has-post-thumbnail","6":"product_cat-remorques","8":"first","9":"instock","10":"taxable","11":"shipping-taxable","12":"purchasable","13":"product-type-simple"},"_links":{"self":[{"href":"https:\/\/cabashippinginternational.com\/en\/wp-json\/wp\/v2\/product\/6879","targetHints":{"allow":["GET"]}}],"collection":[{"href":"https:\/\/cabashippinginternational.com\/en\/wp-json\/wp\/v2\/product"}],"about":[{"href":"https:\/\/cabashippinginternational.com\/en\/wp-json\/wp\/v2\/types\/product"}],"replies":[{"embeddable":true,"href":"https:\/\/cabashippinginternational.com\/en\/wp-json\/wp\/v2\/comments?post=6879"}],"wp:featuredmedia":[{"embeddable":true,"href":"https:\/\/cabashippinginternational.com\/en\/wp-json\/wp\/v2\/media\/6933"}],"wp:attachment":[{"href":"https:\/\/cabashippinginternational.com\/en\/wp-json\/wp\/v2\/media?parent=6879"}],"wp:term":[{"taxonomy":"product_brand","embeddable":true,"href":"https:\/\/cabashippinginternational.com\/en\/wp-json\/wp\/v2\/product_brand?post=6879"},{"taxonomy":"product_cat","embeddable":true,"href":"https:\/\/cabashippinginternational.com\/en\/wp-json\/wp\/v2\/product_cat?post=6879"},{"taxonomy":"product_tag","embeddable":true,"href":"https:\/\/cabashippinginternational.com\/en\/wp-json\/wp\/v2\/product_tag?post=6879"}],"curies":[{"name":"wp","href":"https:\/\/api.w.org\/{rel}","templated":true}]}}