{"id":6878,"date":"2026-01-07T16:01:06","date_gmt":"2026-01-07T16:01:06","guid":{"rendered":"https:\/\/elektronica-aanhangers-houten.nl\/?post_type=product&#038;p=6878"},"modified":"2026-02-22T04:26:30","modified_gmt":"2026-02-22T04:26:30","slug":"remorque-de-chantier-pour-le-transport-dune-mini-pelle","status":"publish","type":"product","link":"https:\/\/cabashippinginternational.com\/en\/produit\/remorque-de-chantier-pour-le-transport-dune-mini-pelle\/","title":{"rendered":"Remolque para el transporte de una miniexcavadora"},"content":{"rendered":"<div class=\"elementor-element elementor-element-1caffc0 elementor-widget elementor-widget-wd_title\" data-id=\"1caffc0\" data-element_type=\"widget\" data-widget_type=\"wd_title.default\">\n<div class=\"elementor-widget-container\">\n<div class=\"title-wrapper set-mb-s reset-last-child wd-title-color-default wd-title-style-default wd-title-size-default text-left\">\n<div class=\"liner-continer\">\n<h4 class=\"woodmart-title-container title wd-fontsize-l\">Descripci\u00f3n<\/h4>\n<\/div>\n<\/div>\n<\/div>\n<\/div>\n<div class=\"elementor-element elementor-element-e24b901 wd-single-content elementor-widget elementor-widget-wd_single_product_content\" data-id=\"e24b901\" data-element_type=\"widget\" data-widget_type=\"wd_single_product_content.default\">\n<div class=\"elementor-widget-container\">\n<div class=\"pd-row\">\n<div class=\"pd-100\">\n<h2>REMOLQUE DE TRANSPORTE UNITRAILER STARK 3 260<\/h2>\n<p>\u00a1Aqu\u00ed hay una oferta sensacional para personas que necesitan <strong>material de transporte especializado<\/strong>! Presentamos un remolque STARK 3 260 con doble eje para uso intensivo &#8211; ideal para <strong>tareas exigentes<\/strong>. Con un peso bruto vehicular de hasta 2.700 kg, \u00a1transportar cargas pesadas no es un desaf\u00edo! Y gracias a la rampa de acceso adyacente, el acceso es <strong>r\u00e1pido y seguro<\/strong>. \u00a1Y eso no es todo! Nos encargamos de los tr\u00e1mites de compra por ti y entregamos el remolque <strong>con documentaci\u00f3n<\/strong> en un plazo de 10 d\u00edas h\u00e1biles en la direcci\u00f3n que indiques. Solo tienes que registrarlo.<\/p>","protected":false},"excerpt":{"rendered":"<div class=\"pd-row pd-middle\">\n<div class=\"pd-50\">\n<p>&nbsp;<\/p>\n<\/div>\n<p>&nbsp;<\/p>\n<\/div>\n<div class=\"pd-row pd-middle\">\n<div class=\"pd-50\">\n<p>El remolque de transporte UNITRAILER STARK 3 260 tambi\u00e9n cuenta con una <strong>estructura duradera<\/strong>, dise\u00f1ada especialmente para el transporte de mini excavadoras y materiales de construcci\u00f3n pesados. Dos ejes y una rueda de apoyo facilitan la maniobrabilidad y el soporte de ladrillos hace que el transporte de las m\u00e1quinas sea sencillo. La caja de carga con dimensiones de 2594\u00d71470 mm y un peso bruto vehicular de 2700 kg permite <strong>cargar una gran cantidad de mercanc\u00edas<\/strong>, y los resistentes mangos aseguran que se <strong>fijen de manera segura<\/strong>. La estructura del chasis portante de acero de construcci\u00f3n de alta calidad y la superficie de transporte de contrachapado resistente al agua de 15 mm garantizan <strong>fiabilidad y durabilidad<\/strong> del remolque.<\/p>\n<\/div>\n<\/div>","protected":false},"featured_media":6931,"comment_status":"open","ping_status":"closed","template":"","meta":[],"product_brand":[],"product_cat":[138],"product_tag":[],"class_list":{"0":"post-6878","1":"product","2":"type-product","3":"status-publish","4":"has-post-thumbnail","6":"product_cat-remorques","8":"first","9":"instock","10":"taxable","11":"shipping-taxable","12":"purchasable","13":"product-type-simple"},"_links":{"self":[{"href":"https:\/\/cabashippinginternational.com\/en\/wp-json\/wp\/v2\/product\/6878","targetHints":{"allow":["GET"]}}],"collection":[{"href":"https:\/\/cabashippinginternational.com\/en\/wp-json\/wp\/v2\/product"}],"about":[{"href":"https:\/\/cabashippinginternational.com\/en\/wp-json\/wp\/v2\/types\/product"}],"replies":[{"embeddable":true,"href":"https:\/\/cabashippinginternational.com\/en\/wp-json\/wp\/v2\/comments?post=6878"}],"wp:featuredmedia":[{"embeddable":true,"href":"https:\/\/cabashippinginternational.com\/en\/wp-json\/wp\/v2\/media\/6931"}],"wp:attachment":[{"href":"https:\/\/cabashippinginternational.com\/en\/wp-json\/wp\/v2\/media?parent=6878"}],"wp:term":[{"taxonomy":"product_brand","embeddable":true,"href":"https:\/\/cabashippinginternational.com\/en\/wp-json\/wp\/v2\/product_brand?post=6878"},{"taxonomy":"product_cat","embeddable":true,"href":"https:\/\/cabashippinginternational.com\/en\/wp-json\/wp\/v2\/product_cat?post=6878"},{"taxonomy":"product_tag","embeddable":true,"href":"https:\/\/cabashippinginternational.com\/en\/wp-json\/wp\/v2\/product_tag?post=6878"}],"curies":[{"name":"wp","href":"https:\/\/api.w.org\/{rel}","templated":true}]}}