{"id":6876,"date":"2026-01-07T16:01:06","date_gmt":"2026-01-07T16:01:06","guid":{"rendered":"https:\/\/elektronica-aanhangers-houten.nl\/?post_type=product&#038;p=6876"},"modified":"2026-02-22T04:26:48","modified_gmt":"2026-02-22T04:26:48","slug":"remorque-plate-basculante-400x200-uniplat-4020s-p-2700-kg","status":"publish","type":"product","link":"https:\/\/cabashippinginternational.com\/en\/produit\/remorque-plate-basculante-400x200-uniplat-4020s-p-2700-kg\/","title":{"rendered":"Kiepbak 400\u00d7200 UNIPLAT 4020S P 2700 kg"},"content":{"rendered":"<div class=\"elementor-element elementor-element-1caffc0 elementor-widget elementor-widget-wd_title\" data-id=\"1caffc0\" data-element_type=\"widget\" data-widget_type=\"wd_title.default\">\n<div class=\"elementor-widget-container\">\n<div class=\"title-wrapper set-mb-s reset-last-child wd-title-color-default wd-title-style-default wd-title-size-default text-left\">\n<div class=\"liner-continer\">\n<h4 class=\"woodmart-title-container title wd-fontsize-l\">Descripci\u00f3n<\/h4>\n<\/div>\n<\/div>\n<\/div>\n<\/div>\n<div class=\"elementor-element elementor-element-e24b901 wd-single-content elementor-widget elementor-widget-wd_single_product_content\" data-id=\"e24b901\" data-element_type=\"widget\" data-widget_type=\"wd_single_product_content.default\">\n<div class=\"elementor-widget-container\">\n<h2>Remolque de plataforma 400\u00d7200 UNIPLAT 4020S P 2700 kg<\/h2>\n<p>Perfecto para transportar veh\u00edculos sin tener que preocuparse de que se da\u00f1en. Adem\u00e1s, tiene una estructura robusta y es confiable en la carretera. \u00a1Todos los accesorios que necesitas para este remolque ya est\u00e1n instalados! Si eliges el UNIPLAT 4020S P, recibir\u00e1s un cabrestante con cuerda y rampas de acero en el kit. Entregamos los bienes solicitados con la documentaci\u00f3n correspondiente dentro de 10-20 d\u00edas h\u00e1biles en la direcci\u00f3n que nos indiques.<\/p>\n<h2>Remolque de plataforma UNIPLAT 4020S P<\/h2>\n<ul>\n<li>Superficie de transporte 4060 \u00d7 2000 mm<\/li>\n<li>2 ejes con freno ALKO \/ KNOTT de 1350 kg<\/li>\n<li>Ruedas 195\/55 R10<\/li>\n<li>Enganche en forma de \u00abV\u00bb<\/li>\n<li>S<br \/>","protected":false},"excerpt":{"rendered":"<h2>Sloopauto UNIPLAT NEW 4020S P &#8211; datos t\u00e9cnicos<\/h2>\n<ul>\n<li><strong>CHASIS &#8211; 2 ejes del fabricante Knott o ALKO<\/strong> 1350 kg cada uno<\/li>\n<li>Tama\u00f1o de las ruedas: 195\/55 R10.<\/li>\n<li>Bandas en V fijas.<\/li>\n<li>Suspensi\u00f3n: independiente.<\/li>\n<li>Sistema de control de frenos KNOTT o AL-KO.<\/li>\n<li><strong>CONSTRUCCI\u00d3N<\/strong> &#8211; Chasis de acero de construcci\u00f3n.<\/li>\n<li>Superficie de transporte: contrachapado de 15 mm de grosor, impermeable y antideslizante.<\/li>\n<\/ul>","protected":false},"featured_media":6923,"comment_status":"open","ping_status":"closed","template":"","meta":[],"product_brand":[],"product_cat":[138],"product_tag":[],"class_list":{"0":"post-6876","1":"product","2":"type-product","3":"status-publish","4":"has-post-thumbnail","6":"product_cat-remorques","8":"first","9":"instock","10":"taxable","11":"shipping-taxable","12":"purchasable","13":"product-type-simple"},"_links":{"self":[{"href":"https:\/\/cabashippinginternational.com\/en\/wp-json\/wp\/v2\/product\/6876","targetHints":{"allow":["GET"]}}],"collection":[{"href":"https:\/\/cabashippinginternational.com\/en\/wp-json\/wp\/v2\/product"}],"about":[{"href":"https:\/\/cabashippinginternational.com\/en\/wp-json\/wp\/v2\/types\/product"}],"replies":[{"embeddable":true,"href":"https:\/\/cabashippinginternational.com\/en\/wp-json\/wp\/v2\/comments?post=6876"}],"wp:featuredmedia":[{"embeddable":true,"href":"https:\/\/cabashippinginternational.com\/en\/wp-json\/wp\/v2\/media\/6923"}],"wp:attachment":[{"href":"https:\/\/cabashippinginternational.com\/en\/wp-json\/wp\/v2\/media?parent=6876"}],"wp:term":[{"taxonomy":"product_brand","embeddable":true,"href":"https:\/\/cabashippinginternational.com\/en\/wp-json\/wp\/v2\/product_brand?post=6876"},{"taxonomy":"product_cat","embeddable":true,"href":"https:\/\/cabashippinginternational.com\/en\/wp-json\/wp\/v2\/product_cat?post=6876"},{"taxonomy":"product_tag","embeddable":true,"href":"https:\/\/cabashippinginternational.com\/en\/wp-json\/wp\/v2\/product_tag?post=6876"}],"curies":[{"name":"wp","href":"https:\/\/api.w.org\/{rel}","templated":true}]}}