{"id":6860,"date":"2026-01-07T16:00:43","date_gmt":"2026-01-07T16:00:43","guid":{"rendered":"https:\/\/elektronica-aanhangers-houten.nl\/?post_type=product&#038;p=6860"},"modified":"2026-02-22T04:27:33","modified_gmt":"2026-02-22T04:27:33","slug":"remorque-750-kg-200-x-125-avec-bache-dome-3","status":"publish","type":"product","link":"https:\/\/cabashippinginternational.com\/en\/produit\/remorque-750-kg-200-x-125-avec-bache-dome-3\/","title":{"rendered":"Remolque de 750 kg 200 x 125 con tapa de c\u00fapula"},"content":{"rendered":"<div class=\"elementor-element elementor-element-1caffc0 elementor-widget elementor-widget-wd_title\" data-id=\"1caffc0\" data-element_type=\"widget\" data-widget_type=\"wd_title.default\">\n<div class=\"elementor-widget-container\">\n<div class=\"title-wrapper set-mb-s reset-last-child wd-title-color-default wd-title-style-default wd-title-size-default text-left\">\n<div class=\"liner-continer\">\n<h4 class=\"woodmart-title-container title wd-fontsize-l\">Descripci\u00f3n<\/h4>\n<\/div>\n<\/div>\n<\/div>\n<\/div>\n<div class=\"elementor-element elementor-element-e24b901 wd-single-content elementor-widget elementor-widget-wd_single_product_content\" data-id=\"e24b901\" data-element_type=\"widget\" data-widget_type=\"wd_single_product_content.default\">\n<div class=\"elementor-widget-container\">\n<div class=\"pd-row\">\n<div class=\"pd-100\">\n<h2>Remolque de jard\u00edn 201 KIPP 750 kg con toldo<\/h2>\n<p>Remolque de jard\u00edn 201 KIPP 750 kg (peso bruto m\u00e1ximo), versi\u00f3n con un <strong>toldo de 80 cm<\/strong>. Esto le permite transportar hasta <strong>626 kg de carga<\/strong> (con el peso bruto de 750 kg) en el suelo de <strong>200\u00d7125 cm<\/strong> y con los laterales de <strong>30 cm<\/strong>.<\/p>\n<p>&nbsp;<\/p>\n<\/div>\n<p>&nbsp;<\/p>\n<\/div>\n<div class=\"pd-row\">\n<div class=\"pd-100\">\n<h2>Entregado en 24 horas en su casa con todos los documentos para el registro del remolque<\/h2>\n<p>Remolque ligero de 750 kg se entrega <strong>montado<\/strong> sobre un pallet. Simplemente atornille el panel trasero del pallet y monte el arco de seguridad y el de&#8230;<\/p>","protected":false},"excerpt":{"rendered":"<h2>Especificaciones t\u00e9cnicas del remolque de jard\u00edn de 750 kg 201 KIPP<\/h2>\n<ul>\n<li><strong>CHASIS<\/strong> &#8211; <strong>eje de nueva generaci\u00f3n<\/strong>, fabricado por un productor de renombre <strong>AL-KO<\/strong> o <strong>KNOTT<\/strong>, con <strong>barras de torsi\u00f3n de goma<\/strong>, lo que garantiza buenas condiciones de conducci\u00f3n.<\/li>\n<li><strong>Enganche plegable<\/strong>, con una caja de enganche equipada con un <strong>indicador de enganche correcto<\/strong>.<\/li>\n<li><strong>Ruedas para todo clima<\/strong> 155\/70 en tama\u00f1o de 13 pulgadas que amortiguan baches y aseguran un viaje c\u00f3modo.<\/li>\n<li>El marco del remolque est\u00e1 hecho de <strong>acero galvanizado perfilado<\/strong> y atornillado.<\/li>\n<li><strong>PLATAFORMA<\/strong> &#8211; suelo hecho de <strong>contrachapado de calidad impermeable y antideslizante<\/strong> de <strong>9 mm<\/strong> de grosor.<\/li>\n<li><strong>PAREDES LATERALES<\/strong> &#8211; altura <strong>30 cm<\/strong>, fabricadas de acero laminado galvanizado <strong>anti-corrosi\u00f3n<\/strong> duradero.<\/li>\n<li>Acero laminado perfilado para mayor rigidez.<\/li>\n<li>Tableros laterales con <strong>poleas de anclaje<\/strong> (sujeciones de lona) que permiten tensar la lona correctamente.<\/li>\n<li>El panel lateral trasero se puede abrir o quitar completamente.<\/li>\n<\/ul>\n<p>El peso bruto vehicular est\u00e1ndar es de 500 kg en Francia y 750 en B\u00e9lgica. No olvide especificar el peso bruto vehicular deseado al realizar el pedido a\u00f1adiendo un comentario en el campo de observaciones. Posibles pesos brutos vehiculares: 30<\/p>","protected":false},"featured_media":6915,"comment_status":"open","ping_status":"closed","template":"","meta":[],"product_brand":[],"product_cat":[138],"product_tag":[],"class_list":{"0":"post-6860","1":"product","2":"type-product","3":"status-publish","4":"has-post-thumbnail","6":"product_cat-remorques","8":"first","9":"instock","10":"taxable","11":"shipping-taxable","12":"purchasable","13":"product-type-simple"},"_links":{"self":[{"href":"https:\/\/cabashippinginternational.com\/en\/wp-json\/wp\/v2\/product\/6860","targetHints":{"allow":["GET"]}}],"collection":[{"href":"https:\/\/cabashippinginternational.com\/en\/wp-json\/wp\/v2\/product"}],"about":[{"href":"https:\/\/cabashippinginternational.com\/en\/wp-json\/wp\/v2\/types\/product"}],"replies":[{"embeddable":true,"href":"https:\/\/cabashippinginternational.com\/en\/wp-json\/wp\/v2\/comments?post=6860"}],"wp:featuredmedia":[{"embeddable":true,"href":"https:\/\/cabashippinginternational.com\/en\/wp-json\/wp\/v2\/media\/6915"}],"wp:attachment":[{"href":"https:\/\/cabashippinginternational.com\/en\/wp-json\/wp\/v2\/media?parent=6860"}],"wp:term":[{"taxonomy":"product_brand","embeddable":true,"href":"https:\/\/cabashippinginternational.com\/en\/wp-json\/wp\/v2\/product_brand?post=6860"},{"taxonomy":"product_cat","embeddable":true,"href":"https:\/\/cabashippinginternational.com\/en\/wp-json\/wp\/v2\/product_cat?post=6860"},{"taxonomy":"product_tag","embeddable":true,"href":"https:\/\/cabashippinginternational.com\/en\/wp-json\/wp\/v2\/product_tag?post=6860"}],"curies":[{"name":"wp","href":"https:\/\/api.w.org\/{rel}","templated":true}]}}