{"id":6857,"date":"2026-01-07T16:00:43","date_gmt":"2026-01-07T16:00:43","guid":{"rendered":"https:\/\/elektronica-aanhangers-houten.nl\/?post_type=product&#038;p=6857"},"modified":"2026-02-22T04:28:09","modified_gmt":"2026-02-22T04:28:09","slug":"remorque-750-kg-200-x-125-avec-bache-dome","status":"publish","type":"product","link":"https:\/\/cabashippinginternational.com\/en\/produit\/remorque-750-kg-200-x-125-avec-bache-dome\/","title":{"rendered":"Remolque de 750 kg 200 x 125 con tapa de c\u00fapula"},"content":{"rendered":"<div class=\"elementor-element elementor-element-1caffc0 elementor-widget elementor-widget-wd_title\" data-id=\"1caffc0\" data-element_type=\"widget\" data-widget_type=\"wd_title.default\">\n<div class=\"elementor-widget-container\">\n<div class=\"title-wrapper set-mb-s reset-last-child wd-title-color-default wd-title-style-default wd-title-size-default text-left\">\n<div class=\"liner-continer\">\n<h4 class=\"woodmart-title-container title wd-fontsize-l\">Descripci\u00f3n<\/h4>\n<\/div>\n<\/div>\n<\/div>\n<\/div>\n<div class=\"elementor-element elementor-element-e24b901 wd-single-content elementor-widget elementor-widget-wd_single_product_content\" data-id=\"e24b901\" data-element_type=\"widget\" data-widget_type=\"wd_single_product_content.default\">\n<div class=\"elementor-widget-container\">\n<div class=\"pd-row\">\n<div class=\"pd-100\">\n<h2>Remolque de jard\u00edn 201 KIPP 750 kg con toldo<\/h2>\n<p>Remolque de jard\u00edn 201 KIPP 750 kg (peso bruto vehicular m\u00e1ximo), versi\u00f3n con un <strong>toldo de 80 cm<\/strong>. Esto le permite transportar hasta <strong>626 kg de carga<\/strong> (con el peso bruto vehicular de 750 kg) en el <strong>suelo de 200\u00d7125 cm<\/strong> y con los <strong>laterales de 30 cm<\/strong>.<\/p>\n<p>&nbsp;<\/p>\n<\/div>\n<p>&nbsp;<\/p>\n<\/div>\n<div class=\"pd-row\">\n<div class=\"pd-100\">\n<h2>Entregado en 24 horas en su hogar con todos los documentos para el registro del remolque<\/h2>\n<p>Remolque ligero de 750 kg se entrega <strong>montado<\/strong> sobre un pallet. Simplemente atornille el panel trasero del pallet y monte el soporte de rodillo y el de&#8230;<\/p>","protected":false},"excerpt":{"rendered":"<div class=\"pd-row pd-middle description__flex-column-reverse\">\n<div class=\"pd-50\">\n<ul>\n<li><strong>tableros de pl\u00e1stico<\/strong> &#8211; duraderos, inoxidables, dan al remolque una apariencia moderna<\/li>\n<li><strong>eliminaci\u00f3n r\u00e1pida y f\u00e1cil<\/strong> de la puerta trasera<\/li>\n<li><strong>luces traseras ocultas<\/strong> en la puerta trasera para protegerlas de da\u00f1os<\/li>\n<li>una amplia gama de accesorios y <strong>repuestos<\/strong> disponibles directamente<\/li>\n<li>entrega directa a la direcci\u00f3n que usted indique, <strong>sin necesidad de salir de casa<\/strong> &#8211; env\u00edo dentro de 24 horas y <strong>entrega en una semana<\/strong><\/li>\n<\/ul>\n<\/div>\n<p>&nbsp;<\/p>\n<\/div>\n<div class=\"pd-row pd-middle\">\n<div class=\"pd-50\">\n<h2>Especificaciones t\u00e9cnicas del remolque de jard\u00edn de 750 kg 201 KIPP<\/h2>\n<ul>\n<li><strong>CHASIS<\/strong> &#8211; <strong>eje de nueva generaci\u00f3n<\/strong>, fabricado por un productor de renombre <strong>AL-KO<\/strong> o <strong>KNOTT<\/strong>, con <strong>barras de torsi\u00f3n de goma<\/strong>, lo que garantiza buenas condiciones de conducci\u00f3n.<\/li>\n<li><strong>Enganche plegable<\/strong>, con una caja de enganche equipada con un <strong>indicador de enganche correcto<\/strong>.<\/li>\n<li><strong>Ruedas para todas las estaciones<\/strong> 155\/70 en tama\u00f1o de 13 pulgadas amortiguan baches y aseguran un viaje c\u00f3modo.<\/li>\n<li>El marco del remolque est\u00e1 hecho de <strong>acero galvanizado perfilado<\/strong> y atornillado.<\/li>\n<li><strong><br \/>","protected":false},"featured_media":6907,"comment_status":"open","ping_status":"closed","template":"","meta":[],"product_brand":[],"product_cat":[138],"product_tag":[],"class_list":{"0":"post-6857","1":"product","2":"type-product","3":"status-publish","4":"has-post-thumbnail","6":"product_cat-remorques","8":"first","9":"instock","10":"taxable","11":"shipping-taxable","12":"purchasable","13":"product-type-simple"},"_links":{"self":[{"href":"https:\/\/cabashippinginternational.com\/en\/wp-json\/wp\/v2\/product\/6857","targetHints":{"allow":["GET"]}}],"collection":[{"href":"https:\/\/cabashippinginternational.com\/en\/wp-json\/wp\/v2\/product"}],"about":[{"href":"https:\/\/cabashippinginternational.com\/en\/wp-json\/wp\/v2\/types\/product"}],"replies":[{"embeddable":true,"href":"https:\/\/cabashippinginternational.com\/en\/wp-json\/wp\/v2\/comments?post=6857"}],"wp:featuredmedia":[{"embeddable":true,"href":"https:\/\/cabashippinginternational.com\/en\/wp-json\/wp\/v2\/media\/6907"}],"wp:attachment":[{"href":"https:\/\/cabashippinginternational.com\/en\/wp-json\/wp\/v2\/media?parent=6857"}],"wp:term":[{"taxonomy":"product_brand","embeddable":true,"href":"https:\/\/cabashippinginternational.com\/en\/wp-json\/wp\/v2\/product_brand?post=6857"},{"taxonomy":"product_cat","embeddable":true,"href":"https:\/\/cabashippinginternational.com\/en\/wp-json\/wp\/v2\/product_cat?post=6857"},{"taxonomy":"product_tag","embeddable":true,"href":"https:\/\/cabashippinginternational.com\/en\/wp-json\/wp\/v2\/product_tag?post=6857"}],"curies":[{"name":"wp","href":"https:\/\/api.w.org\/{rel}","templated":true}]}}