{"id":6763,"date":"2026-01-07T15:58:42","date_gmt":"2026-01-07T15:58:42","guid":{"rendered":"https:\/\/elektronica-aanhangers-houten.nl\/?post_type=product&#038;p=6763"},"modified":"2026-02-22T04:36:00","modified_gmt":"2026-02-22T04:36:00","slug":"mini-porte-voiture-lionceau-300-1300","status":"publish","type":"product","link":"https:\/\/cabashippinginternational.com\/en\/produit\/mini-porte-voiture-lionceau-300-1300\/","title":{"rendered":"Le\u00f3n cachorro 300 1300 mini autodragador"},"content":{"rendered":"<div class=\"elementor-element elementor-element-1caffc0 elementor-widget elementor-widget-wd_title\" data-id=\"1caffc0\" data-element_type=\"widget\" data-widget_type=\"wd_title.default\">\n<div class=\"elementor-widget-container\">\n<div class=\"title-wrapper set-mb-s reset-last-child wd-title-color-default wd-title-style-default wd-title-size-default text-left\">\n<div class=\"liner-continer\">\n<h4 class=\"woodmart-title-container title wd-fontsize-l\">Descripci\u00f3n<\/h4>\n<\/div>\n<p>Dimensiones principales<\/p>\n<p>\u27a1\ufe0f Longitud \u00fatil de la plataforma: ~ 4 160 mm (4,16 m)<br \/>\n\u27a1\ufe0f Ancho \u00fatil: ~ 1.800 mm (1,80 m)<br \/>\n\ud83d\udc49 Estas dimensiones indican la superficie de la plataforma sobre la cual descansa el autom\u00f3vil.<\/p>\n<p>Para el transporte de un Smart o un autom\u00f3vil peque\u00f1o, esta plataforma de 4,16 m de largo es suficiente.<\/p>\n<p>\u2705 4,16 m de longitud \u00fatil = suficiente para un autom\u00f3vil peque\u00f1o<br \/>\n(un Smart)<br \/>\n\u27a1\ufe0f Hay suficiente espacio para rodar y asegurar el autom\u00f3vil.<\/p>\n<\/div>\n<\/div>\n<\/div>\n<div class=\"elementor-element elementor-element-e24b901 wd-single-content elementor-widget elementor-widget-wd_single_product_content\" data-id=\"e24b901\" data-element_type=\"widget\" data-widget_type=\"wd_single_product_content.default\">\n<div class=\"elementor-widget-container\">\n<div class=\"Description-header\">\n<p class=\"Description-title\">Lionceau 300 1300 mini transportador de autom\u00f3viles<\/p>\n<p>&nbsp;<\/p>\n<\/div>\n<div class=\"Description-items\">\n<div class=\"Description-item\"><span class=\"Description-label\">Peso bruto total permitido en estado cargado (GVW).<br \/>\n<\/span>.<\/p>","protected":false},"excerpt":{"rendered":"<div class=\"Description-item\"><span class=\"Description-value\">Trasero<\/span><\/div>\n<div class=\"Description-item\"><span class=\"Description-label\">Tipo de interruptor<\/span><br \/>\n<span class=\"Description-value\">Gaspoort<\/span><\/div>\n<div class=\"Description-item\"><span class=\"Description-label\">Posici\u00f3n de la rueda<\/span><br \/>\n<span class=\"Description-value\">Interior<\/span><\/div>\n<div class=\"Description-item\"><span class=\"Description-label\">Longitud \u00fatil<\/span><br \/>\n<span class=\"Description-value\">4160 mm.<\/span><\/div>\n<div class=\"Description-item\"><span class=\"Description-label\">Anchura \u00fatil<\/span><br \/>\n<span class=\"Description-value\">1800 mm.<\/span><\/div>","protected":false},"featured_media":6812,"comment_status":"open","ping_status":"closed","template":"","meta":[],"product_brand":[],"product_cat":[138],"product_tag":[],"class_list":{"0":"post-6763","1":"product","2":"type-product","3":"status-publish","4":"has-post-thumbnail","6":"product_cat-remorques","8":"first","9":"instock","10":"taxable","11":"shipping-taxable","12":"purchasable","13":"product-type-simple"},"_links":{"self":[{"href":"https:\/\/cabashippinginternational.com\/en\/wp-json\/wp\/v2\/product\/6763","targetHints":{"allow":["GET"]}}],"collection":[{"href":"https:\/\/cabashippinginternational.com\/en\/wp-json\/wp\/v2\/product"}],"about":[{"href":"https:\/\/cabashippinginternational.com\/en\/wp-json\/wp\/v2\/types\/product"}],"replies":[{"embeddable":true,"href":"https:\/\/cabashippinginternational.com\/en\/wp-json\/wp\/v2\/comments?post=6763"}],"wp:featuredmedia":[{"embeddable":true,"href":"https:\/\/cabashippinginternational.com\/en\/wp-json\/wp\/v2\/media\/6812"}],"wp:attachment":[{"href":"https:\/\/cabashippinginternational.com\/en\/wp-json\/wp\/v2\/media?parent=6763"}],"wp:term":[{"taxonomy":"product_brand","embeddable":true,"href":"https:\/\/cabashippinginternational.com\/en\/wp-json\/wp\/v2\/product_brand?post=6763"},{"taxonomy":"product_cat","embeddable":true,"href":"https:\/\/cabashippinginternational.com\/en\/wp-json\/wp\/v2\/product_cat?post=6763"},{"taxonomy":"product_tag","embeddable":true,"href":"https:\/\/cabashippinginternational.com\/en\/wp-json\/wp\/v2\/product_tag?post=6763"}],"curies":[{"name":"wp","href":"https:\/\/api.w.org\/{rel}","templated":true}]}}