{"id":6761,"date":"2026-01-07T15:58:42","date_gmt":"2026-01-07T15:58:42","guid":{"rendered":"https:\/\/elektronica-aanhangers-houten.nl\/?post_type=product&#038;p=6761"},"modified":"2026-02-22T04:36:21","modified_gmt":"2026-02-22T04:36:21","slug":"lohr-switzerland-tailway-double-450x200-unitrailer","status":"publish","type":"product","link":"https:\/\/cabashippinginternational.com\/en\/produit\/lohr-switzerland-tailway-double-450x200-unitrailer\/","title":{"rendered":"LOHR SUIZA REMOLQUE DOBLE 450\u00d7200 UNIDAD"},"content":{"rendered":"<div class=\"elementor-element elementor-element-1caffc0 elementor-widget elementor-widget-wd_title\" data-id=\"1caffc0\" data-element_type=\"widget\" data-widget_type=\"wd_title.default\">\n<div class=\"elementor-widget-container\">\n<div class=\"title-wrapper set-mb-s reset-last-child wd-title-color-default wd-title-style-default wd-title-size-default text-left\">\n<div class=\"liner-continer\">\n<h4 class=\"woodmart-title-container title wd-fontsize-l\">Descripci\u00f3n<\/h4>\n<\/div>\n<\/div>\n<\/div>\n<\/div>\n<div class=\"elementor-element elementor-element-e24b901 wd-single-content elementor-widget elementor-widget-wd_single_product_content\" data-id=\"e24b901\" data-element_type=\"widget\" data-widget_type=\"wd_single_product_content.default\">\n<div class=\"elementor-widget-container\">\n<div class=\"pd-row pd-middle\">\n<div class=\"pd-50\">\n<h2>Carretilla de doble articulaci\u00f3n UNITRAILER TEMPO 4520 450 x 200 cm<\/h2>\n<p>Un tractor de tres ejes con un peso bruto vehicular de hasta 3000 kg y una superficie de transporte de 4351 x 2157 mm. Gracias a la construcci\u00f3n muy duradera, puedes transportar coches sin preocupaciones, incluso en viajes largos. Las estructuras soldadas y el uso de perfiles reforzados aseguran que los remolques <strong>TEMPO<\/strong> de la serie duren muchos a\u00f1os. El bajo centro de gravedad proporciona un viaje estable en todas las condiciones clim\u00e1ticas. Consulta la oferta a continuaci\u00f3n y haz tu pedido ahora. Entregamos el tractor con un conjunto de documentos en un plazo de 10 a <strong>12 d\u00edas h\u00e1biles<\/strong>.<\/p>\n<div class=\"pd-row pd-middle\">\n<div class=\"pd-50\">\n<p>El st<\/p>","protected":false},"excerpt":{"rendered":"<h2>Documentos y entrega<\/h2>\n<p>Respetamos tu tiempo, por eso entregamos el remolque adquirido en la direcci\u00f3n que nos indiques. No tienes que preocuparte por organizar el transporte de tu remolque, nosotros organizamos el transporte por ti. Todo el papeleo tambi\u00e9n ser\u00e1 preparado por nosotros y entregado junto con el remolque. Tras recibir un juego de documentos, el remolque debe ser registrado y asegurado. Recuerda la inspecci\u00f3n obligatoria despu\u00e9s de 3 a\u00f1os de uso, para que puedas seguir us\u00e1ndolo. <strong>El PMA del veh\u00edculo tractor<\/strong> es <strong>3000 kg<\/strong>, as\u00ed que al hacer el pedido indica el valor correcto del \u00edtem <strong>\u00abO.1\u00bb<\/strong> del documento de registro. Los documentos que enviamos con el env\u00edo son la factura de compra, la homologaci\u00f3n y el certificado de autorizaci\u00f3n. Realizamos pedidos tanto para particulares como para empresas.<\/p>","protected":false},"featured_media":6810,"comment_status":"open","ping_status":"closed","template":"","meta":[],"product_brand":[],"product_cat":[138],"product_tag":[],"class_list":{"0":"post-6761","1":"product","2":"type-product","3":"status-publish","4":"has-post-thumbnail","6":"product_cat-remorques","8":"first","9":"instock","10":"taxable","11":"shipping-taxable","12":"purchasable","13":"product-type-simple"},"_links":{"self":[{"href":"https:\/\/cabashippinginternational.com\/en\/wp-json\/wp\/v2\/product\/6761","targetHints":{"allow":["GET"]}}],"collection":[{"href":"https:\/\/cabashippinginternational.com\/en\/wp-json\/wp\/v2\/product"}],"about":[{"href":"https:\/\/cabashippinginternational.com\/en\/wp-json\/wp\/v2\/types\/product"}],"replies":[{"embeddable":true,"href":"https:\/\/cabashippinginternational.com\/en\/wp-json\/wp\/v2\/comments?post=6761"}],"wp:featuredmedia":[{"embeddable":true,"href":"https:\/\/cabashippinginternational.com\/en\/wp-json\/wp\/v2\/media\/6810"}],"wp:attachment":[{"href":"https:\/\/cabashippinginternational.com\/en\/wp-json\/wp\/v2\/media?parent=6761"}],"wp:term":[{"taxonomy":"product_brand","embeddable":true,"href":"https:\/\/cabashippinginternational.com\/en\/wp-json\/wp\/v2\/product_brand?post=6761"},{"taxonomy":"product_cat","embeddable":true,"href":"https:\/\/cabashippinginternational.com\/en\/wp-json\/wp\/v2\/product_cat?post=6761"},{"taxonomy":"product_tag","embeddable":true,"href":"https:\/\/cabashippinginternational.com\/en\/wp-json\/wp\/v2\/product_tag?post=6761"}],"curies":[{"name":"wp","href":"https:\/\/api.w.org\/{rel}","templated":true}]}}