{"id":6664,"date":"2026-01-07T15:48:31","date_gmt":"2026-01-07T15:48:31","guid":{"rendered":"https:\/\/elektronica-aanhangers-houten.nl\/?post_type=product&#038;p=6664"},"modified":"2026-02-22T08:25:20","modified_gmt":"2026-02-22T08:25:20","slug":"roulettes-pour-conteneur","status":"publish","type":"product","link":"https:\/\/cabashippinginternational.com\/en\/produit\/roulettes-pour-conteneur\/","title":{"rendered":"Ruedas para contenedores"},"content":{"rendered":"<h2>Contenedor sobre ruedas: f\u00e1cil movimiento hecho<\/h2>\n<p>Simplifique el <b>movimiento de sus contenedores<\/b> con nuestras ruedas para contenedores, de modo que no se necesite gr\u00faa. Nuestras ruedas giratorias est\u00e1n dise\u00f1adas para mover contenedores grandes y pesados sin esfuerzo de un punto a otro.<\/p>\n<p>Este conjunto de contenedores, que consta de tres hilos, es ideal para la instalaci\u00f3n en todas las seis mangueras ISO. Con hilos de un di\u00e1metro de 150 mm, estos contenedores son los m\u00e1s adecuados para un uso intensivo y garantizan la m\u00e1xima movilidad.<\/p>\n<p>Aproveche una instalaci\u00f3n sencilla gracias a nuestro sistema de contenedores, que facilita la maniobra del contenedor. Para una movilidad \u00f3ptima, recomendamos utilizar una superficie lisa.<\/p>\n<p>Elija nuestras ruedas para contenedores para una soluci\u00f3n eficiente y pr\u00e1ctica. Mejore la maniobrabilidad y flexibilidad de sus actividades de transporte, transbordo y log\u00edstica.<\/p>","protected":false},"excerpt":{"rendered":"<p>Mueva f\u00e1cilmente su contenedor mar\u00edtimo, contenedor de almacenamiento o contenedor refrigerado con <b>ruedas para contenedores<\/b>. El kit se entrega con patines removibles que est\u00e1n dise\u00f1ados espec\u00edficamente para mover contenedores. El kit incluye 4 ruedas peque\u00f1as:<\/p>\n<ul>\n<li aria-level=\"1\">Juego de <b>4 ruedas giratorias<\/b> con un twistlock en la parte superior.<\/li>\n<li aria-level=\"1\"><b>Carga m\u00e1xima<\/b>: 3.000 kg\/por rueda.<\/li>\n<li aria-level=\"1\"><b>Rotaci\u00f3n:<\/b> hasta 180 grados.<\/li>\n<li aria-level=\"1\"><b>Di\u00e1metro de la rueda<\/b>: 150 mm.<\/li>\n<li aria-level=\"1\"><b>Peso total<\/b> por rueda: 27 kg.<\/li>\n<li aria-level=\"1\">Recubrimiento de vulcanizado\/poliuretano para mayor durabilidad y menos vibraciones.<\/li>\n<\/ul>","protected":false},"featured_media":6736,"comment_status":"open","ping_status":"closed","template":"","meta":[],"product_brand":[],"product_cat":[139],"product_tag":[],"class_list":{"0":"post-6664","1":"product","2":"type-product","3":"status-publish","4":"has-post-thumbnail","6":"product_cat-uncategorized","8":"first","9":"instock","10":"sale","11":"taxable","12":"shipping-taxable","13":"purchasable","14":"product-type-simple"},"_links":{"self":[{"href":"https:\/\/cabashippinginternational.com\/en\/wp-json\/wp\/v2\/product\/6664","targetHints":{"allow":["GET"]}}],"collection":[{"href":"https:\/\/cabashippinginternational.com\/en\/wp-json\/wp\/v2\/product"}],"about":[{"href":"https:\/\/cabashippinginternational.com\/en\/wp-json\/wp\/v2\/types\/product"}],"replies":[{"embeddable":true,"href":"https:\/\/cabashippinginternational.com\/en\/wp-json\/wp\/v2\/comments?post=6664"}],"wp:featuredmedia":[{"embeddable":true,"href":"https:\/\/cabashippinginternational.com\/en\/wp-json\/wp\/v2\/media\/6736"}],"wp:attachment":[{"href":"https:\/\/cabashippinginternational.com\/en\/wp-json\/wp\/v2\/media?parent=6664"}],"wp:term":[{"taxonomy":"product_brand","embeddable":true,"href":"https:\/\/cabashippinginternational.com\/en\/wp-json\/wp\/v2\/product_brand?post=6664"},{"taxonomy":"product_cat","embeddable":true,"href":"https:\/\/cabashippinginternational.com\/en\/wp-json\/wp\/v2\/product_cat?post=6664"},{"taxonomy":"product_tag","embeddable":true,"href":"https:\/\/cabashippinginternational.com\/en\/wp-json\/wp\/v2\/product_tag?post=6664"}],"curies":[{"name":"wp","href":"https:\/\/api.w.org\/{rel}","templated":true}]}}