{"id":6663,"date":"2026-01-07T15:48:31","date_gmt":"2026-01-07T15:48:31","guid":{"rendered":"https:\/\/elektronica-aanhangers-houten.nl\/?post_type=product&#038;p=6663"},"modified":"2026-02-22T08:25:29","modified_gmt":"2026-02-22T08:25:29","slug":"unite-residentielle-24-m%c2%b2-avec-cuisine-chambre-salle-de-bain","status":"publish","type":"product","link":"https:\/\/cabashippinginternational.com\/en\/produit\/unite-residentielle-24-m%c2%b2-avec-cuisine-chambre-salle-de-bain\/","title":{"rendered":"Unidad de vivienda de 24 m\u00b2 &#8211; Con cocina, dormitorio y ba\u00f1o"},"content":{"rendered":"<div class=\"woocommerce-tabs wc-tabs-wrapper\">\n<div id=\"tab-description\" class=\"woocommerce-Tabs-panel woocommerce-Tabs-panel--description panel entry-content wc-tab\" role=\"tabpanel\" aria-labelledby=\"tab-title-description\">\n<p class=\"\" data-start=\"1306\" data-end=\"1648\"><strong data-start=\"1308\" data-end=\"1357\">Condici\u00f3n del m\u00f3dulo: Usado en excelente estado<\/strong><br data-start=\"1357\" data-end=\"1360\" \/>Este m\u00f3dulo es <strong data-start=\"1374\" data-end=\"1388\">de segunda mano<\/strong>, pero ha sido <strong data-start=\"1401\" data-end=\"1453\">cuidadosamente revisado, limpiado y mejorado<\/strong>. Todo el equipo funciona, la carpinter\u00eda est\u00e1 en perfecto estado y el interior est\u00e1 limpio. Es f\u00e1cil de instalar y se puede <strong data-start=\"1617\" data-end=\"1647\">usar de inmediato sin trabajo<\/strong>.<\/p>\n<p class=\"\" data-start=\"1650\" data-end=\"1791\"><strong data-start=\"1653\" data-end=\"1688\">Unidad habitacional llave en mano<\/strong><br data-start=\"1688\" data-end=\"1691\" \/>Dise\u00f1ada como <strong data-start=\"1706\" data-end=\"1739\">un refugio completamente habitable<\/strong>, este m\u00f3dulo de 24 m\u00b2 es ideal como:<\/p>\n<ul data-start=\"1792\" data-end=\"1961\">\n<li class=\"\" data-start=\"1792\" data-end=\"1822\">\n<p class=\"\" data-start=\"1794\" data-end=\"1822\">Casa de jard\u00edn habitable<\/p>\n<\/li>\n<li class=\"\" data-start=\"1823\" data-end=\"1862\">\n<p class=\"\" data-start=\"1825\" data-end=\"1862\">Habitaci\u00f3n de invitados con todas las comodidades<\/p>\n<\/li>\n<li class=\"\" data-start=\"1863\" data-end=\"1902\">\n<p c","protected":false},"excerpt":{"rendered":"<p>Unidad habitacional de segunda mano en <strong data-start=\"924\" data-end=\"942\">excelente estado<\/strong>, superficie de 24 m\u00b2 con sala de estar + kitchenette, dormitorio separado y ba\u00f1o equipado. Doble acristalamiento, aislamiento para 4 estaciones, calefacci\u00f3n el\u00e9ctrica. Ideal como alojamiento adicional o casa de jard\u00edn habitable.<\/p>","protected":false},"featured_media":6722,"comment_status":"open","ping_status":"closed","template":"","meta":[],"product_brand":[],"product_cat":[139],"product_tag":[],"class_list":{"0":"post-6663","1":"product","2":"type-product","3":"status-publish","4":"has-post-thumbnail","6":"product_cat-uncategorized","8":"first","9":"instock","10":"sale","11":"taxable","12":"shipping-taxable","13":"purchasable","14":"product-type-simple"},"_links":{"self":[{"href":"https:\/\/cabashippinginternational.com\/en\/wp-json\/wp\/v2\/product\/6663","targetHints":{"allow":["GET"]}}],"collection":[{"href":"https:\/\/cabashippinginternational.com\/en\/wp-json\/wp\/v2\/product"}],"about":[{"href":"https:\/\/cabashippinginternational.com\/en\/wp-json\/wp\/v2\/types\/product"}],"replies":[{"embeddable":true,"href":"https:\/\/cabashippinginternational.com\/en\/wp-json\/wp\/v2\/comments?post=6663"}],"wp:featuredmedia":[{"embeddable":true,"href":"https:\/\/cabashippinginternational.com\/en\/wp-json\/wp\/v2\/media\/6722"}],"wp:attachment":[{"href":"https:\/\/cabashippinginternational.com\/en\/wp-json\/wp\/v2\/media?parent=6663"}],"wp:term":[{"taxonomy":"product_brand","embeddable":true,"href":"https:\/\/cabashippinginternational.com\/en\/wp-json\/wp\/v2\/product_brand?post=6663"},{"taxonomy":"product_cat","embeddable":true,"href":"https:\/\/cabashippinginternational.com\/en\/wp-json\/wp\/v2\/product_cat?post=6663"},{"taxonomy":"product_tag","embeddable":true,"href":"https:\/\/cabashippinginternational.com\/en\/wp-json\/wp\/v2\/product_tag?post=6663"}],"curies":[{"name":"wp","href":"https:\/\/api.w.org\/{rel}","templated":true}]}}