{"id":6662,"date":"2026-01-07T15:48:31","date_gmt":"2026-01-07T15:48:31","guid":{"rendered":"https:\/\/elektronica-aanhangers-houten.nl\/?post_type=product&#038;p=6662"},"modified":"2026-02-22T08:25:42","modified_gmt":"2026-02-22T08:25:42","slug":"chalet-de-jardin-habitable-6x3-helsinki-avec-des-fenetres-sur-le-cote-gauche","status":"publish","type":"product","link":"https:\/\/cabashippinginternational.com\/en\/produit\/chalet-de-jardin-habitable-6x3-helsinki-avec-des-fenetres-sur-le-cote-gauche\/","title":{"rendered":"Woontuin chalet 6\u00d73 Helsinki con ventanas a la izquierda."},"content":{"rendered":"<p>De Helsinki, la casa de jard\u00edn se distingue por su dise\u00f1o aislado y elegante acabado en paneles de composite imitaci\u00f3n madera, combinando una est\u00e9tica moderna con una atm\u00f3sfera c\u00e1lida y acogedora. En pocas palabras, es un dise\u00f1o dram\u00e1tico que es tanto funcional (gracias al aislamiento) como visualmente atractivo (con sus l\u00edneas limpias), ideal para un dise\u00f1o interior c\u00f3modo y eficiente.<\/p>\n<p>El dispositivo debe ser instalado de tal manera que se pueda instalar f\u00e1cilmente. Ya sea que se utilice como espacio de trabajo, \u00e1rea recreativa o alojamiento para hu\u00e9spedes, la versatilidad y el acabado elegante lo convierten en una valiosa adici\u00f3n a cualquier entorno. Para garantizar una instalaci\u00f3n fluida, los servicios de gr\u00faas profesionales pueden gestionar la colocaci\u00f3n y adaptarse a las diferentes condiciones en el lugar. Este enfoque no solo es una soluci\u00f3n pr\u00e1ctica, sino tambi\u00e9n una estructura moderna y avanzada, dise\u00f1ada para una amplia gama de aplicaciones.<\/p>\n<p>&nbsp;<\/p>\n<h2>\u00bfPor qu\u00e9 comprar estas casas de jard\u00edn premontadas?<\/p>\n<div>\n<p>Estas casas de jard\u00edn premontadas son la elecci\u00f3n perfecta para cualquiera que busque una manera sencilla de mejorar su espacio exterior. Se entregan completamente montadas, listas para usar de inmediato y te permiten transformar tu jard\u00edn en un espacio funcional para almacenamiento, relajaci\u00f3n o trabajo, sin necesidad de instalar nada t\u00fa mismo.<\/p>\n<p>Adem\u00e1s, el equipo de entrega se encarga con precisi\u00f3n de la instalaci\u00f3n.<\/p>","protected":false},"excerpt":{"rendered":"<div class=\"elementor-element elementor-element-565242b4 elementor-widget elementor-widget-heading\" data-id=\"565242b4\" data-element_type=\"widget\" data-widget_type=\"heading.default\">\n<div class=\"elementor-widget-container\">\n<h3 class=\"elementor-heading-title elementor-size-default\">Ventajas y desventajas<\/h3>\n<\/div>\n<\/div>\n<div class=\"elementor-element elementor-element-16cf09d5 e-con-full e-flex e-con e-child\" data-id=\"16cf09d5\" data-element_type=\"container\">\n<div class=\"elementor-element elementor-element-51193854 elementor-icon-list--layout-traditional elementor-list-item-link-full_width elementor-widget elementor-widget-icon-list\" data-id=\"51193854\" data-element_type=\"widget\" data-widget_type=\"icon-list.default\">\n<div class=\"elementor-widget-container\">\n<ul class=\"elementor-icon-list-items\">\n<li class=\"elementor-icon-list-item\"><span class=\"elementor-icon-list-text\">Las unidades se entregan completamente montadas y est\u00e1n listas para su uso inmediato.<\/span><\/li>\n<li class=\"elementor-icon-list-item\"><span class=\"elementor-icon-list-text\">Materiales duraderos y aislamiento las hacen adecuadas para todas las estaciones.<\/span><\/li>\n<li class=\"elementor-icon-list-item\"><span class=\"elementor-icon-list-text\">El dise\u00f1o elegante y el tama\u00f1o compacto son adecuados tanto para espacios urbanos como rurales.<\/span><\/li>\n<li class=\"elementor-icon-list-item\"><span class=\"elementor-icon-list-text\">Los materiales de alta calidad y resistentes a la intemperie requieren un mantenimiento m\u00ednimo.<\/span><\/li>","protected":false},"featured_media":6712,"comment_status":"open","ping_status":"closed","template":"","meta":[],"product_brand":[],"product_cat":[139],"product_tag":[],"class_list":{"0":"post-6662","1":"product","2":"type-product","3":"status-publish","4":"has-post-thumbnail","6":"product_cat-uncategorized","8":"first","9":"instock","10":"sale","11":"taxable","12":"shipping-taxable","13":"purchasable","14":"product-type-simple"},"_links":{"self":[{"href":"https:\/\/cabashippinginternational.com\/en\/wp-json\/wp\/v2\/product\/6662","targetHints":{"allow":["GET"]}}],"collection":[{"href":"https:\/\/cabashippinginternational.com\/en\/wp-json\/wp\/v2\/product"}],"about":[{"href":"https:\/\/cabashippinginternational.com\/en\/wp-json\/wp\/v2\/types\/product"}],"replies":[{"embeddable":true,"href":"https:\/\/cabashippinginternational.com\/en\/wp-json\/wp\/v2\/comments?post=6662"}],"wp:featuredmedia":[{"embeddable":true,"href":"https:\/\/cabashippinginternational.com\/en\/wp-json\/wp\/v2\/media\/6712"}],"wp:attachment":[{"href":"https:\/\/cabashippinginternational.com\/en\/wp-json\/wp\/v2\/media?parent=6662"}],"wp:term":[{"taxonomy":"product_brand","embeddable":true,"href":"https:\/\/cabashippinginternational.com\/en\/wp-json\/wp\/v2\/product_brand?post=6662"},{"taxonomy":"product_cat","embeddable":true,"href":"https:\/\/cabashippinginternational.com\/en\/wp-json\/wp\/v2\/product_cat?post=6662"},{"taxonomy":"product_tag","embeddable":true,"href":"https:\/\/cabashippinginternational.com\/en\/wp-json\/wp\/v2\/product_tag?post=6662"}],"curies":[{"name":"wp","href":"https:\/\/api.w.org\/{rel}","templated":true}]}}